{"id":29020,"date":"2022-08-09T20:35:59","date_gmt":"2022-08-09T18:35:59","guid":{"rendered":"https:\/\/afgassurancesmadagascar.com\/?page_id=29020"},"modified":"2024-06-11T02:50:03","modified_gmt":"2024-06-10T23:50:03","slug":"le-groupe-afg","status":"publish","type":"page","link":"https:\/\/afgassurancesmadagascar.com\/en\/le-groupe-afg\/","title":{"rendered":"Le groupe AFG"},"content":{"rendered":"\t\t<div data-elementor-type=\"wp-page\" data-elementor-id=\"29020\" class=\"elementor elementor-29020\" data-elementor-post-type=\"page\">\n\t\t\t\t\t\t<section class=\"elementor-section elementor-top-section elementor-element elementor-element-4cd9f35 elementor-section-height-min-height elementor-section-boxed elementor-section-height-default elementor-section-items-middle\" data-id=\"4cd9f35\" data-element_type=\"section\" data-e-type=\"section\" data-settings=\"{&quot;background_background&quot;:&quot;classic&quot;}\">\n\t\t\t\t\t\t\t<div class=\"elementor-background-overlay\"><\/div>\n\t\t\t\t\t\t\t<div class=\"elementor-container elementor-column-gap-default\">\n\t\t\t\t\t<div class=\"elementor-column elementor-col-100 elementor-top-column elementor-element elementor-element-fd6b0e6\" data-id=\"fd6b0e6\" data-element_type=\"column\" data-e-type=\"column\">\n\t\t\t<div class=\"elementor-widget-wrap elementor-element-populated\">\n\t\t\t\t\t\t<div class=\"elementor-element elementor-element-9bf5fae elementor-widget elementor-widget-heading\" data-id=\"9bf5fae\" data-element_type=\"widget\" data-e-type=\"widget\" data-widget_type=\"heading.default\">\n\t\t\t\t<div class=\"elementor-widget-container\">\n\t\t\t\t\t<h1 class=\"elementor-heading-title elementor-size-xxl\">Le Groupe AFG<\/h1>\t\t\t\t<\/div>\n\t\t\t\t<\/div>\n\t\t\t\t\t<\/div>\n\t\t<\/div>\n\t\t\t\t\t<\/div>\n\t\t<\/section>\n\t\t\t\t<section class=\"elementor-section elementor-top-section elementor-element elementor-element-bc73b76 elementor-section-boxed elementor-section-height-default elementor-section-height-default\" data-id=\"bc73b76\" data-element_type=\"section\" data-e-type=\"section\">\n\t\t\t\t\t\t<div class=\"elementor-container elementor-column-gap-default\">\n\t\t\t\t\t<div class=\"elementor-column elementor-col-100 elementor-top-column elementor-element elementor-element-64f4b59\" data-id=\"64f4b59\" data-element_type=\"column\" data-e-type=\"column\">\n\t\t\t<div class=\"elementor-widget-wrap elementor-element-populated\">\n\t\t\t\t\t\t<div class=\"elementor-element elementor-element-10ffb99 elementor-widget elementor-widget-spacer\" data-id=\"10ffb99\" data-element_type=\"widget\" data-e-type=\"widget\" data-widget_type=\"spacer.default\">\n\t\t\t\t<div class=\"elementor-widget-container\">\n\t\t\t\t\t\t\t<div class=\"elementor-spacer\">\n\t\t\t<div class=\"elementor-spacer-inner\"><\/div>\n\t\t<\/div>\n\t\t\t\t\t\t<\/div>\n\t\t\t\t<\/div>\n\t\t\t\t\t<\/div>\n\t\t<\/div>\n\t\t\t\t\t<\/div>\n\t\t<\/section>\n\t\t\t\t<section class=\"elementor-section elementor-top-section elementor-element elementor-element-b7416e0 elementor-section-boxed elementor-section-height-default elementor-section-height-default\" data-id=\"b7416e0\" data-element_type=\"section\" data-e-type=\"section\">\n\t\t\t\t\t\t<div class=\"elementor-container elementor-column-gap-default\">\n\t\t\t\t\t<div class=\"elementor-column elementor-col-50 elementor-top-column elementor-element elementor-element-8199499\" data-id=\"8199499\" data-element_type=\"column\" data-e-type=\"column\">\n\t\t\t<div class=\"elementor-widget-wrap elementor-element-populated\">\n\t\t\t\t\t\t<div class=\"elementor-element elementor-element-2f3e355 elementor-widget elementor-widget-heading\" data-id=\"2f3e355\" data-element_type=\"widget\" data-e-type=\"widget\" data-widget_type=\"heading.default\">\n\t\t\t\t<div class=\"elementor-widget-container\">\n\t\t\t\t\t<h3 class=\"elementor-heading-title elementor-size-default\">Le groupe AFG<\/h3>\t\t\t\t<\/div>\n\t\t\t\t<\/div>\n\t\t\t\t<div class=\"elementor-element elementor-element-270089a elementor-widget elementor-widget-text-editor\" data-id=\"270089a\" data-element_type=\"widget\" data-e-type=\"widget\" data-widget_type=\"text-editor.default\">\n\t\t\t\t<div class=\"elementor-widget-container\">\n\t\t\t\t\t\t\t\t\t<p style=\"text-align: justify;\">Fond\u00e9 en 2006 par l\u2019homme d\u2019affaire ivoirien <span style=\"color: #089a44;\"><b>KON\u00c9 DOSSONGUI<\/b><\/span>, Atlantic Financial Group (AFG) est la holding financi\u00e8re (banque et assurance) de Atlantic Group, qui outre ces secteurs d\u2019activit\u00e9 \u00e9volue dans l\u2019agriculture (plantations d\u2019h\u00e9v\u00e9a, de palmier \u00e0 huile, d\u2019agrumes etc.), l\u2019agro-industrie (transformation de cacao), l\u2019industrie (cimenterie et minoterie), l\u2019h\u00f4tellerie, ainsi que les T\u00e9l\u00e9coms.<\/p>\t\t\t\t\t\t\t\t<\/div>\n\t\t\t\t<\/div>\n\t\t\t\t<div class=\"elementor-element elementor-element-61cc27f elementor-widget elementor-widget-heading\" data-id=\"61cc27f\" data-element_type=\"widget\" data-e-type=\"widget\" data-widget_type=\"heading.default\">\n\t\t\t\t<div class=\"elementor-widget-container\">\n\t\t\t\t\t<h4 class=\"elementor-heading-title elementor-size-default\">Activit\u00e9 bancaire\n\n\n\n\n<\/h4>\t\t\t\t<\/div>\n\t\t\t\t<\/div>\n\t\t\t\t<div class=\"elementor-element elementor-element-77d274e elementor-widget elementor-widget-text-editor\" data-id=\"77d274e\" data-element_type=\"widget\" data-e-type=\"widget\" data-widget_type=\"text-editor.default\">\n\t\t\t\t<div class=\"elementor-widget-container\">\n\t\t\t\t\t\t\t\t\t<p style=\"text-align: justify;\">Apr\u00e8s avoir c\u00e9der au Groupe marocain BCP la majorit\u00e9 de ses parts dans les filiales bancaires d\u2019Afrique de l\u2019Ouest en 2012, <strong><span style=\"color: #225a90;\">AFG<\/span><\/strong> a gard\u00e9 le contr\u00f4le de la banque atlantique Cameroun. En 2019, le groupe s\u2019est port\u00e9 candidat \u00e0 l\u2019acquisition de filiales de la BNP Paribas dans plusieurs pays et est d\u00e9sormais actionnaire majoritaire de la Banque Internationale pour le Commerce et l\u2019Industrie du Mali (BICIM) \u00e0 hauteur de 85%, de la Banque Internationale pour le Commerce et l\u2019Industrie du Gabon (BICIG) \u00e0 hauteur de 52% et de la Banque pour l\u2019Industrie et le Commerce des Comores (BIC Comores) \u00e0 hauteur de 51%.<\/p>\t\t\t\t\t\t\t\t<\/div>\n\t\t\t\t<\/div>\n\t\t\t\t<div class=\"elementor-element elementor-element-4e4d1a8 elementor-widget elementor-widget-heading\" data-id=\"4e4d1a8\" data-element_type=\"widget\" data-e-type=\"widget\" data-widget_type=\"heading.default\">\n\t\t\t\t<div class=\"elementor-widget-container\">\n\t\t\t\t\t<h4 class=\"elementor-heading-title elementor-size-default\">Assurance<\/h4>\t\t\t\t<\/div>\n\t\t\t\t<\/div>\n\t\t\t\t<div class=\"elementor-element elementor-element-4f8d390 elementor-widget elementor-widget-text-editor\" data-id=\"4f8d390\" data-element_type=\"widget\" data-e-type=\"widget\" data-widget_type=\"text-editor.default\">\n\t\t\t\t<div class=\"elementor-widget-container\">\n\t\t\t\t\t\t\t\t\t<p>Le Groupe d\u00e9tient \u00e9galement quatre autres filiales d\u2019Assurance que sont :<\/p><ul><li>Atlantique Assurance Vie du B\u00e9nin (AAB-Vie)<\/li><li>Atlantique Assurance du B\u00e9nin IARDT (AAB-IARDT)<\/li><li>Atlantique Assurance du Cameroun \u2013 IARDT (AACM-IARDT)<\/li><li>Atlantique Assurance du Mali IARDT (AAML- IARDT)<\/li><\/ul>\t\t\t\t\t\t\t\t<\/div>\n\t\t\t\t<\/div>\n\t\t\t\t\t<\/div>\n\t\t<\/div>\n\t\t\t\t<div class=\"elementor-column elementor-col-50 elementor-top-column elementor-element elementor-element-9674674\" data-id=\"9674674\" data-element_type=\"column\" data-e-type=\"column\">\n\t\t\t<div class=\"elementor-widget-wrap elementor-element-populated\">\n\t\t\t\t\t\t<div class=\"elementor-element elementor-element-0f9f257 elementor-widget elementor-widget-image\" data-id=\"0f9f257\" data-element_type=\"widget\" data-e-type=\"widget\" data-widget_type=\"image.default\">\n\t\t\t\t<div class=\"elementor-widget-container\">\n\t\t\t\t\t\t\t\t\t\t\t\t\t\t\t<img fetchpriority=\"high\" decoding=\"async\" width=\"1024\" height=\"683\" src=\"https:\/\/afgassurancesmadagascar.com\/wp-content\/uploads\/2022\/11\/afgassur-dossongui-atlantic-cocoa-1024x683.jpg\" class=\"attachment-large size-large wp-image-31032\" alt=\"\" srcset=\"https:\/\/afgassurancesmadagascar.com\/wp-content\/uploads\/2022\/11\/afgassur-dossongui-atlantic-cocoa-1024x683.jpg 1024w, https:\/\/afgassurancesmadagascar.com\/wp-content\/uploads\/2022\/11\/afgassur-dossongui-atlantic-cocoa-300x200.jpg 300w, https:\/\/afgassurancesmadagascar.com\/wp-content\/uploads\/2022\/11\/afgassur-dossongui-atlantic-cocoa-768x512.jpg 768w, https:\/\/afgassurancesmadagascar.com\/wp-content\/uploads\/2022\/11\/afgassur-dossongui-atlantic-cocoa-1536x1024.jpg 1536w, https:\/\/afgassurancesmadagascar.com\/wp-content\/uploads\/2022\/11\/afgassur-dossongui-atlantic-cocoa-2048x1365.jpg 2048w\" sizes=\"(max-width: 1024px) 100vw, 1024px\" \/>\t\t\t\t\t\t\t\t\t\t\t\t\t\t\t<\/div>\n\t\t\t\t<\/div>\n\t\t\t\t<div class=\"elementor-element elementor-element-291a696 elementor-widget elementor-widget-heading\" data-id=\"291a696\" data-element_type=\"widget\" data-e-type=\"widget\" data-widget_type=\"heading.default\">\n\t\t\t\t<div class=\"elementor-widget-container\">\n\t\t\t\t\t<h4 class=\"elementor-heading-title elementor-size-default\">Autres activit\u00e9s de Atlantic Group<\/h4>\t\t\t\t<\/div>\n\t\t\t\t<\/div>\n\t\t\t\t<div class=\"elementor-element elementor-element-40519b3 elementor-widget elementor-widget-text-editor\" data-id=\"40519b3\" data-element_type=\"widget\" data-e-type=\"widget\" data-widget_type=\"text-editor.default\">\n\t\t\t\t<div class=\"elementor-widget-container\">\n\t\t\t\t\t\t\t\t\t<p style=\"text-align: justify;\">Conscient que l\u2019un des d\u00e9fis majeurs pour le continent africain est la transformation de ses mati\u00e8res premi\u00e8res, le Atlantic Group s\u2019est lanc\u00e9 dans la transformation de cacao dans deux (2) pays cl\u00e9s qui sont des acteurs majeurs de la production du cacao: la C\u00f4te d\u2019Ivoire (40% du volume mondial de production du cacao) et le Cameroun (5% du volume mondial de production du cacao).<\/p><p>Le Groupe d\u00e9tient \u00e9galement au Cameroun une filiale technologique d\u00e9nomm\u00e9e DBS (Digital Business Solution) pour assoir la digitalisation des services bancaires et assurantiels et contribuer efficacement \u00e0 l\u2019inclusion financi\u00e8re sur tous les march\u00e9s de sa pr\u00e9sence.<\/p><p>Atlantic Group d\u00e9tient une cimenterie en C\u00f4te d\u2019Ivoire et \u00e9tudie la possibilit\u00e9 d\u2019en ouvrir une autre de m\u00eame capacit\u00e9 au Cameroun. Les travaux pour l\u2019installation d\u2019une minoterie au B\u00e9nin sont aussi actuellement en cours.<\/p>\t\t\t\t\t\t\t\t<\/div>\n\t\t\t\t<\/div>\n\t\t\t\t\t<\/div>\n\t\t<\/div>\n\t\t\t\t\t<\/div>\n\t\t<\/section>\n\t\t\t\t<\/div>\n\t\t","protected":false},"excerpt":{"rendered":"<p>Le Groupe AFG Le groupe AFG Fond\u00e9 en 2006 par l\u2019homme d\u2019affaire ivoirien KON\u00c9 DOSSONGUI, Atlantic Financial Group (AFG) est la holding financi\u00e8re (banque et assurance) de Atlantic Group, qui outre ces secteurs d\u2019activit\u00e9 \u00e9volue dans l\u2019agriculture (plantations d\u2019h\u00e9v\u00e9a, de palmier \u00e0 huile, d\u2019agrumes etc.), l\u2019agro-industrie (transformation de cacao), l\u2019industrie (cimenterie et minoterie), l\u2019h\u00f4tellerie, ainsi [&hellip;]<\/p>\n","protected":false},"author":1,"featured_media":0,"parent":0,"menu_order":0,"comment_status":"closed","ping_status":"closed","template":"elementor_header_footer","meta":{"_acf_changed":false,"footnotes":""},"class_list":["post-29020","page","type-page","status-publish","hentry"],"acf":[],"_links":{"self":[{"href":"https:\/\/afgassurancesmadagascar.com\/en\/wp-json\/wp\/v2\/pages\/29020","targetHints":{"allow":["GET"]}}],"collection":[{"href":"https:\/\/afgassurancesmadagascar.com\/en\/wp-json\/wp\/v2\/pages"}],"about":[{"href":"https:\/\/afgassurancesmadagascar.com\/en\/wp-json\/wp\/v2\/types\/page"}],"author":[{"embeddable":true,"href":"https:\/\/afgassurancesmadagascar.com\/en\/wp-json\/wp\/v2\/users\/1"}],"replies":[{"embeddable":true,"href":"https:\/\/afgassurancesmadagascar.com\/en\/wp-json\/wp\/v2\/comments?post=29020"}],"version-history":[{"count":43,"href":"https:\/\/afgassurancesmadagascar.com\/en\/wp-json\/wp\/v2\/pages\/29020\/revisions"}],"predecessor-version":[{"id":31771,"href":"https:\/\/afgassurancesmadagascar.com\/en\/wp-json\/wp\/v2\/pages\/29020\/revisions\/31771"}],"wp:attachment":[{"href":"https:\/\/afgassurancesmadagascar.com\/en\/wp-json\/wp\/v2\/media?parent=29020"}],"curies":[{"name":"wp","href":"https:\/\/api.w.org\/{rel}","templated":true}]}}