{"id":29149,"date":"2022-08-13T18:57:54","date_gmt":"2022-08-13T16:57:54","guid":{"rendered":"https:\/\/afgassurancesmadagascar.com\/?page_id=29149"},"modified":"2024-10-28T01:11:17","modified_gmt":"2024-10-27T22:11:17","slug":"assursance-multirisque-habitation","status":"publish","type":"page","link":"https:\/\/afgassurancesmadagascar.com\/en\/assursance-multirisque-habitation\/","title":{"rendered":"Assursance Multirisque Habitation"},"content":{"rendered":"\t\t<div data-elementor-type=\"wp-page\" data-elementor-id=\"29149\" class=\"elementor elementor-29149\" data-elementor-post-type=\"page\">\n\t\t\t\t\t\t<section class=\"elementor-section elementor-top-section elementor-element elementor-element-a87e06f elementor-section-height-min-height elementor-section-items-stretch elementor-section-content-middle elementor-section-boxed elementor-section-height-default\" data-id=\"a87e06f\" data-element_type=\"section\" data-e-type=\"section\" data-settings=\"{&quot;background_background&quot;:&quot;classic&quot;}\">\n\t\t\t\t\t\t\t<div class=\"elementor-background-overlay\"><\/div>\n\t\t\t\t\t\t\t<div class=\"elementor-container elementor-column-gap-default\">\n\t\t\t\t\t<div class=\"elementor-column elementor-col-100 elementor-top-column elementor-element elementor-element-b319ff9\" data-id=\"b319ff9\" data-element_type=\"column\" data-e-type=\"column\">\n\t\t\t<div class=\"elementor-widget-wrap elementor-element-populated\">\n\t\t\t\t\t\t<div class=\"elementor-element elementor-element-55be0d3 elementor-widget elementor-widget-heading\" data-id=\"55be0d3\" data-element_type=\"widget\" data-e-type=\"widget\" data-widget_type=\"heading.default\">\n\t\t\t\t<div class=\"elementor-widget-container\">\n\t\t\t\t\t<h2 class=\"elementor-heading-title elementor-size-default\">Multirisque Habitation<\/h2>\t\t\t\t<\/div>\n\t\t\t\t<\/div>\n\t\t\t\t\t<\/div>\n\t\t<\/div>\n\t\t\t\t\t<\/div>\n\t\t<\/section>\n\t\t\t\t<section class=\"elementor-section elementor-top-section elementor-element elementor-element-9dfa689 elementor-section-boxed elementor-section-height-default elementor-section-height-default\" data-id=\"9dfa689\" data-element_type=\"section\" data-e-type=\"section\">\n\t\t\t\t\t\t<div class=\"elementor-container elementor-column-gap-default\">\n\t\t\t\t\t<div class=\"elementor-column elementor-col-100 elementor-top-column elementor-element elementor-element-46c172d\" data-id=\"46c172d\" data-element_type=\"column\" data-e-type=\"column\">\n\t\t\t<div class=\"elementor-widget-wrap elementor-element-populated\">\n\t\t\t\t\t\t<div class=\"elementor-element elementor-element-e80b4c6 elementor-widget elementor-widget-spacer\" data-id=\"e80b4c6\" data-element_type=\"widget\" data-e-type=\"widget\" data-widget_type=\"spacer.default\">\n\t\t\t\t<div class=\"elementor-widget-container\">\n\t\t\t\t\t\t\t<div class=\"elementor-spacer\">\n\t\t\t<div class=\"elementor-spacer-inner\"><\/div>\n\t\t<\/div>\n\t\t\t\t\t\t<\/div>\n\t\t\t\t<\/div>\n\t\t\t\t<div class=\"elementor-element elementor-element-87f2ae5 elementor-widget elementor-widget-heading\" data-id=\"87f2ae5\" data-element_type=\"widget\" data-e-type=\"widget\" data-widget_type=\"heading.default\">\n\t\t\t\t<div class=\"elementor-widget-container\">\n\t\t\t\t\t<h2 class=\"elementor-heading-title elementor-size-default\">Pr\u00e9venir les risques et dommages li\u00e9s \u00e0 mon habitation\n<\/h2>\t\t\t\t<\/div>\n\t\t\t\t<\/div>\n\t\t\t\t<div class=\"elementor-element elementor-element-50a9467 elementor-widget elementor-widget-text-editor\" data-id=\"50a9467\" data-element_type=\"widget\" data-e-type=\"widget\" data-widget_type=\"text-editor.default\">\n\t\t\t\t<div class=\"elementor-widget-container\">\n\t\t\t\t\t\t\t\t\t<p style=\"text-align: justify;\">L&#8217;assurance Multirisque Habitation de <span style=\"color: #225a90;\"><strong>AFG Assur Madagascar<\/strong><\/span> offre une large gamme de garanties pour pr\u00e9venir et se pr\u00e9munir des sinistres les plus courants dans votre habitation.<\/p>\t\t\t\t\t\t\t\t<\/div>\n\t\t\t\t<\/div>\n\t\t\t\t\t<\/div>\n\t\t<\/div>\n\t\t\t\t\t<\/div>\n\t\t<\/section>\n\t\t\t\t<section class=\"elementor-section elementor-top-section elementor-element elementor-element-325a126 elementor-section-boxed elementor-section-height-default elementor-section-height-default\" data-id=\"325a126\" data-element_type=\"section\" data-e-type=\"section\">\n\t\t\t\t\t\t<div class=\"elementor-container elementor-column-gap-default\">\n\t\t\t\t\t<div class=\"elementor-column elementor-col-33 elementor-top-column elementor-element elementor-element-ee7517e\" data-id=\"ee7517e\" data-element_type=\"column\" data-e-type=\"column\">\n\t\t\t<div class=\"elementor-widget-wrap elementor-element-populated\">\n\t\t\t\t\t\t<div class=\"elementor-element elementor-element-54a8551 elementor-widget elementor-widget-image\" data-id=\"54a8551\" data-element_type=\"widget\" data-e-type=\"widget\" data-widget_type=\"image.default\">\n\t\t\t\t<div class=\"elementor-widget-container\">\n\t\t\t\t\t\t\t\t\t\t\t\t\t\t\t<img fetchpriority=\"high\" decoding=\"async\" width=\"350\" height=\"710\" src=\"https:\/\/afgassurancesmadagascar.com\/wp-content\/uploads\/2022\/11\/afgassur-assurance-habitation-detail.jpg\" class=\"attachment-large size-large wp-image-30823\" alt=\"\" srcset=\"https:\/\/afgassurancesmadagascar.com\/wp-content\/uploads\/2022\/11\/afgassur-assurance-habitation-detail.jpg 350w, https:\/\/afgassurancesmadagascar.com\/wp-content\/uploads\/2022\/11\/afgassur-assurance-habitation-detail-148x300.jpg 148w\" sizes=\"(max-width: 350px) 100vw, 350px\" \/>\t\t\t\t\t\t\t\t\t\t\t\t\t\t\t<\/div>\n\t\t\t\t<\/div>\n\t\t\t\t\t<\/div>\n\t\t<\/div>\n\t\t\t\t<div class=\"elementor-column elementor-col-66 elementor-top-column elementor-element elementor-element-78bb538\" data-id=\"78bb538\" data-element_type=\"column\" data-e-type=\"column\">\n\t\t\t<div class=\"elementor-widget-wrap elementor-element-populated\">\n\t\t\t\t\t\t<div class=\"elementor-element elementor-element-407668d elementor-widget elementor-widget-text-editor\" data-id=\"407668d\" data-element_type=\"widget\" data-e-type=\"widget\" data-widget_type=\"text-editor.default\">\n\t\t\t\t<div class=\"elementor-widget-container\">\n\t\t\t\t\t\t\t\t\t<h4><span style=\"color: #225a90;\"><strong>\u00c0 qui est destin\u00e9e cette offre d\u2019assurance ?<\/strong><\/span><\/h4><p>Tous les particuliers habitant une maison ou un appartement:<\/p><ul class=\"c-list\"><li class=\"c-list__item \">Propri\u00e9taire d&#8217;un logement en location<\/li><li class=\"c-list__item \">Propri\u00e9taire de son logement<\/li><li class=\"c-list__item \">Locataire d&#8217;un logement<\/li><\/ul><h4><strong><span style=\"color: #225a90;\">Quels sont les \u00e9v\u00e9nements couverts par cette offre d\u2019assurance ?<\/span><\/strong><\/h4><ul><li class=\"c-list__item \">Incendie, foudre, chute de gr\u00eale, explosions<\/li><li class=\"c-list__item \">D\u00e9g\u00e2ts des eaux<\/li><li class=\"c-list__item \">Dommages \u00e9lectriques<\/li><li class=\"c-list__item \">Bris de glace<\/li><li class=\"c-list__item \">Vol des biens, meubles<\/li><\/ul><h4><strong><span style=\"color: #225a90;\">Quelle est l\u2019indemnisation en cas d\u2019engagement de la garantie ?<\/span><\/strong><\/h4><ul><li class=\"c-list__item \">La valeur du b\u00e2timent estim\u00e9e d\u2019apr\u00e8s la valeur r\u00e9elle au prix de reconstruction au jour du sinistre, v\u00e9tust\u00e9 d\u00e9duite<\/li><li class=\"c-list__item \">La valeur estim\u00e9e du mobilier personnel vous est rembours\u00e9e d\u2019apr\u00e8s la valeur de remplacement au jour du sinistre, v\u00e9tust\u00e9 d\u00e9duite<\/li><li class=\"c-list__item \">La Responsabilit\u00e9 Civile si des dommages sont caus\u00e9s \u00e0 autrui selon conditions particuli\u00e8res<\/li><\/ul>\t\t\t\t\t\t\t\t<\/div>\n\t\t\t\t<\/div>\n\t\t\t\t<div class=\"elementor-element elementor-element-5a3d94c elementor-position-inline-start elementor-view-stacked elementor-shape-square elementor-mobile-position-block-start elementor-widget elementor-widget-icon-box\" data-id=\"5a3d94c\" data-element_type=\"widget\" data-e-type=\"widget\" data-widget_type=\"icon-box.default\">\n\t\t\t\t<div class=\"elementor-widget-container\">\n\t\t\t\t\t\t\t<div class=\"elementor-icon-box-wrapper\">\n\n\t\t\t\t\t\t<div class=\"elementor-icon-box-icon\">\n\t\t\t\t<a href=\"https:\/\/afgassurancesmadagascar.com\/devis-multirisque-habitation\/\" class=\"elementor-icon\" tabindex=\"-1\" aria-label=\"DEMANDER UN DEVIS\">\n\t\t\t\t<i aria-hidden=\"true\" class=\"fas fa-arrow-right\"><\/i>\t\t\t\t<\/a>\n\t\t\t<\/div>\n\t\t\t\n\t\t\t\t\t\t<div class=\"elementor-icon-box-content\">\n\n\t\t\t\t\t\t\t\t\t<div class=\"elementor-icon-box-title\">\n\t\t\t\t\t\t<a href=\"https:\/\/afgassurancesmadagascar.com\/devis-multirisque-habitation\/\" >\n\t\t\t\t\t\t\tDEMANDER UN DEVIS\t\t\t\t\t\t<\/a>\n\t\t\t\t\t<\/div>\n\t\t\t\t\n\t\t\t\t\n\t\t\t<\/div>\n\t\t\t\n\t\t<\/div>\n\t\t\t\t\t\t<\/div>\n\t\t\t\t<\/div>\n\t\t\t\t<div class=\"elementor-element elementor-element-d054839 elementor-position-inline-start elementor-view-stacked elementor-shape-square elementor-mobile-position-block-start elementor-widget elementor-widget-icon-box\" data-id=\"d054839\" data-element_type=\"widget\" data-e-type=\"widget\" data-widget_type=\"icon-box.default\">\n\t\t\t\t<div class=\"elementor-widget-container\">\n\t\t\t\t\t\t\t<div class=\"elementor-icon-box-wrapper\">\n\n\t\t\t\t\t\t<div class=\"elementor-icon-box-icon\">\n\t\t\t\t<a href=\"https:\/\/afgassurancesmadagascar.com\/declarer-un-sinistre-habitation\/\" class=\"elementor-icon\" tabindex=\"-1\" aria-label=\"D\u00c9CLARER UN SINISTRE\">\n\t\t\t\t<i aria-hidden=\"true\" class=\"fas fa-arrow-right\"><\/i>\t\t\t\t<\/a>\n\t\t\t<\/div>\n\t\t\t\n\t\t\t\t\t\t<div class=\"elementor-icon-box-content\">\n\n\t\t\t\t\t\t\t\t\t<div class=\"elementor-icon-box-title\">\n\t\t\t\t\t\t<a href=\"https:\/\/afgassurancesmadagascar.com\/declarer-un-sinistre-habitation\/\" >\n\t\t\t\t\t\t\tD\u00c9CLARER UN SINISTRE\t\t\t\t\t\t<\/a>\n\t\t\t\t\t<\/div>\n\t\t\t\t\n\t\t\t\t\n\t\t\t<\/div>\n\t\t\t\n\t\t<\/div>\n\t\t\t\t\t\t<\/div>\n\t\t\t\t<\/div>\n\t\t\t\t\t<\/div>\n\t\t<\/div>\n\t\t\t\t\t<\/div>\n\t\t<\/section>\n\t\t\t\t<\/div>\n\t\t","protected":false},"excerpt":{"rendered":"<p>Multirisque Habitation Pr\u00e9venir les risques et dommages li\u00e9s \u00e0 mon habitation L&#8217;assurance Multirisque Habitation de AFG Assur Madagascar offre une large gamme de garanties pour pr\u00e9venir et se pr\u00e9munir des sinistres les plus courants dans votre habitation. \u00c0 qui est destin\u00e9e cette offre d\u2019assurance ? Tous les particuliers habitant une maison ou un appartement: Propri\u00e9taire [&hellip;]<\/p>\n","protected":false},"author":1,"featured_media":0,"parent":0,"menu_order":0,"comment_status":"closed","ping_status":"closed","template":"elementor_header_footer","meta":{"_acf_changed":false,"footnotes":""},"class_list":["post-29149","page","type-page","status-publish","hentry"],"acf":[],"yoast_head":"<!-- This site is optimized with the Yoast SEO plugin v27.4 - https:\/\/yoast.com\/product\/yoast-seo-wordpress\/ -->\n<title>Assursance Multirisque Habitation - AFG Assur Madagascar<\/title>\n<meta name=\"robots\" content=\"index, follow, max-snippet:-1, max-image-preview:large, max-video-preview:-1\" \/>\n<link rel=\"canonical\" href=\"https:\/\/afgassurancesmadagascar.com\/assursance-multirisque-habitation\/\" \/>\n<meta property=\"og:locale\" content=\"en_US\" \/>\n<meta property=\"og:type\" content=\"article\" \/>\n<meta property=\"og:title\" content=\"Assursance Multirisque Habitation - AFG Assur Madagascar\" \/>\n<meta property=\"og:description\" content=\"Multirisque Habitation Pr\u00e9venir les risques et dommages li\u00e9s \u00e0 mon habitation L&#8217;assurance Multirisque Habitation de AFG Assur Madagascar offre une large gamme de garanties pour pr\u00e9venir et se pr\u00e9munir des sinistres les plus courants dans votre habitation. \u00c0 qui est destin\u00e9e cette offre d\u2019assurance ? Tous les particuliers habitant une maison ou un appartement: Propri\u00e9taire [&hellip;]\" \/>\n<meta property=\"og:url\" content=\"https:\/\/afgassurancesmadagascar.com\/assursance-multirisque-habitation\/\" \/>\n<meta property=\"og:site_name\" content=\"AFG Assur Madagascar\" \/>\n<meta property=\"article:modified_time\" content=\"2024-10-27T22:11:17+00:00\" \/>\n<meta property=\"og:image\" content=\"https:\/\/afgassurancesmadagascar.com\/wp-content\/uploads\/2022\/11\/afgassur-assurance-habitation-detail.jpg\" \/>\n\t<meta property=\"og:image:width\" content=\"350\" \/>\n\t<meta property=\"og:image:height\" content=\"710\" \/>\n\t<meta property=\"og:image:type\" content=\"image\/jpeg\" \/>\n<meta name=\"twitter:card\" content=\"summary_large_image\" \/>\n<meta name=\"twitter:label1\" content=\"Est. reading time\" \/>\n\t<meta name=\"twitter:data1\" content=\"1 minute\" \/>\n<script type=\"application\/ld+json\" class=\"yoast-schema-graph\">{\"@context\":\"https:\\\/\\\/schema.org\",\"@graph\":[{\"@type\":\"WebPage\",\"@id\":\"https:\\\/\\\/afgassurancesmadagascar.com\\\/assursance-multirisque-habitation\\\/\",\"url\":\"https:\\\/\\\/afgassurancesmadagascar.com\\\/assursance-multirisque-habitation\\\/\",\"name\":\"Assursance Multirisque Habitation - AFG Assur Madagascar\",\"isPartOf\":{\"@id\":\"https:\\\/\\\/afgassurancesmadagascar.com\\\/#website\"},\"primaryImageOfPage\":{\"@id\":\"https:\\\/\\\/afgassurancesmadagascar.com\\\/assursance-multirisque-habitation\\\/#primaryimage\"},\"image\":{\"@id\":\"https:\\\/\\\/afgassurancesmadagascar.com\\\/assursance-multirisque-habitation\\\/#primaryimage\"},\"thumbnailUrl\":\"https:\\\/\\\/afgassurancesmadagascar.com\\\/wp-content\\\/uploads\\\/2022\\\/11\\\/afgassur-assurance-habitation-detail.jpg\",\"datePublished\":\"2022-08-13T16:57:54+00:00\",\"dateModified\":\"2024-10-27T22:11:17+00:00\",\"breadcrumb\":{\"@id\":\"https:\\\/\\\/afgassurancesmadagascar.com\\\/assursance-multirisque-habitation\\\/#breadcrumb\"},\"inLanguage\":\"en-US\",\"potentialAction\":[{\"@type\":\"ReadAction\",\"target\":[\"https:\\\/\\\/afgassurancesmadagascar.com\\\/assursance-multirisque-habitation\\\/\"]}]},{\"@type\":\"ImageObject\",\"inLanguage\":\"en-US\",\"@id\":\"https:\\\/\\\/afgassurancesmadagascar.com\\\/assursance-multirisque-habitation\\\/#primaryimage\",\"url\":\"https:\\\/\\\/afgassurancesmadagascar.com\\\/wp-content\\\/uploads\\\/2022\\\/11\\\/afgassur-assurance-habitation-detail.jpg\",\"contentUrl\":\"https:\\\/\\\/afgassurancesmadagascar.com\\\/wp-content\\\/uploads\\\/2022\\\/11\\\/afgassur-assurance-habitation-detail.jpg\"},{\"@type\":\"BreadcrumbList\",\"@id\":\"https:\\\/\\\/afgassurancesmadagascar.com\\\/assursance-multirisque-habitation\\\/#breadcrumb\",\"itemListElement\":[{\"@type\":\"ListItem\",\"position\":1,\"name\":\"Accueil\",\"item\":\"https:\\\/\\\/afgassurancesmadagascar.com\\\/\"},{\"@type\":\"ListItem\",\"position\":2,\"name\":\"Assursance Multirisque Habitation\"}]},{\"@type\":\"WebSite\",\"@id\":\"https:\\\/\\\/afgassurancesmadagascar.com\\\/#website\",\"url\":\"https:\\\/\\\/afgassurancesmadagascar.com\\\/\",\"name\":\"AFG Assur Madagascar\",\"description\":\"...Et tout devient possible\",\"publisher\":{\"@id\":\"https:\\\/\\\/afgassurancesmadagascar.com\\\/#organization\"},\"potentialAction\":[{\"@type\":\"SearchAction\",\"target\":{\"@type\":\"EntryPoint\",\"urlTemplate\":\"https:\\\/\\\/afgassurancesmadagascar.com\\\/?s={search_term_string}\"},\"query-input\":{\"@type\":\"PropertyValueSpecification\",\"valueRequired\":true,\"valueName\":\"search_term_string\"}}],\"inLanguage\":\"en-US\"},{\"@type\":\"Organization\",\"@id\":\"https:\\\/\\\/afgassurancesmadagascar.com\\\/#organization\",\"name\":\"AFG Assur Madagascar\",\"url\":\"https:\\\/\\\/afgassurancesmadagascar.com\\\/\",\"logo\":{\"@type\":\"ImageObject\",\"inLanguage\":\"en-US\",\"@id\":\"https:\\\/\\\/afgassurancesmadagascar.com\\\/#\\\/schema\\\/logo\\\/image\\\/\",\"url\":\"https:\\\/\\\/afgassurancesmadagascar.com\\\/wp-content\\\/uploads\\\/2022\\\/08\\\/AFJ.png\",\"contentUrl\":\"https:\\\/\\\/afgassurancesmadagascar.com\\\/wp-content\\\/uploads\\\/2022\\\/08\\\/AFJ.png\",\"width\":482,\"height\":117,\"caption\":\"AFG Assur Madagascar\"},\"image\":{\"@id\":\"https:\\\/\\\/afgassurancesmadagascar.com\\\/#\\\/schema\\\/logo\\\/image\\\/\"}}]}<\/script>\n<!-- \/ Yoast SEO plugin. -->","yoast_head_json":{"title":"Assursance Multirisque Habitation - AFG Assur Madagascar","robots":{"index":"index","follow":"follow","max-snippet":"max-snippet:-1","max-image-preview":"max-image-preview:large","max-video-preview":"max-video-preview:-1"},"canonical":"https:\/\/afgassurancesmadagascar.com\/assursance-multirisque-habitation\/","og_locale":"en_US","og_type":"article","og_title":"Assursance Multirisque Habitation - AFG Assur Madagascar","og_description":"Multirisque Habitation Pr\u00e9venir les risques et dommages li\u00e9s \u00e0 mon habitation L&#8217;assurance Multirisque Habitation de AFG Assur Madagascar offre une large gamme de garanties pour pr\u00e9venir et se pr\u00e9munir des sinistres les plus courants dans votre habitation. \u00c0 qui est destin\u00e9e cette offre d\u2019assurance ? Tous les particuliers habitant une maison ou un appartement: Propri\u00e9taire [&hellip;]","og_url":"https:\/\/afgassurancesmadagascar.com\/assursance-multirisque-habitation\/","og_site_name":"AFG Assur Madagascar","article_modified_time":"2024-10-27T22:11:17+00:00","og_image":[{"width":350,"height":710,"url":"https:\/\/afgassurancesmadagascar.com\/wp-content\/uploads\/2022\/11\/afgassur-assurance-habitation-detail.jpg","type":"image\/jpeg"}],"twitter_card":"summary_large_image","twitter_misc":{"Est. reading time":"1 minute"},"schema":{"@context":"https:\/\/schema.org","@graph":[{"@type":"WebPage","@id":"https:\/\/afgassurancesmadagascar.com\/assursance-multirisque-habitation\/","url":"https:\/\/afgassurancesmadagascar.com\/assursance-multirisque-habitation\/","name":"Assursance Multirisque Habitation - AFG Assur Madagascar","isPartOf":{"@id":"https:\/\/afgassurancesmadagascar.com\/#website"},"primaryImageOfPage":{"@id":"https:\/\/afgassurancesmadagascar.com\/assursance-multirisque-habitation\/#primaryimage"},"image":{"@id":"https:\/\/afgassurancesmadagascar.com\/assursance-multirisque-habitation\/#primaryimage"},"thumbnailUrl":"https:\/\/afgassurancesmadagascar.com\/wp-content\/uploads\/2022\/11\/afgassur-assurance-habitation-detail.jpg","datePublished":"2022-08-13T16:57:54+00:00","dateModified":"2024-10-27T22:11:17+00:00","breadcrumb":{"@id":"https:\/\/afgassurancesmadagascar.com\/assursance-multirisque-habitation\/#breadcrumb"},"inLanguage":"en-US","potentialAction":[{"@type":"ReadAction","target":["https:\/\/afgassurancesmadagascar.com\/assursance-multirisque-habitation\/"]}]},{"@type":"ImageObject","inLanguage":"en-US","@id":"https:\/\/afgassurancesmadagascar.com\/assursance-multirisque-habitation\/#primaryimage","url":"https:\/\/afgassurancesmadagascar.com\/wp-content\/uploads\/2022\/11\/afgassur-assurance-habitation-detail.jpg","contentUrl":"https:\/\/afgassurancesmadagascar.com\/wp-content\/uploads\/2022\/11\/afgassur-assurance-habitation-detail.jpg"},{"@type":"BreadcrumbList","@id":"https:\/\/afgassurancesmadagascar.com\/assursance-multirisque-habitation\/#breadcrumb","itemListElement":[{"@type":"ListItem","position":1,"name":"Accueil","item":"https:\/\/afgassurancesmadagascar.com\/"},{"@type":"ListItem","position":2,"name":"Assursance Multirisque Habitation"}]},{"@type":"WebSite","@id":"https:\/\/afgassurancesmadagascar.com\/#website","url":"https:\/\/afgassurancesmadagascar.com\/","name":"AFG Assur Madagascar","description":"...Et tout devient possible","publisher":{"@id":"https:\/\/afgassurancesmadagascar.com\/#organization"},"potentialAction":[{"@type":"SearchAction","target":{"@type":"EntryPoint","urlTemplate":"https:\/\/afgassurancesmadagascar.com\/?s={search_term_string}"},"query-input":{"@type":"PropertyValueSpecification","valueRequired":true,"valueName":"search_term_string"}}],"inLanguage":"en-US"},{"@type":"Organization","@id":"https:\/\/afgassurancesmadagascar.com\/#organization","name":"AFG Assur Madagascar","url":"https:\/\/afgassurancesmadagascar.com\/","logo":{"@type":"ImageObject","inLanguage":"en-US","@id":"https:\/\/afgassurancesmadagascar.com\/#\/schema\/logo\/image\/","url":"https:\/\/afgassurancesmadagascar.com\/wp-content\/uploads\/2022\/08\/AFJ.png","contentUrl":"https:\/\/afgassurancesmadagascar.com\/wp-content\/uploads\/2022\/08\/AFJ.png","width":482,"height":117,"caption":"AFG Assur Madagascar"},"image":{"@id":"https:\/\/afgassurancesmadagascar.com\/#\/schema\/logo\/image\/"}}]}},"_links":{"self":[{"href":"https:\/\/afgassurancesmadagascar.com\/en\/wp-json\/wp\/v2\/pages\/29149","targetHints":{"allow":["GET"]}}],"collection":[{"href":"https:\/\/afgassurancesmadagascar.com\/en\/wp-json\/wp\/v2\/pages"}],"about":[{"href":"https:\/\/afgassurancesmadagascar.com\/en\/wp-json\/wp\/v2\/types\/page"}],"author":[{"embeddable":true,"href":"https:\/\/afgassurancesmadagascar.com\/en\/wp-json\/wp\/v2\/users\/1"}],"replies":[{"embeddable":true,"href":"https:\/\/afgassurancesmadagascar.com\/en\/wp-json\/wp\/v2\/comments?post=29149"}],"version-history":[{"count":17,"href":"https:\/\/afgassurancesmadagascar.com\/en\/wp-json\/wp\/v2\/pages\/29149\/revisions"}],"predecessor-version":[{"id":67016,"href":"https:\/\/afgassurancesmadagascar.com\/en\/wp-json\/wp\/v2\/pages\/29149\/revisions\/67016"}],"wp:attachment":[{"href":"https:\/\/afgassurancesmadagascar.com\/en\/wp-json\/wp\/v2\/media?parent=29149"}],"curies":[{"name":"wp","href":"https:\/\/api.w.org\/{rel}","templated":true}]}}