{"id":29288,"date":"2022-08-25T06:06:44","date_gmt":"2022-08-25T04:06:44","guid":{"rendered":"https:\/\/afgassurancesmadagascar.com\/?page_id=29288"},"modified":"2024-06-11T03:25:32","modified_gmt":"2024-06-11T00:25:32","slug":"declarer-un-sinistre-auto","status":"publish","type":"page","link":"https:\/\/afgassurancesmadagascar.com\/en\/declarer-un-sinistre-auto\/","title":{"rendered":"D\u00e9clarer un sinistre Auto\/Moto"},"content":{"rendered":"\t\t<div data-elementor-type=\"wp-page\" data-elementor-id=\"29288\" class=\"elementor elementor-29288\" data-elementor-post-type=\"page\">\n\t\t\t\t\t\t<section class=\"elementor-section elementor-top-section elementor-element elementor-element-0fb7721 elementor-section-height-min-height elementor-section-items-stretch elementor-section-boxed elementor-section-height-default\" data-id=\"0fb7721\" data-element_type=\"section\" data-e-type=\"section\" data-settings=\"{&quot;background_background&quot;:&quot;classic&quot;}\">\n\t\t\t\t\t\t<div class=\"elementor-container elementor-column-gap-default\">\n\t\t\t\t\t<div class=\"elementor-column elementor-col-100 elementor-top-column elementor-element elementor-element-d20247a\" data-id=\"d20247a\" data-element_type=\"column\" data-e-type=\"column\">\n\t\t\t<div class=\"elementor-widget-wrap elementor-element-populated\">\n\t\t\t\t\t\t<div class=\"elementor-element elementor-element-02be47b elementor-widget elementor-widget-heading\" data-id=\"02be47b\" data-element_type=\"widget\" data-e-type=\"widget\" data-widget_type=\"heading.default\">\n\t\t\t\t<div class=\"elementor-widget-container\">\n\t\t\t\t\t<h1 class=\"elementor-heading-title elementor-size-xxl\">D\u00e9clarer un sinistre auto<\/h1>\t\t\t\t<\/div>\n\t\t\t\t<\/div>\n\t\t\t\t\t<\/div>\n\t\t<\/div>\n\t\t\t\t\t<\/div>\n\t\t<\/section>\n\t\t\t\t<section class=\"elementor-section elementor-top-section elementor-element elementor-element-b4111cb elementor-section-boxed elementor-section-height-default elementor-section-height-default\" data-id=\"b4111cb\" data-element_type=\"section\" data-e-type=\"section\">\n\t\t\t\t\t\t<div class=\"elementor-container elementor-column-gap-default\">\n\t\t\t\t\t<div class=\"elementor-column elementor-col-100 elementor-top-column elementor-element elementor-element-706e58f\" data-id=\"706e58f\" data-element_type=\"column\" data-e-type=\"column\">\n\t\t\t<div class=\"elementor-widget-wrap elementor-element-populated\">\n\t\t\t\t\t\t<div class=\"elementor-element elementor-element-2b15183 elementor-widget elementor-widget-spacer\" data-id=\"2b15183\" data-element_type=\"widget\" data-e-type=\"widget\" data-widget_type=\"spacer.default\">\n\t\t\t\t<div class=\"elementor-widget-container\">\n\t\t\t\t\t\t\t<div class=\"elementor-spacer\">\n\t\t\t<div class=\"elementor-spacer-inner\"><\/div>\n\t\t<\/div>\n\t\t\t\t\t\t<\/div>\n\t\t\t\t<\/div>\n\t\t\t\t\t<\/div>\n\t\t<\/div>\n\t\t\t\t\t<\/div>\n\t\t<\/section>\n\t\t\t\t<section class=\"elementor-section elementor-top-section elementor-element elementor-element-9e00bd0 elementor-section-boxed elementor-section-height-default elementor-section-height-default\" data-id=\"9e00bd0\" data-element_type=\"section\" data-e-type=\"section\">\n\t\t\t\t\t\t<div class=\"elementor-container elementor-column-gap-default\">\n\t\t\t\t\t<div class=\"elementor-column elementor-col-100 elementor-top-column elementor-element elementor-element-f5d8366\" data-id=\"f5d8366\" data-element_type=\"column\" data-e-type=\"column\">\n\t\t\t<div class=\"elementor-widget-wrap elementor-element-populated\">\n\t\t\t\t\t\t<div class=\"elementor-element elementor-element-c17ac69 elementor-widget elementor-widget-wpforms\" data-id=\"c17ac69\" data-element_type=\"widget\" data-e-type=\"widget\" data-widget_type=\"wpforms.default\">\n\t\t\t\t<div class=\"elementor-widget-container\">\n\t\t\t\t\t<div class=\"wpforms-container wpforms-container-full\" id=\"wpforms-29268\"><form id=\"wpforms-form-29268\" class=\"wpforms-validate wpforms-form wpforms-ajax-form\" data-formid=\"29268\" method=\"post\" enctype=\"multipart\/form-data\" action=\"\/en\/wp-json\/wp\/v2\/pages\/29288\" data-token=\"48b7c9ed3dff77d806cc7dcfddba557c\"><noscript class=\"wpforms-error-noscript\">Please enable JavaScript in your browser to complete this form.<\/noscript><div class=\"wpforms-page-indicator connector\" data-indicator=\"connector\" data-indicator-color=\"#089a44\" data-scroll=\"1\"><div class=\"wpforms-page-indicator-page active wpforms-page-indicator-page-1\" style=\"width:33.333333333333%;\"><span class=\"wpforms-page-indicator-page-number\" style=\"background-color:#089a44\">1<span class=\"wpforms-page-indicator-page-triangle\" style=\"border-top-color:#089a44\"><\/span><\/span><span class=\"wpforms-page-indicator-page-title\">L&#039;assur\u00e9<span><\/div><div class=\"wpforms-page-indicator-page  wpforms-page-indicator-page-2\" style=\"width:33.333333333333%;\"><span class=\"wpforms-page-indicator-page-number\">2<span class=\"wpforms-page-indicator-page-triangle\"><\/span><\/span><span class=\"wpforms-page-indicator-page-title\">Le sinistre<span><\/div><div class=\"wpforms-page-indicator-page  wpforms-page-indicator-page-3\" style=\"width:33.333333333333%;\"><span class=\"wpforms-page-indicator-page-number\">3<span class=\"wpforms-page-indicator-page-triangle\"><\/span><\/span><span class=\"wpforms-page-indicator-page-title\">Le r\u00e9capitulatif<span><\/div><\/div><div class=\"wpforms-field-container\"><div class=\"wpforms-page wpforms-page-1 \" data-page=\"1\"><div id=\"wpforms-29268-field_8-container\" class=\"wpforms-field wpforms-field-pagebreak\" data-field-id=\"8\"><\/div><div id=\"wpforms-29268-field_14-container\" class=\"wpforms-field wpforms-field-text\" data-field-id=\"14\"><label class=\"wpforms-field-label\" for=\"wpforms-29268-field_14\">Nom ou raison sociale <span class=\"wpforms-required-label\">*<\/span><\/label><input type=\"text\" id=\"wpforms-29268-field_14\" class=\"wpforms-field-medium wpforms-field-required\" name=\"wpforms[fields][14]\" required><\/div><div id=\"wpforms-29268-field_15-container\" class=\"wpforms-field wpforms-field-text\" data-field-id=\"15\"><label class=\"wpforms-field-label\" for=\"wpforms-29268-field_15\">Num\u00e9ro de police <span class=\"wpforms-required-label\">*<\/span><\/label><input type=\"text\" id=\"wpforms-29268-field_15\" class=\"wpforms-field-small wpforms-field-required\" name=\"wpforms[fields][15]\" required><\/div><div id=\"wpforms-29268-field_39-container\" class=\"wpforms-field wpforms-field-phone\" data-field-id=\"39\"><label class=\"wpforms-field-label\" for=\"wpforms-29268-field_39\">T\u00e9l\u00e9phone <span class=\"wpforms-required-label\">*<\/span><\/label><input type=\"tel\" id=\"wpforms-29268-field_39\" class=\"wpforms-field-small wpforms-field-required wpforms-smart-phone-field\" data-rule-smart-phone-field=\"true\" name=\"wpforms[fields][39]\" required><\/div><div id=\"wpforms-29268-field_38-container\" class=\"wpforms-field wpforms-field-email\" data-field-id=\"38\"><label class=\"wpforms-field-label\" for=\"wpforms-29268-field_38\">E-mail <span class=\"wpforms-required-label\">*<\/span><\/label><input type=\"email\" id=\"wpforms-29268-field_38\" class=\"wpforms-field-medium wpforms-field-required\" name=\"wpforms[fields][38]\" spellcheck=\"false\" required><\/div><div id=\"wpforms-29268-field_34-container\" class=\"wpforms-field wpforms-field-pagebreak\" data-field-id=\"34\"><div class=\"wpforms-clear wpforms-pagebreak-split\"><button class=\"wpforms-page-button wpforms-page-next\" data-action=\"next\" data-page=\"1\" data-formid=\"29268\" disabled>Continuer<\/button><\/div><\/div><\/div><div class=\"wpforms-page wpforms-page-2  \" data-page=\"2\" style=\"display:none;\"><div id=\"wpforms-29268-field_54-container\" class=\"wpforms-field wpforms-field-date-time\" data-field-id=\"54\"><label class=\"wpforms-field-label\" for=\"wpforms-29268-field_54\">Date et Heure de l&#039;accident <span class=\"wpforms-required-label\">*<\/span><\/label><div class=\"wpforms-field-row wpforms-field-medium\"><div class=\"wpforms-field-row-block wpforms-date-type-datepicker\"><div class=\"wpforms-datepicker-wrap\"><input type=\"text\" id=\"wpforms-29268-field_54\" class=\"wpforms-field-date-time-date wpforms-datepicker wpforms-field-required\" data-date-format=\"d\/m\/Y\" data-disable-past-dates=\"0\" data-input=\"true\" name=\"wpforms[fields][54][date]\" placeholder=\"Date\" required><a title=\"Clear Date\" data-clear class=\"wpforms-datepicker-clear\" style=\"display:none;\"><\/a><\/div><label for=\"wpforms-29268-field_54\" class=\"wpforms-field-sublabel after wpforms-sublabel-hide\">Date<\/label><\/div><div class=\"wpforms-field-row-block\"><input type=\"text\" id=\"wpforms-29268-field_54-time\" class=\"wpforms-field-date-time-time wpforms-timepicker wpforms-field-required\" data-time-format=\"H:i\" data-step=\"15\" data-rule-time24h=\"true\" name=\"wpforms[fields][54][time]\" placeholder=\"Heure\" required><label for=\"wpforms-29268-field_54-time\" class=\"wpforms-field-sublabel after wpforms-sublabel-hide\">Time<\/label><\/div><\/div><\/div><div id=\"wpforms-29268-field_44-container\" class=\"wpforms-field wpforms-field-text\" data-field-id=\"44\"><label class=\"wpforms-field-label\" for=\"wpforms-29268-field_44\">Lieu <span class=\"wpforms-required-label\">*<\/span><\/label><input type=\"text\" id=\"wpforms-29268-field_44\" class=\"wpforms-field-medium wpforms-field-required\" name=\"wpforms[fields][44]\" required><\/div><div id=\"wpforms-29268-field_55-container\" class=\"wpforms-field wpforms-field-radio wpforms-list-inline\" data-field-id=\"55\"><label class=\"wpforms-field-label\" for=\"wpforms-29268-field_55\">Y-a-t-il eu des bless\u00e9s dans votre v\u00e9hicule ? <span class=\"wpforms-required-label\">*<\/span><\/label><ul id=\"wpforms-29268-field_55\" class=\"wpforms-field-required\"><li class=\"choice-1 depth-1\"><input type=\"radio\" id=\"wpforms-29268-field_55_1\" name=\"wpforms[fields][55]\" value=\"Oui\" required ><label class=\"wpforms-field-label-inline\" for=\"wpforms-29268-field_55_1\">Oui<\/label><\/li><li class=\"choice-2 depth-1\"><input type=\"radio\" id=\"wpforms-29268-field_55_2\" name=\"wpforms[fields][55]\" value=\"Non\" required ><label class=\"wpforms-field-label-inline\" for=\"wpforms-29268-field_55_2\">Non<\/label><\/li><\/ul><\/div><div id=\"wpforms-29268-field_57-container\" class=\"wpforms-field wpforms-field-radio wpforms-list-inline\" data-field-id=\"57\"><label class=\"wpforms-field-label\" for=\"wpforms-29268-field_57\">Y-a-t-il eu des bless\u00e9s dans le v\u00e9hicule du tiers ? <span class=\"wpforms-required-label\">*<\/span><\/label><ul id=\"wpforms-29268-field_57\" class=\"wpforms-field-required\"><li class=\"choice-1 depth-1\"><input type=\"radio\" id=\"wpforms-29268-field_57_1\" name=\"wpforms[fields][57]\" value=\"Oui\" required ><label class=\"wpforms-field-label-inline\" for=\"wpforms-29268-field_57_1\">Oui<\/label><\/li><li class=\"choice-2 depth-1\"><input type=\"radio\" id=\"wpforms-29268-field_57_2\" name=\"wpforms[fields][57]\" value=\"Non\" required ><label class=\"wpforms-field-label-inline\" for=\"wpforms-29268-field_57_2\">Non<\/label><\/li><\/ul><\/div><div id=\"wpforms-29268-field_56-container\" class=\"wpforms-field wpforms-field-radio wpforms-list-inline\" data-field-id=\"56\"><label class=\"wpforms-field-label\" for=\"wpforms-29268-field_56\">Y-a-t-il eu des bless\u00e9s en-dehors de ces v\u00e9hicules ? <span class=\"wpforms-required-label\">*<\/span><\/label><ul id=\"wpforms-29268-field_56\" class=\"wpforms-field-required\"><li class=\"choice-1 depth-1\"><input type=\"radio\" id=\"wpforms-29268-field_56_1\" name=\"wpforms[fields][56]\" value=\"Oui\" required ><label class=\"wpforms-field-label-inline\" for=\"wpforms-29268-field_56_1\">Oui<\/label><\/li><li class=\"choice-2 depth-1\"><input type=\"radio\" id=\"wpforms-29268-field_56_2\" name=\"wpforms[fields][56]\" value=\"Non\" required ><label class=\"wpforms-field-label-inline\" for=\"wpforms-29268-field_56_2\">Non<\/label><\/li><\/ul><\/div><div id=\"wpforms-29268-field_50-container\" class=\"wpforms-field wpforms-field-textarea\" data-field-id=\"50\"><label class=\"wpforms-field-label\" for=\"wpforms-29268-field_50\">D\u00e9roulement de l&#039;accident \/ Renseignements <span class=\"wpforms-required-label\">*<\/span><\/label><textarea id=\"wpforms-29268-field_50\" class=\"wpforms-field-medium wpforms-field-required\" name=\"wpforms[fields][50]\" placeholder=\"Description de l&#039;accident\" required><\/textarea><\/div><div id=\"wpforms-29268-field_58-container\" class=\"wpforms-field wpforms-field-radio wpforms-list-inline\" data-field-id=\"58\"><label class=\"wpforms-field-label\" for=\"wpforms-29268-field_58\">Est-ce qu&#039;un proc\u00e8s-verbal de police a \u00e9t\u00e9 dress\u00e9 ? <span class=\"wpforms-required-label\">*<\/span><\/label><ul id=\"wpforms-29268-field_58\" class=\"wpforms-field-required\"><li class=\"choice-1 depth-1\"><input type=\"radio\" id=\"wpforms-29268-field_58_1\" name=\"wpforms[fields][58]\" value=\"Oui\" required ><label class=\"wpforms-field-label-inline\" for=\"wpforms-29268-field_58_1\">Oui<\/label><\/li><li class=\"choice-2 depth-1\"><input type=\"radio\" id=\"wpforms-29268-field_58_2\" name=\"wpforms[fields][58]\" value=\"Non\" required ><label class=\"wpforms-field-label-inline\" for=\"wpforms-29268-field_58_2\">Non<\/label><\/li><\/ul><\/div><div id=\"wpforms-29268-field_52-container\" class=\"wpforms-field wpforms-field-pagebreak\" data-field-id=\"52\"><div class=\"wpforms-clear wpforms-pagebreak-split\"><button class=\"wpforms-page-button wpforms-page-prev\" data-action=\"prev\" data-page=\"2\" data-formid=\"29268\" disabled>Pr\u00e9c\u00e9dent<\/button><button class=\"wpforms-page-button wpforms-page-next\" data-action=\"next\" data-page=\"2\" data-formid=\"29268\" disabled>Continuer<\/button><\/div><\/div><\/div><div class=\"wpforms-page wpforms-page-3 last \" data-page=\"3\" style=\"display:none;\"><div id=\"wpforms-29268-field_53-container\" class=\"wpforms-field wpforms-field-entry-preview\" data-field-id=\"53\"><div class=\"wpforms-entry-preview-updating-message\">Updating preview\u2026<\/div><div class=\"wpforms-entry-preview-notice\" style=\"display: none;\"><strong>Voici le r\u00e9capitulatif de votre d\u00e9claration de sinistre. Elle n'a pas encore \u00e9t\u00e9 soumise !<\/strong><br \/>\r\nPrenez le temps de v\u00e9rifier toutes les informations. Vous pouvez si n\u00e9cessaire revenir en arri\u00e8re pour les modifier.<\/div><div class=\"wpforms-entry-preview-wrapper\" style=\"display: none;\"><\/div><\/div><div id=\"wpforms-29268-field_9-container\" class=\"wpforms-field wpforms-field-pagebreak\" data-field-id=\"9\"><div class=\"wpforms-clear wpforms-pagebreak-split\"><button class=\"wpforms-page-button wpforms-page-prev\" data-action=\"prev\" data-page=\"3\" data-formid=\"29268\" disabled>Pr\u00e9c\u00e9dent<\/button><\/div><\/div><\/div><\/div><!-- .wpforms-field-container --><div class=\"wpforms-recaptcha-container wpforms-is-recaptcha wpforms-is-recaptcha-type-v2\" style=\"display:none;\"><div class=\"g-recaptcha\" data-sitekey=\"6LfYVBglAAAAAKUaZobt5f_ATrUQ1m-dqEAWhUXx\"><\/div><input type=\"text\" name=\"g-recaptcha-hidden\" class=\"wpforms-recaptcha-hidden\" style=\"position:absolute!important;clip:rect(0,0,0,0)!important;height:1px!important;width:1px!important;border:0!important;overflow:hidden!important;padding:0!important;margin:0!important;\" data-rule-recaptcha=\"1\"><\/div><div class=\"wpforms-submit-container\" style=\"display:none;\"><input type=\"hidden\" name=\"wpforms[id]\" value=\"29268\"><input type=\"hidden\" name=\"wpforms[author]\" value=\"1\"><button type=\"submit\" name=\"wpforms[submit]\" id=\"wpforms-submit-29268\" class=\"wpforms-submit\" data-alt-text=\"Envoi...\" data-submit-text=\"Envoyer votre d\u00e9claration\" aria-live=\"assertive\" value=\"wpforms-submit\">Envoyer votre d\u00e9claration<\/button><img decoding=\"async\" src=\"https:\/\/afgassurancesmadagascar.com\/wp-content\/plugins\/wpforms\/assets\/images\/submit-spin.svg\" class=\"wpforms-submit-spinner\" style=\"display: none;\" width=\"26\" height=\"26\" alt=\"Loading\"><\/div><\/form><\/div>  <!-- .wpforms-container -->\t\t\t\t<\/div>\n\t\t\t\t<\/div>\n\t\t\t\t\t<\/div>\n\t\t<\/div>\n\t\t\t\t\t<\/div>\n\t\t<\/section>\n\t\t\t\t<\/div>\n\t\t","protected":false},"excerpt":{"rendered":"<p>D\u00e9clarer un sinistre auto<\/p>\n","protected":false},"author":1,"featured_media":0,"parent":0,"menu_order":0,"comment_status":"closed","ping_status":"closed","template":"elementor_header_footer","meta":{"_acf_changed":false,"footnotes":""},"class_list":["post-29288","page","type-page","status-publish","hentry"],"acf":[],"yoast_head":"<!-- This site is optimized with the Yoast SEO plugin v27.4 - https:\/\/yoast.com\/product\/yoast-seo-wordpress\/ -->\n<title>D\u00e9clarer un sinistre Auto\/Moto - AFG Assur Madagascar<\/title>\n<meta name=\"robots\" content=\"index, follow, max-snippet:-1, max-image-preview:large, max-video-preview:-1\" \/>\n<link rel=\"canonical\" href=\"https:\/\/afgassurancesmadagascar.com\/declarer-un-sinistre-auto\/\" \/>\n<meta property=\"og:locale\" content=\"en_US\" \/>\n<meta property=\"og:type\" content=\"article\" \/>\n<meta property=\"og:title\" content=\"D\u00e9clarer un sinistre Auto\/Moto - AFG Assur Madagascar\" \/>\n<meta property=\"og:description\" content=\"D\u00e9clarer un sinistre auto\" \/>\n<meta property=\"og:url\" content=\"https:\/\/afgassurancesmadagascar.com\/declarer-un-sinistre-auto\/\" \/>\n<meta property=\"og:site_name\" content=\"AFG Assur Madagascar\" \/>\n<meta property=\"article:modified_time\" content=\"2024-06-11T00:25:32+00:00\" \/>\n<meta name=\"twitter:card\" content=\"summary_large_image\" \/>\n<script type=\"application\/ld+json\" class=\"yoast-schema-graph\">{\"@context\":\"https:\\\/\\\/schema.org\",\"@graph\":[{\"@type\":\"WebPage\",\"@id\":\"https:\\\/\\\/afgassurancesmadagascar.com\\\/declarer-un-sinistre-auto\\\/\",\"url\":\"https:\\\/\\\/afgassurancesmadagascar.com\\\/declarer-un-sinistre-auto\\\/\",\"name\":\"D\u00e9clarer un sinistre Auto\\\/Moto - AFG Assur Madagascar\",\"isPartOf\":{\"@id\":\"https:\\\/\\\/afgassurancesmadagascar.com\\\/#website\"},\"datePublished\":\"2022-08-25T04:06:44+00:00\",\"dateModified\":\"2024-06-11T00:25:32+00:00\",\"breadcrumb\":{\"@id\":\"https:\\\/\\\/afgassurancesmadagascar.com\\\/declarer-un-sinistre-auto\\\/#breadcrumb\"},\"inLanguage\":\"en-US\",\"potentialAction\":[{\"@type\":\"ReadAction\",\"target\":[\"https:\\\/\\\/afgassurancesmadagascar.com\\\/declarer-un-sinistre-auto\\\/\"]}]},{\"@type\":\"BreadcrumbList\",\"@id\":\"https:\\\/\\\/afgassurancesmadagascar.com\\\/declarer-un-sinistre-auto\\\/#breadcrumb\",\"itemListElement\":[{\"@type\":\"ListItem\",\"position\":1,\"name\":\"Accueil\",\"item\":\"https:\\\/\\\/afgassurancesmadagascar.com\\\/\"},{\"@type\":\"ListItem\",\"position\":2,\"name\":\"D\u00e9clarer un sinistre Auto\\\/Moto\"}]},{\"@type\":\"WebSite\",\"@id\":\"https:\\\/\\\/afgassurancesmadagascar.com\\\/#website\",\"url\":\"https:\\\/\\\/afgassurancesmadagascar.com\\\/\",\"name\":\"AFG Assur Madagascar\",\"description\":\"...Et tout devient possible\",\"publisher\":{\"@id\":\"https:\\\/\\\/afgassurancesmadagascar.com\\\/#organization\"},\"potentialAction\":[{\"@type\":\"SearchAction\",\"target\":{\"@type\":\"EntryPoint\",\"urlTemplate\":\"https:\\\/\\\/afgassurancesmadagascar.com\\\/?s={search_term_string}\"},\"query-input\":{\"@type\":\"PropertyValueSpecification\",\"valueRequired\":true,\"valueName\":\"search_term_string\"}}],\"inLanguage\":\"en-US\"},{\"@type\":\"Organization\",\"@id\":\"https:\\\/\\\/afgassurancesmadagascar.com\\\/#organization\",\"name\":\"AFG Assur Madagascar\",\"url\":\"https:\\\/\\\/afgassurancesmadagascar.com\\\/\",\"logo\":{\"@type\":\"ImageObject\",\"inLanguage\":\"en-US\",\"@id\":\"https:\\\/\\\/afgassurancesmadagascar.com\\\/#\\\/schema\\\/logo\\\/image\\\/\",\"url\":\"https:\\\/\\\/afgassurancesmadagascar.com\\\/wp-content\\\/uploads\\\/2022\\\/08\\\/AFJ.png\",\"contentUrl\":\"https:\\\/\\\/afgassurancesmadagascar.com\\\/wp-content\\\/uploads\\\/2022\\\/08\\\/AFJ.png\",\"width\":482,\"height\":117,\"caption\":\"AFG Assur Madagascar\"},\"image\":{\"@id\":\"https:\\\/\\\/afgassurancesmadagascar.com\\\/#\\\/schema\\\/logo\\\/image\\\/\"}}]}<\/script>\n<!-- \/ Yoast SEO plugin. -->","yoast_head_json":{"title":"D\u00e9clarer un sinistre Auto\/Moto - AFG Assur Madagascar","robots":{"index":"index","follow":"follow","max-snippet":"max-snippet:-1","max-image-preview":"max-image-preview:large","max-video-preview":"max-video-preview:-1"},"canonical":"https:\/\/afgassurancesmadagascar.com\/declarer-un-sinistre-auto\/","og_locale":"en_US","og_type":"article","og_title":"D\u00e9clarer un sinistre Auto\/Moto - AFG Assur Madagascar","og_description":"D\u00e9clarer un sinistre auto","og_url":"https:\/\/afgassurancesmadagascar.com\/declarer-un-sinistre-auto\/","og_site_name":"AFG Assur Madagascar","article_modified_time":"2024-06-11T00:25:32+00:00","twitter_card":"summary_large_image","schema":{"@context":"https:\/\/schema.org","@graph":[{"@type":"WebPage","@id":"https:\/\/afgassurancesmadagascar.com\/declarer-un-sinistre-auto\/","url":"https:\/\/afgassurancesmadagascar.com\/declarer-un-sinistre-auto\/","name":"D\u00e9clarer un sinistre Auto\/Moto - AFG Assur Madagascar","isPartOf":{"@id":"https:\/\/afgassurancesmadagascar.com\/#website"},"datePublished":"2022-08-25T04:06:44+00:00","dateModified":"2024-06-11T00:25:32+00:00","breadcrumb":{"@id":"https:\/\/afgassurancesmadagascar.com\/declarer-un-sinistre-auto\/#breadcrumb"},"inLanguage":"en-US","potentialAction":[{"@type":"ReadAction","target":["https:\/\/afgassurancesmadagascar.com\/declarer-un-sinistre-auto\/"]}]},{"@type":"BreadcrumbList","@id":"https:\/\/afgassurancesmadagascar.com\/declarer-un-sinistre-auto\/#breadcrumb","itemListElement":[{"@type":"ListItem","position":1,"name":"Accueil","item":"https:\/\/afgassurancesmadagascar.com\/"},{"@type":"ListItem","position":2,"name":"D\u00e9clarer un sinistre Auto\/Moto"}]},{"@type":"WebSite","@id":"https:\/\/afgassurancesmadagascar.com\/#website","url":"https:\/\/afgassurancesmadagascar.com\/","name":"AFG Assur Madagascar","description":"...Et tout devient possible","publisher":{"@id":"https:\/\/afgassurancesmadagascar.com\/#organization"},"potentialAction":[{"@type":"SearchAction","target":{"@type":"EntryPoint","urlTemplate":"https:\/\/afgassurancesmadagascar.com\/?s={search_term_string}"},"query-input":{"@type":"PropertyValueSpecification","valueRequired":true,"valueName":"search_term_string"}}],"inLanguage":"en-US"},{"@type":"Organization","@id":"https:\/\/afgassurancesmadagascar.com\/#organization","name":"AFG Assur Madagascar","url":"https:\/\/afgassurancesmadagascar.com\/","logo":{"@type":"ImageObject","inLanguage":"en-US","@id":"https:\/\/afgassurancesmadagascar.com\/#\/schema\/logo\/image\/","url":"https:\/\/afgassurancesmadagascar.com\/wp-content\/uploads\/2022\/08\/AFJ.png","contentUrl":"https:\/\/afgassurancesmadagascar.com\/wp-content\/uploads\/2022\/08\/AFJ.png","width":482,"height":117,"caption":"AFG Assur Madagascar"},"image":{"@id":"https:\/\/afgassurancesmadagascar.com\/#\/schema\/logo\/image\/"}}]}},"_links":{"self":[{"href":"https:\/\/afgassurancesmadagascar.com\/en\/wp-json\/wp\/v2\/pages\/29288","targetHints":{"allow":["GET"]}}],"collection":[{"href":"https:\/\/afgassurancesmadagascar.com\/en\/wp-json\/wp\/v2\/pages"}],"about":[{"href":"https:\/\/afgassurancesmadagascar.com\/en\/wp-json\/wp\/v2\/types\/page"}],"author":[{"embeddable":true,"href":"https:\/\/afgassurancesmadagascar.com\/en\/wp-json\/wp\/v2\/users\/1"}],"replies":[{"embeddable":true,"href":"https:\/\/afgassurancesmadagascar.com\/en\/wp-json\/wp\/v2\/comments?post=29288"}],"version-history":[{"count":46,"href":"https:\/\/afgassurancesmadagascar.com\/en\/wp-json\/wp\/v2\/pages\/29288\/revisions"}],"predecessor-version":[{"id":31806,"href":"https:\/\/afgassurancesmadagascar.com\/en\/wp-json\/wp\/v2\/pages\/29288\/revisions\/31806"}],"wp:attachment":[{"href":"https:\/\/afgassurancesmadagascar.com\/en\/wp-json\/wp\/v2\/media?parent=29288"}],"curies":[{"name":"wp","href":"https:\/\/api.w.org\/{rel}","templated":true}]}}