{"id":30208,"date":"2022-09-01T21:27:42","date_gmt":"2022-09-01T19:27:42","guid":{"rendered":"https:\/\/afgassurancesmadagascar.com\/?page_id=30208"},"modified":"2024-10-28T01:44:58","modified_gmt":"2024-10-27T22:44:58","slug":"assurance-flotte-auto-et-moto","status":"publish","type":"page","link":"https:\/\/afgassurancesmadagascar.com\/en\/assurance-flotte-auto-et-moto\/","title":{"rendered":"Assurance Flotte Auto et Moto"},"content":{"rendered":"\t\t<div data-elementor-type=\"wp-page\" data-elementor-id=\"30208\" class=\"elementor elementor-30208\" data-elementor-post-type=\"page\">\n\t\t\t\t\t\t<section class=\"elementor-section elementor-top-section elementor-element elementor-element-1d0847f elementor-section-height-min-height elementor-section-items-stretch elementor-section-content-middle elementor-section-boxed elementor-section-height-default\" data-id=\"1d0847f\" data-element_type=\"section\" data-e-type=\"section\" data-settings=\"{&quot;background_background&quot;:&quot;classic&quot;}\">\n\t\t\t\t\t\t\t<div class=\"elementor-background-overlay\"><\/div>\n\t\t\t\t\t\t\t<div class=\"elementor-container elementor-column-gap-default\">\n\t\t\t\t\t<div class=\"elementor-column elementor-col-100 elementor-top-column elementor-element elementor-element-5f81047\" data-id=\"5f81047\" data-element_type=\"column\" data-e-type=\"column\">\n\t\t\t<div class=\"elementor-widget-wrap elementor-element-populated\">\n\t\t\t\t\t\t<div class=\"elementor-element elementor-element-3f3b4bd elementor-widget elementor-widget-heading\" data-id=\"3f3b4bd\" data-element_type=\"widget\" data-e-type=\"widget\" data-widget_type=\"heading.default\">\n\t\t\t\t<div class=\"elementor-widget-container\">\n\t\t\t\t\t<h1 class=\"elementor-heading-title elementor-size-xxl\">ASSURANCE FLOTTE AUTO ET MOTO<\/h1>\t\t\t\t<\/div>\n\t\t\t\t<\/div>\n\t\t\t\t\t<\/div>\n\t\t<\/div>\n\t\t\t\t\t<\/div>\n\t\t<\/section>\n\t\t\t\t<section class=\"elementor-section elementor-top-section elementor-element elementor-element-9936c97 elementor-section-boxed elementor-section-height-default elementor-section-height-default\" data-id=\"9936c97\" data-element_type=\"section\" data-e-type=\"section\">\n\t\t\t\t\t\t<div class=\"elementor-container elementor-column-gap-default\">\n\t\t\t\t\t<div class=\"elementor-column elementor-col-100 elementor-top-column elementor-element elementor-element-970c1d3\" data-id=\"970c1d3\" data-element_type=\"column\" data-e-type=\"column\">\n\t\t\t<div class=\"elementor-widget-wrap elementor-element-populated\">\n\t\t\t\t\t\t<div class=\"elementor-element elementor-element-2a9b944 elementor-widget elementor-widget-spacer\" data-id=\"2a9b944\" data-element_type=\"widget\" data-e-type=\"widget\" data-widget_type=\"spacer.default\">\n\t\t\t\t<div class=\"elementor-widget-container\">\n\t\t\t\t\t\t\t<div class=\"elementor-spacer\">\n\t\t\t<div class=\"elementor-spacer-inner\"><\/div>\n\t\t<\/div>\n\t\t\t\t\t\t<\/div>\n\t\t\t\t<\/div>\n\t\t\t\t<div class=\"elementor-element elementor-element-21141f3 elementor-widget elementor-widget-heading\" data-id=\"21141f3\" data-element_type=\"widget\" data-e-type=\"widget\" data-widget_type=\"heading.default\">\n\t\t\t\t<div class=\"elementor-widget-container\">\n\t\t\t\t\t<h2 class=\"elementor-heading-title elementor-size-default\">Vos v\u00e9hicules sont indispensables \u00e0 votre activit\u00e9<\/h2>\t\t\t\t<\/div>\n\t\t\t\t<\/div>\n\t\t\t\t<div class=\"elementor-element elementor-element-83d6ed1 elementor-widget elementor-widget-text-editor\" data-id=\"83d6ed1\" data-element_type=\"widget\" data-e-type=\"widget\" data-widget_type=\"text-editor.default\">\n\t\t\t\t<div class=\"elementor-widget-container\">\n\t\t\t\t\t\t\t\t\t<p style=\"text-align: justify;\"><span style=\"color: rgb(65, 65, 65); font-family: &quot;allianz neo&quot;, sans-serif; font-size: 16px; text-align: center;\">Pour tout v\u00e9hicule terrestre \u00e0 moteur, la souscription d\u2019une&nbsp;garantie Responsabilit\u00e9 civile est obligatoire. Il est aussi important de couvrir votre parc automobile contre les dommages mat\u00e9riels et d\u2019assurer les conducteurs qui pourraient \u00eatre bless\u00e9s.<\/span><br><\/p>\t\t\t\t\t\t\t\t<\/div>\n\t\t\t\t<\/div>\n\t\t\t\t\t<\/div>\n\t\t<\/div>\n\t\t\t\t\t<\/div>\n\t\t<\/section>\n\t\t\t\t<section class=\"elementor-section elementor-top-section elementor-element elementor-element-ffb7590 elementor-section-boxed elementor-section-height-default elementor-section-height-default\" data-id=\"ffb7590\" data-element_type=\"section\" data-e-type=\"section\">\n\t\t\t\t\t\t<div class=\"elementor-container elementor-column-gap-default\">\n\t\t\t\t\t<div class=\"elementor-column elementor-col-33 elementor-top-column elementor-element elementor-element-04bd8d4\" data-id=\"04bd8d4\" data-element_type=\"column\" data-e-type=\"column\">\n\t\t\t<div class=\"elementor-widget-wrap elementor-element-populated\">\n\t\t\t\t\t\t<div class=\"elementor-element elementor-element-c845376 elementor-widget elementor-widget-image\" data-id=\"c845376\" data-element_type=\"widget\" data-e-type=\"widget\" data-widget_type=\"image.default\">\n\t\t\t\t<div class=\"elementor-widget-container\">\n\t\t\t\t\t\t\t\t\t\t\t\t\t\t\t<img fetchpriority=\"high\" decoding=\"async\" width=\"2000\" height=\"1335\" src=\"https:\/\/afgassurancesmadagascar.com\/wp-content\/uploads\/2024\/10\/close-up-side-view-image-happy-african-couple-rides-modern-motorbike-outdoors-looking-camera-1.jpg\" class=\"attachment-full size-full wp-image-32320\" alt=\"\" srcset=\"https:\/\/afgassurancesmadagascar.com\/wp-content\/uploads\/2024\/10\/close-up-side-view-image-happy-african-couple-rides-modern-motorbike-outdoors-looking-camera-1.jpg 2000w, https:\/\/afgassurancesmadagascar.com\/wp-content\/uploads\/2024\/10\/close-up-side-view-image-happy-african-couple-rides-modern-motorbike-outdoors-looking-camera-1-300x200.jpg 300w, https:\/\/afgassurancesmadagascar.com\/wp-content\/uploads\/2024\/10\/close-up-side-view-image-happy-african-couple-rides-modern-motorbike-outdoors-looking-camera-1-1024x684.jpg 1024w, https:\/\/afgassurancesmadagascar.com\/wp-content\/uploads\/2024\/10\/close-up-side-view-image-happy-african-couple-rides-modern-motorbike-outdoors-looking-camera-1-768x513.jpg 768w, https:\/\/afgassurancesmadagascar.com\/wp-content\/uploads\/2024\/10\/close-up-side-view-image-happy-african-couple-rides-modern-motorbike-outdoors-looking-camera-1-1536x1025.jpg 1536w\" sizes=\"(max-width: 2000px) 100vw, 2000px\" \/>\t\t\t\t\t\t\t\t\t\t\t\t\t\t\t<\/div>\n\t\t\t\t<\/div>\n\t\t\t\t\t<\/div>\n\t\t<\/div>\n\t\t\t\t<div class=\"elementor-column elementor-col-66 elementor-top-column elementor-element elementor-element-4415b5b\" data-id=\"4415b5b\" data-element_type=\"column\" data-e-type=\"column\">\n\t\t\t<div class=\"elementor-widget-wrap elementor-element-populated\">\n\t\t\t\t\t\t<div class=\"elementor-element elementor-element-4c90012 elementor-widget elementor-widget-text-editor\" data-id=\"4c90012\" data-element_type=\"widget\" data-e-type=\"widget\" data-widget_type=\"text-editor.default\">\n\t\t\t\t<div class=\"elementor-widget-container\">\n\t\t\t\t\t\t\t\t\t<h4><span style=\"color: #225a90;\"><strong>\u00c0 qui est destin\u00e9e cette offre d\u2019assurance ?<\/strong><\/span><\/h4><p>Aux entreprises ayant un parc automobile employ\u00e9 dans le cadre de leurs activit\u00e9s courantes (responsabilit\u00e9 civile et r\u00e9parations des v\u00e9hicules).<\/p><h4><strong><span style=\"color: #225a90;\">Quels sont les \u00e9v\u00e9nements couverts par cette offre d\u2019assurance ?<\/span><\/strong><\/h4><ul><li class=\"c-list__item \">Les accidents routiers entrainant des dommages mat\u00e9riels ou physiques aux tiers<\/li><li class=\"c-list__item \">Les dommages caus\u00e9s aux v\u00e9hicules assur\u00e9s<\/li><\/ul><h4><strong><span style=\"color: #225a90;\">Quelle est l\u2019indemnisation en cas d\u2019engagement de la garantie ?<\/span><\/strong><\/h4><ul><li class=\"c-list__item\">les soins en cas de dommages corporels aux tiers<\/li><li class=\"c-list__item\">les dommages mat\u00e9riels du tiers et de l\u2019assur\u00e9<\/li><\/ul>\t\t\t\t\t\t\t\t<\/div>\n\t\t\t\t<\/div>\n\t\t\t\t<div class=\"elementor-element elementor-element-b64d16b elementor-position-inline-start elementor-view-stacked elementor-shape-square elementor-mobile-position-block-start elementor-widget elementor-widget-icon-box\" data-id=\"b64d16b\" data-element_type=\"widget\" data-e-type=\"widget\" data-widget_type=\"icon-box.default\">\n\t\t\t\t<div class=\"elementor-widget-container\">\n\t\t\t\t\t\t\t<div class=\"elementor-icon-box-wrapper\">\n\n\t\t\t\t\t\t<div class=\"elementor-icon-box-icon\">\n\t\t\t\t<a href=\"https:\/\/afgassurancesmadagascar.com\/contact\/\" class=\"elementor-icon\" tabindex=\"-1\" aria-label=\"NOUS CONTACTER\">\n\t\t\t\t<i aria-hidden=\"true\" class=\"fas fa-arrow-right\"><\/i>\t\t\t\t<\/a>\n\t\t\t<\/div>\n\t\t\t\n\t\t\t\t\t\t<div class=\"elementor-icon-box-content\">\n\n\t\t\t\t\t\t\t\t\t<div class=\"elementor-icon-box-title\">\n\t\t\t\t\t\t<a href=\"https:\/\/afgassurancesmadagascar.com\/contact\/\" >\n\t\t\t\t\t\t\tNOUS CONTACTER\t\t\t\t\t\t<\/a>\n\t\t\t\t\t<\/div>\n\t\t\t\t\n\t\t\t\t\n\t\t\t<\/div>\n\t\t\t\n\t\t<\/div>\n\t\t\t\t\t\t<\/div>\n\t\t\t\t<\/div>\n\t\t\t\t\t<\/div>\n\t\t<\/div>\n\t\t\t\t\t<\/div>\n\t\t<\/section>\n\t\t\t\t<section class=\"elementor-section elementor-top-section elementor-element elementor-element-4df5dc9 elementor-section-boxed elementor-section-height-default elementor-section-height-default\" data-id=\"4df5dc9\" data-element_type=\"section\" data-e-type=\"section\">\n\t\t\t\t\t\t<div class=\"elementor-container elementor-column-gap-default\">\n\t\t\t\t\t<div class=\"elementor-column elementor-col-100 elementor-top-column elementor-element elementor-element-7ef02ef\" data-id=\"7ef02ef\" data-element_type=\"column\" data-e-type=\"column\">\n\t\t\t<div class=\"elementor-widget-wrap\">\n\t\t\t\t\t\t\t<\/div>\n\t\t<\/div>\n\t\t\t\t\t<\/div>\n\t\t<\/section>\n\t\t\t\t<\/div>\n\t\t","protected":false},"excerpt":{"rendered":"<p>ASSURANCE FLOTTE AUTO ET MOTO Vos v\u00e9hicules sont indispensables \u00e0 votre activit\u00e9 Pour tout v\u00e9hicule terrestre \u00e0 moteur, la souscription d\u2019une&nbsp;garantie Responsabilit\u00e9 civile est obligatoire. Il est aussi important de couvrir votre parc automobile contre les dommages mat\u00e9riels et d\u2019assurer les conducteurs qui pourraient \u00eatre bless\u00e9s. \u00c0 qui est destin\u00e9e cette offre d\u2019assurance ? Aux [&hellip;]<\/p>\n","protected":false},"author":1,"featured_media":0,"parent":0,"menu_order":0,"comment_status":"closed","ping_status":"closed","template":"elementor_header_footer","meta":{"_acf_changed":false,"footnotes":""},"class_list":["post-30208","page","type-page","status-publish","hentry"],"acf":[],"yoast_head":"<!-- This site is optimized with the Yoast SEO plugin v27.4 - https:\/\/yoast.com\/product\/yoast-seo-wordpress\/ -->\n<title>Assurance Flotte Auto et Moto - AFG Assur Madagascar<\/title>\n<meta name=\"robots\" content=\"index, follow, max-snippet:-1, max-image-preview:large, max-video-preview:-1\" \/>\n<link rel=\"canonical\" href=\"https:\/\/afgassurancesmadagascar.com\/assurance-flotte-auto-et-moto\/\" \/>\n<meta property=\"og:locale\" content=\"en_US\" \/>\n<meta property=\"og:type\" content=\"article\" \/>\n<meta property=\"og:title\" content=\"Assurance Flotte Auto et Moto - AFG Assur Madagascar\" \/>\n<meta property=\"og:description\" content=\"ASSURANCE FLOTTE AUTO ET MOTO Vos v\u00e9hicules sont indispensables \u00e0 votre activit\u00e9 Pour tout v\u00e9hicule terrestre \u00e0 moteur, la souscription d\u2019une&nbsp;garantie Responsabilit\u00e9 civile est obligatoire. Il est aussi important de couvrir votre parc automobile contre les dommages mat\u00e9riels et d\u2019assurer les conducteurs qui pourraient \u00eatre bless\u00e9s. \u00c0 qui est destin\u00e9e cette offre d\u2019assurance ? Aux [&hellip;]\" \/>\n<meta property=\"og:url\" content=\"https:\/\/afgassurancesmadagascar.com\/assurance-flotte-auto-et-moto\/\" \/>\n<meta property=\"og:site_name\" content=\"AFG Assur Madagascar\" \/>\n<meta property=\"article:modified_time\" content=\"2024-10-27T22:44:58+00:00\" \/>\n<meta property=\"og:image\" content=\"https:\/\/afgassurancesmadagascar.com\/wp-content\/uploads\/2024\/10\/close-up-side-view-image-happy-african-couple-rides-modern-motorbike-outdoors-looking-camera-1.jpg\" \/>\n\t<meta property=\"og:image:width\" content=\"2000\" \/>\n\t<meta property=\"og:image:height\" content=\"1335\" \/>\n\t<meta property=\"og:image:type\" content=\"image\/jpeg\" \/>\n<meta name=\"twitter:card\" content=\"summary_large_image\" \/>\n<meta name=\"twitter:label1\" content=\"Est. reading time\" \/>\n\t<meta name=\"twitter:data1\" content=\"1 minute\" \/>\n<script type=\"application\/ld+json\" class=\"yoast-schema-graph\">{\"@context\":\"https:\\\/\\\/schema.org\",\"@graph\":[{\"@type\":\"WebPage\",\"@id\":\"https:\\\/\\\/afgassurancesmadagascar.com\\\/assurance-flotte-auto-et-moto\\\/\",\"url\":\"https:\\\/\\\/afgassurancesmadagascar.com\\\/assurance-flotte-auto-et-moto\\\/\",\"name\":\"Assurance Flotte Auto et Moto - AFG Assur Madagascar\",\"isPartOf\":{\"@id\":\"https:\\\/\\\/afgassurancesmadagascar.com\\\/#website\"},\"primaryImageOfPage\":{\"@id\":\"https:\\\/\\\/afgassurancesmadagascar.com\\\/assurance-flotte-auto-et-moto\\\/#primaryimage\"},\"image\":{\"@id\":\"https:\\\/\\\/afgassurancesmadagascar.com\\\/assurance-flotte-auto-et-moto\\\/#primaryimage\"},\"thumbnailUrl\":\"https:\\\/\\\/afgassurancesmadagascar.com\\\/wp-content\\\/uploads\\\/2024\\\/10\\\/close-up-side-view-image-happy-african-couple-rides-modern-motorbike-outdoors-looking-camera-1.jpg\",\"datePublished\":\"2022-09-01T19:27:42+00:00\",\"dateModified\":\"2024-10-27T22:44:58+00:00\",\"breadcrumb\":{\"@id\":\"https:\\\/\\\/afgassurancesmadagascar.com\\\/assurance-flotte-auto-et-moto\\\/#breadcrumb\"},\"inLanguage\":\"en-US\",\"potentialAction\":[{\"@type\":\"ReadAction\",\"target\":[\"https:\\\/\\\/afgassurancesmadagascar.com\\\/assurance-flotte-auto-et-moto\\\/\"]}]},{\"@type\":\"ImageObject\",\"inLanguage\":\"en-US\",\"@id\":\"https:\\\/\\\/afgassurancesmadagascar.com\\\/assurance-flotte-auto-et-moto\\\/#primaryimage\",\"url\":\"https:\\\/\\\/afgassurancesmadagascar.com\\\/wp-content\\\/uploads\\\/2024\\\/10\\\/close-up-side-view-image-happy-african-couple-rides-modern-motorbike-outdoors-looking-camera-1.jpg\",\"contentUrl\":\"https:\\\/\\\/afgassurancesmadagascar.com\\\/wp-content\\\/uploads\\\/2024\\\/10\\\/close-up-side-view-image-happy-african-couple-rides-modern-motorbike-outdoors-looking-camera-1.jpg\"},{\"@type\":\"BreadcrumbList\",\"@id\":\"https:\\\/\\\/afgassurancesmadagascar.com\\\/assurance-flotte-auto-et-moto\\\/#breadcrumb\",\"itemListElement\":[{\"@type\":\"ListItem\",\"position\":1,\"name\":\"Accueil\",\"item\":\"https:\\\/\\\/afgassurancesmadagascar.com\\\/\"},{\"@type\":\"ListItem\",\"position\":2,\"name\":\"Assurance Flotte Auto et Moto\"}]},{\"@type\":\"WebSite\",\"@id\":\"https:\\\/\\\/afgassurancesmadagascar.com\\\/#website\",\"url\":\"https:\\\/\\\/afgassurancesmadagascar.com\\\/\",\"name\":\"AFG Assur Madagascar\",\"description\":\"...Et tout devient possible\",\"publisher\":{\"@id\":\"https:\\\/\\\/afgassurancesmadagascar.com\\\/#organization\"},\"potentialAction\":[{\"@type\":\"SearchAction\",\"target\":{\"@type\":\"EntryPoint\",\"urlTemplate\":\"https:\\\/\\\/afgassurancesmadagascar.com\\\/?s={search_term_string}\"},\"query-input\":{\"@type\":\"PropertyValueSpecification\",\"valueRequired\":true,\"valueName\":\"search_term_string\"}}],\"inLanguage\":\"en-US\"},{\"@type\":\"Organization\",\"@id\":\"https:\\\/\\\/afgassurancesmadagascar.com\\\/#organization\",\"name\":\"AFG Assur Madagascar\",\"url\":\"https:\\\/\\\/afgassurancesmadagascar.com\\\/\",\"logo\":{\"@type\":\"ImageObject\",\"inLanguage\":\"en-US\",\"@id\":\"https:\\\/\\\/afgassurancesmadagascar.com\\\/#\\\/schema\\\/logo\\\/image\\\/\",\"url\":\"https:\\\/\\\/afgassurancesmadagascar.com\\\/wp-content\\\/uploads\\\/2022\\\/08\\\/AFJ.png\",\"contentUrl\":\"https:\\\/\\\/afgassurancesmadagascar.com\\\/wp-content\\\/uploads\\\/2022\\\/08\\\/AFJ.png\",\"width\":482,\"height\":117,\"caption\":\"AFG Assur Madagascar\"},\"image\":{\"@id\":\"https:\\\/\\\/afgassurancesmadagascar.com\\\/#\\\/schema\\\/logo\\\/image\\\/\"}}]}<\/script>\n<!-- \/ Yoast SEO plugin. -->","yoast_head_json":{"title":"Assurance Flotte Auto et Moto - AFG Assur Madagascar","robots":{"index":"index","follow":"follow","max-snippet":"max-snippet:-1","max-image-preview":"max-image-preview:large","max-video-preview":"max-video-preview:-1"},"canonical":"https:\/\/afgassurancesmadagascar.com\/assurance-flotte-auto-et-moto\/","og_locale":"en_US","og_type":"article","og_title":"Assurance Flotte Auto et Moto - AFG Assur Madagascar","og_description":"ASSURANCE FLOTTE AUTO ET MOTO Vos v\u00e9hicules sont indispensables \u00e0 votre activit\u00e9 Pour tout v\u00e9hicule terrestre \u00e0 moteur, la souscription d\u2019une&nbsp;garantie Responsabilit\u00e9 civile est obligatoire. Il est aussi important de couvrir votre parc automobile contre les dommages mat\u00e9riels et d\u2019assurer les conducteurs qui pourraient \u00eatre bless\u00e9s. \u00c0 qui est destin\u00e9e cette offre d\u2019assurance ? Aux [&hellip;]","og_url":"https:\/\/afgassurancesmadagascar.com\/assurance-flotte-auto-et-moto\/","og_site_name":"AFG Assur Madagascar","article_modified_time":"2024-10-27T22:44:58+00:00","og_image":[{"width":2000,"height":1335,"url":"https:\/\/afgassurancesmadagascar.com\/wp-content\/uploads\/2024\/10\/close-up-side-view-image-happy-african-couple-rides-modern-motorbike-outdoors-looking-camera-1.jpg","type":"image\/jpeg"}],"twitter_card":"summary_large_image","twitter_misc":{"Est. reading time":"1 minute"},"schema":{"@context":"https:\/\/schema.org","@graph":[{"@type":"WebPage","@id":"https:\/\/afgassurancesmadagascar.com\/assurance-flotte-auto-et-moto\/","url":"https:\/\/afgassurancesmadagascar.com\/assurance-flotte-auto-et-moto\/","name":"Assurance Flotte Auto et Moto - AFG Assur Madagascar","isPartOf":{"@id":"https:\/\/afgassurancesmadagascar.com\/#website"},"primaryImageOfPage":{"@id":"https:\/\/afgassurancesmadagascar.com\/assurance-flotte-auto-et-moto\/#primaryimage"},"image":{"@id":"https:\/\/afgassurancesmadagascar.com\/assurance-flotte-auto-et-moto\/#primaryimage"},"thumbnailUrl":"https:\/\/afgassurancesmadagascar.com\/wp-content\/uploads\/2024\/10\/close-up-side-view-image-happy-african-couple-rides-modern-motorbike-outdoors-looking-camera-1.jpg","datePublished":"2022-09-01T19:27:42+00:00","dateModified":"2024-10-27T22:44:58+00:00","breadcrumb":{"@id":"https:\/\/afgassurancesmadagascar.com\/assurance-flotte-auto-et-moto\/#breadcrumb"},"inLanguage":"en-US","potentialAction":[{"@type":"ReadAction","target":["https:\/\/afgassurancesmadagascar.com\/assurance-flotte-auto-et-moto\/"]}]},{"@type":"ImageObject","inLanguage":"en-US","@id":"https:\/\/afgassurancesmadagascar.com\/assurance-flotte-auto-et-moto\/#primaryimage","url":"https:\/\/afgassurancesmadagascar.com\/wp-content\/uploads\/2024\/10\/close-up-side-view-image-happy-african-couple-rides-modern-motorbike-outdoors-looking-camera-1.jpg","contentUrl":"https:\/\/afgassurancesmadagascar.com\/wp-content\/uploads\/2024\/10\/close-up-side-view-image-happy-african-couple-rides-modern-motorbike-outdoors-looking-camera-1.jpg"},{"@type":"BreadcrumbList","@id":"https:\/\/afgassurancesmadagascar.com\/assurance-flotte-auto-et-moto\/#breadcrumb","itemListElement":[{"@type":"ListItem","position":1,"name":"Accueil","item":"https:\/\/afgassurancesmadagascar.com\/"},{"@type":"ListItem","position":2,"name":"Assurance Flotte Auto et Moto"}]},{"@type":"WebSite","@id":"https:\/\/afgassurancesmadagascar.com\/#website","url":"https:\/\/afgassurancesmadagascar.com\/","name":"AFG Assur Madagascar","description":"...Et tout devient possible","publisher":{"@id":"https:\/\/afgassurancesmadagascar.com\/#organization"},"potentialAction":[{"@type":"SearchAction","target":{"@type":"EntryPoint","urlTemplate":"https:\/\/afgassurancesmadagascar.com\/?s={search_term_string}"},"query-input":{"@type":"PropertyValueSpecification","valueRequired":true,"valueName":"search_term_string"}}],"inLanguage":"en-US"},{"@type":"Organization","@id":"https:\/\/afgassurancesmadagascar.com\/#organization","name":"AFG Assur Madagascar","url":"https:\/\/afgassurancesmadagascar.com\/","logo":{"@type":"ImageObject","inLanguage":"en-US","@id":"https:\/\/afgassurancesmadagascar.com\/#\/schema\/logo\/image\/","url":"https:\/\/afgassurancesmadagascar.com\/wp-content\/uploads\/2022\/08\/AFJ.png","contentUrl":"https:\/\/afgassurancesmadagascar.com\/wp-content\/uploads\/2022\/08\/AFJ.png","width":482,"height":117,"caption":"AFG Assur Madagascar"},"image":{"@id":"https:\/\/afgassurancesmadagascar.com\/#\/schema\/logo\/image\/"}}]}},"_links":{"self":[{"href":"https:\/\/afgassurancesmadagascar.com\/en\/wp-json\/wp\/v2\/pages\/30208","targetHints":{"allow":["GET"]}}],"collection":[{"href":"https:\/\/afgassurancesmadagascar.com\/en\/wp-json\/wp\/v2\/pages"}],"about":[{"href":"https:\/\/afgassurancesmadagascar.com\/en\/wp-json\/wp\/v2\/types\/page"}],"author":[{"embeddable":true,"href":"https:\/\/afgassurancesmadagascar.com\/en\/wp-json\/wp\/v2\/users\/1"}],"replies":[{"embeddable":true,"href":"https:\/\/afgassurancesmadagascar.com\/en\/wp-json\/wp\/v2\/comments?post=30208"}],"version-history":[{"count":31,"href":"https:\/\/afgassurancesmadagascar.com\/en\/wp-json\/wp\/v2\/pages\/30208\/revisions"}],"predecessor-version":[{"id":32326,"href":"https:\/\/afgassurancesmadagascar.com\/en\/wp-json\/wp\/v2\/pages\/30208\/revisions\/32326"}],"wp:attachment":[{"href":"https:\/\/afgassurancesmadagascar.com\/en\/wp-json\/wp\/v2\/media?parent=30208"}],"curies":[{"name":"wp","href":"https:\/\/api.w.org\/{rel}","templated":true}]}}