{"id":30484,"date":"2022-09-02T23:37:35","date_gmt":"2022-09-02T21:37:35","guid":{"rendered":"https:\/\/afgassurancesmadagascar.com\/?page_id=30484"},"modified":"2026-04-13T14:11:31","modified_gmt":"2026-04-13T11:11:31","slug":"assurance-sante-entreprise","status":"publish","type":"page","link":"https:\/\/afgassurancesmadagascar.com\/en\/assurance-sante-entreprise\/","title":{"rendered":"Assurance Sant\u00e9 Entreprise"},"content":{"rendered":"\t\t<div data-elementor-type=\"wp-page\" data-elementor-id=\"30484\" class=\"elementor elementor-30484\" data-elementor-post-type=\"page\">\n\t\t\t\t\t\t<section class=\"elementor-section elementor-top-section elementor-element elementor-element-1d0847f elementor-section-height-min-height elementor-section-boxed elementor-section-height-default elementor-section-items-middle\" data-id=\"1d0847f\" data-element_type=\"section\" data-e-type=\"section\" data-settings=\"{&quot;background_background&quot;:&quot;classic&quot;}\">\n\t\t\t\t\t\t\t<div class=\"elementor-background-overlay\"><\/div>\n\t\t\t\t\t\t\t<div class=\"elementor-container elementor-column-gap-default\">\n\t\t\t\t\t<div class=\"elementor-column elementor-col-100 elementor-top-column elementor-element elementor-element-5f81047\" data-id=\"5f81047\" data-element_type=\"column\" data-e-type=\"column\">\n\t\t\t<div class=\"elementor-widget-wrap elementor-element-populated\">\n\t\t\t\t\t\t<div class=\"elementor-element elementor-element-9511e5f elementor-widget elementor-widget-heading\" data-id=\"9511e5f\" data-element_type=\"widget\" data-e-type=\"widget\" data-widget_type=\"heading.default\">\n\t\t\t\t<div class=\"elementor-widget-container\">\n\t\t\t\t\t<h1 class=\"elementor-heading-title elementor-size-xxl\">ASSURANCE SANTE ENTREPRISE<\/h1>\t\t\t\t<\/div>\n\t\t\t\t<\/div>\n\t\t\t\t\t<\/div>\n\t\t<\/div>\n\t\t\t\t\t<\/div>\n\t\t<\/section>\n\t\t\t\t<section class=\"elementor-section elementor-top-section elementor-element elementor-element-9936c97 elementor-section-boxed elementor-section-height-default elementor-section-height-default\" data-id=\"9936c97\" data-element_type=\"section\" data-e-type=\"section\">\n\t\t\t\t\t\t<div class=\"elementor-container elementor-column-gap-default\">\n\t\t\t\t\t<div class=\"elementor-column elementor-col-100 elementor-top-column elementor-element elementor-element-970c1d3\" data-id=\"970c1d3\" data-element_type=\"column\" data-e-type=\"column\">\n\t\t\t<div class=\"elementor-widget-wrap elementor-element-populated\">\n\t\t\t\t\t\t<div class=\"elementor-element elementor-element-2a9b944 elementor-widget elementor-widget-spacer\" data-id=\"2a9b944\" data-element_type=\"widget\" data-e-type=\"widget\" data-widget_type=\"spacer.default\">\n\t\t\t\t<div class=\"elementor-widget-container\">\n\t\t\t\t\t\t\t<div class=\"elementor-spacer\">\n\t\t\t<div class=\"elementor-spacer-inner\"><\/div>\n\t\t<\/div>\n\t\t\t\t\t\t<\/div>\n\t\t\t\t<\/div>\n\t\t\t\t<div class=\"elementor-element elementor-element-21141f3 elementor-widget elementor-widget-heading\" data-id=\"21141f3\" data-element_type=\"widget\" data-e-type=\"widget\" data-widget_type=\"heading.default\">\n\t\t\t\t<div class=\"elementor-widget-container\">\n\t\t\t\t\t<h2 class=\"elementor-heading-title elementor-size-default\">Parce que le bien \u00eatre de vos salari\u00e9s compte<\/h2>\t\t\t\t<\/div>\n\t\t\t\t<\/div>\n\t\t\t\t<div class=\"elementor-element elementor-element-83d6ed1 elementor-widget elementor-widget-text-editor\" data-id=\"83d6ed1\" data-element_type=\"widget\" data-e-type=\"widget\" data-widget_type=\"text-editor.default\">\n\t\t\t\t<div class=\"elementor-widget-container\">\n\t\t\t\t\t\t\t\t\t<div class=\"text\"><div class=\"l-grid__column-medium-10 offset-medium-1\"><div class=\"c-copy u-text-hyphen-manual \"><div>L&#8217;assurance sant\u00e9 de <span style=\"color: #225a90;\"><strong>AFG Assurances Madagascar<\/strong><\/span> est une couverture mutuelle sant\u00e9 sur mesure pour les entreprises. Elle assure \u00e0 vos collaborateurs adh\u00e9rents le remboursement d\u2019une part du montant cons\u00e9cutif \u00e0 leurs frais de sant\u00e9 ainsi que ceux de leurs familles.\u00a0<\/div><\/div><\/div><\/div><div class=\"spacer parbase\">\u00a0<\/div>\t\t\t\t\t\t\t\t<\/div>\n\t\t\t\t<\/div>\n\t\t\t\t\t<\/div>\n\t\t<\/div>\n\t\t\t\t\t<\/div>\n\t\t<\/section>\n\t\t\t\t<section class=\"elementor-section elementor-top-section elementor-element elementor-element-ffb7590 elementor-section-boxed elementor-section-height-default elementor-section-height-default\" data-id=\"ffb7590\" data-element_type=\"section\" data-e-type=\"section\">\n\t\t\t\t\t\t<div class=\"elementor-container elementor-column-gap-default\">\n\t\t\t\t\t<div class=\"elementor-column elementor-col-33 elementor-top-column elementor-element elementor-element-04bd8d4\" data-id=\"04bd8d4\" data-element_type=\"column\" data-e-type=\"column\">\n\t\t\t<div class=\"elementor-widget-wrap elementor-element-populated\">\n\t\t\t\t\t\t<div class=\"elementor-element elementor-element-07a6c5d elementor-widget elementor-widget-image\" data-id=\"07a6c5d\" data-element_type=\"widget\" data-e-type=\"widget\" data-widget_type=\"image.default\">\n\t\t\t\t<div class=\"elementor-widget-container\">\n\t\t\t\t\t\t\t\t\t\t\t\t\t\t\t<img decoding=\"async\" src=\"https:\/\/afgassurancesmadagascar.com\/wp-content\/uploads\/elementor\/thumbs\/afgassur-employees-healthcare-quu881p2dizudc1sa960810lr4aadvwpwwglsvxmik.jpg\" title=\"afgassur-employees-healthcare\" alt=\"afgassur-employees-healthcare\" loading=\"lazy\" \/>\t\t\t\t\t\t\t\t\t\t\t\t\t\t\t<\/div>\n\t\t\t\t<\/div>\n\t\t\t\t\t<\/div>\n\t\t<\/div>\n\t\t\t\t<div class=\"elementor-column elementor-col-66 elementor-top-column elementor-element elementor-element-4415b5b\" data-id=\"4415b5b\" data-element_type=\"column\" data-e-type=\"column\">\n\t\t\t<div class=\"elementor-widget-wrap elementor-element-populated\">\n\t\t\t\t\t\t<div class=\"elementor-element elementor-element-4c90012 elementor-widget elementor-widget-text-editor\" data-id=\"4c90012\" data-element_type=\"widget\" data-e-type=\"widget\" data-widget_type=\"text-editor.default\">\n\t\t\t\t<div class=\"elementor-widget-container\">\n\t\t\t\t\t\t\t\t\t<h4><span style=\"color: #225a90;\"><strong>\u00c0 qui est destin\u00e9e cette offre d\u2019assurance ?<\/strong><\/span><\/h4><p class=\"p2\">Une assurance adapt\u00e9e \u00e0 toutes les entreprises, quels que soient la taille ou le secteur d\u2019activit\u00e9.<\/p><h4><strong><span style=\"color: #225a90;\">Quels sont les \u00e9v\u00e9nements couverts par cette offre d\u2019assurance ?<\/span><\/strong><\/h4><ul><li class=\"c-list__item\"><b>Frais m\u00e9dicaux<\/b>\u00a0: consultations, analyses, radios, soins (injections, pr\u00e9l\u00e8vements, actes de sp\u00e9cialiste)<\/li><li class=\"c-list__item\"><b>Pharmacie<\/b>\u00a0: Pharmacie usuelle et frais li\u00e9s au Sida<\/li><li class=\"c-list__item\"><b>Hospitalisation<\/b>\u00a0: Frais de chambre, actes et honoraires m\u00e9dicaux +frais accessoires li\u00e9s \u00e0 une intervention chirurgicale, frais de s\u00e9jour de la m\u00e8re accompagnant un enfant de moins de 05 ans<\/li><li class=\"c-list__item\"><b>Maternit\u00e9<\/b>\u00a0: Frais pr\u00e9 et post natals, \u00c9chographie pr\u00e9natale, Bilan pr\u00e9natal<\/li><li class=\"c-list__item\"><b>Accouchements<\/b>\u00a0: Au priv\u00e9, Au public, Forfait accouchement<\/li><li class=\"c-list__item\"><b>Optique<\/b>\u00a0: Verres et montures pour adultes et enfants<\/li><li class=\"c-list__item\"><b>Dentaire<\/b>\u00a0: Soins et proth\u00e8ses, orthodontie<\/li><li class=\"c-list__item\"><b>Autres<\/b>\u00a0: Autres proth\u00e8ses, kin\u00e9sith\u00e9rapie, r\u00e9\u00e9ducation, transport en ambulance, etc&#8230;<\/li><\/ul>\t\t\t\t\t\t\t\t<\/div>\n\t\t\t\t<\/div>\n\t\t\t\t\t<\/div>\n\t\t<\/div>\n\t\t\t\t\t<\/div>\n\t\t<\/section>\n\t\t\t\t<section class=\"elementor-section elementor-top-section elementor-element elementor-element-83cb7b0 elementor-section-boxed elementor-section-height-default elementor-section-height-default\" data-id=\"83cb7b0\" data-element_type=\"section\" data-e-type=\"section\">\n\t\t\t\t\t\t<div class=\"elementor-container elementor-column-gap-default\">\n\t\t\t\t\t<div class=\"elementor-column elementor-col-100 elementor-top-column elementor-element elementor-element-395b0c3\" data-id=\"395b0c3\" data-element_type=\"column\" data-e-type=\"column\">\n\t\t\t<div class=\"elementor-widget-wrap elementor-element-populated\">\n\t\t\t\t\t\t<div class=\"elementor-element elementor-element-a237343 elementor-widget elementor-widget-spacer\" data-id=\"a237343\" data-element_type=\"widget\" data-e-type=\"widget\" data-widget_type=\"spacer.default\">\n\t\t\t\t<div class=\"elementor-widget-container\">\n\t\t\t\t\t\t\t<div class=\"elementor-spacer\">\n\t\t\t<div class=\"elementor-spacer-inner\"><\/div>\n\t\t<\/div>\n\t\t\t\t\t\t<\/div>\n\t\t\t\t<\/div>\n\t\t\t\t\t<\/div>\n\t\t<\/div>\n\t\t\t\t\t<\/div>\n\t\t<\/section>\n\t\t\t\t<\/div>\n\t\t","protected":false},"excerpt":{"rendered":"<p>ASSURANCE SANTE ENTREPRISE Parce que le bien \u00eatre de vos salari\u00e9s compte L&#8217;assurance sant\u00e9 de AFG Assurances Madagascar est une couverture mutuelle sant\u00e9 sur mesure pour les entreprises. Elle assure \u00e0 vos collaborateurs adh\u00e9rents le remboursement d\u2019une part du montant cons\u00e9cutif \u00e0 leurs frais de sant\u00e9 ainsi que ceux de leurs familles.\u00a0\u00a0 \u00c0 qui est [&hellip;]<\/p>\n","protected":false},"author":1,"featured_media":0,"parent":0,"menu_order":0,"comment_status":"closed","ping_status":"closed","template":"elementor_header_footer","meta":{"_acf_changed":false,"footnotes":""},"class_list":["post-30484","page","type-page","status-publish","hentry"],"acf":[],"yoast_head":"<!-- This site is optimized with the Yoast SEO plugin v27.4 - https:\/\/yoast.com\/product\/yoast-seo-wordpress\/ -->\n<title>Assurance Sant\u00e9 Entreprise - AFG Assur Madagascar<\/title>\n<meta name=\"robots\" content=\"index, follow, max-snippet:-1, max-image-preview:large, max-video-preview:-1\" \/>\n<link rel=\"canonical\" href=\"https:\/\/afgassurancesmadagascar.com\/assurance-sante-entreprise\/\" \/>\n<meta property=\"og:locale\" content=\"en_US\" \/>\n<meta property=\"og:type\" content=\"article\" \/>\n<meta property=\"og:title\" content=\"Assurance Sant\u00e9 Entreprise - AFG Assur Madagascar\" \/>\n<meta property=\"og:description\" content=\"ASSURANCE SANTE ENTREPRISE Parce que le bien \u00eatre de vos salari\u00e9s compte L&#8217;assurance sant\u00e9 de AFG Assurances Madagascar est une couverture mutuelle sant\u00e9 sur mesure pour les entreprises. Elle assure \u00e0 vos collaborateurs adh\u00e9rents le remboursement d\u2019une part du montant cons\u00e9cutif \u00e0 leurs frais de sant\u00e9 ainsi que ceux de leurs familles.\u00a0\u00a0 \u00c0 qui est [&hellip;]\" \/>\n<meta property=\"og:url\" content=\"https:\/\/afgassurancesmadagascar.com\/assurance-sante-entreprise\/\" \/>\n<meta property=\"og:site_name\" content=\"AFG Assur Madagascar\" \/>\n<meta property=\"article:modified_time\" content=\"2026-04-13T11:11:31+00:00\" \/>\n<meta property=\"og:image\" content=\"https:\/\/afgassurancesmadagascar.com\/wp-content\/uploads\/elementor\/thumbs\/afgassur-employees-healthcare-quu881p2dizudc1sa960810lr4aadvwpwwglsvxmik.jpg\" \/>\n<meta name=\"twitter:card\" content=\"summary_large_image\" \/>\n<meta name=\"twitter:label1\" content=\"Est. reading time\" \/>\n\t<meta name=\"twitter:data1\" content=\"2 minutes\" \/>\n<script type=\"application\/ld+json\" class=\"yoast-schema-graph\">{\"@context\":\"https:\\\/\\\/schema.org\",\"@graph\":[{\"@type\":\"WebPage\",\"@id\":\"https:\\\/\\\/afgassurancesmadagascar.com\\\/assurance-sante-entreprise\\\/\",\"url\":\"https:\\\/\\\/afgassurancesmadagascar.com\\\/assurance-sante-entreprise\\\/\",\"name\":\"Assurance Sant\u00e9 Entreprise - AFG Assur Madagascar\",\"isPartOf\":{\"@id\":\"https:\\\/\\\/afgassurancesmadagascar.com\\\/#website\"},\"primaryImageOfPage\":{\"@id\":\"https:\\\/\\\/afgassurancesmadagascar.com\\\/assurance-sante-entreprise\\\/#primaryimage\"},\"image\":{\"@id\":\"https:\\\/\\\/afgassurancesmadagascar.com\\\/assurance-sante-entreprise\\\/#primaryimage\"},\"thumbnailUrl\":\"https:\\\/\\\/afgassurancesmadagascar.com\\\/wp-content\\\/uploads\\\/elementor\\\/thumbs\\\/afgassur-employees-healthcare-quu881p2dizudc1sa960810lr4aadvwpwwglsvxmik.jpg\",\"datePublished\":\"2022-09-02T21:37:35+00:00\",\"dateModified\":\"2026-04-13T11:11:31+00:00\",\"breadcrumb\":{\"@id\":\"https:\\\/\\\/afgassurancesmadagascar.com\\\/assurance-sante-entreprise\\\/#breadcrumb\"},\"inLanguage\":\"en-US\",\"potentialAction\":[{\"@type\":\"ReadAction\",\"target\":[\"https:\\\/\\\/afgassurancesmadagascar.com\\\/assurance-sante-entreprise\\\/\"]}]},{\"@type\":\"ImageObject\",\"inLanguage\":\"en-US\",\"@id\":\"https:\\\/\\\/afgassurancesmadagascar.com\\\/assurance-sante-entreprise\\\/#primaryimage\",\"url\":\"https:\\\/\\\/afgassurancesmadagascar.com\\\/wp-content\\\/uploads\\\/elementor\\\/thumbs\\\/afgassur-employees-healthcare-quu881p2dizudc1sa960810lr4aadvwpwwglsvxmik.jpg\",\"contentUrl\":\"https:\\\/\\\/afgassurancesmadagascar.com\\\/wp-content\\\/uploads\\\/elementor\\\/thumbs\\\/afgassur-employees-healthcare-quu881p2dizudc1sa960810lr4aadvwpwwglsvxmik.jpg\"},{\"@type\":\"BreadcrumbList\",\"@id\":\"https:\\\/\\\/afgassurancesmadagascar.com\\\/assurance-sante-entreprise\\\/#breadcrumb\",\"itemListElement\":[{\"@type\":\"ListItem\",\"position\":1,\"name\":\"Accueil\",\"item\":\"https:\\\/\\\/afgassurancesmadagascar.com\\\/\"},{\"@type\":\"ListItem\",\"position\":2,\"name\":\"Assurance Sant\u00e9 Entreprise\"}]},{\"@type\":\"WebSite\",\"@id\":\"https:\\\/\\\/afgassurancesmadagascar.com\\\/#website\",\"url\":\"https:\\\/\\\/afgassurancesmadagascar.com\\\/\",\"name\":\"AFG Assur Madagascar\",\"description\":\"...Et tout devient possible\",\"publisher\":{\"@id\":\"https:\\\/\\\/afgassurancesmadagascar.com\\\/#organization\"},\"potentialAction\":[{\"@type\":\"SearchAction\",\"target\":{\"@type\":\"EntryPoint\",\"urlTemplate\":\"https:\\\/\\\/afgassurancesmadagascar.com\\\/?s={search_term_string}\"},\"query-input\":{\"@type\":\"PropertyValueSpecification\",\"valueRequired\":true,\"valueName\":\"search_term_string\"}}],\"inLanguage\":\"en-US\"},{\"@type\":\"Organization\",\"@id\":\"https:\\\/\\\/afgassurancesmadagascar.com\\\/#organization\",\"name\":\"AFG Assur Madagascar\",\"url\":\"https:\\\/\\\/afgassurancesmadagascar.com\\\/\",\"logo\":{\"@type\":\"ImageObject\",\"inLanguage\":\"en-US\",\"@id\":\"https:\\\/\\\/afgassurancesmadagascar.com\\\/#\\\/schema\\\/logo\\\/image\\\/\",\"url\":\"https:\\\/\\\/afgassurancesmadagascar.com\\\/wp-content\\\/uploads\\\/2022\\\/08\\\/AFJ.png\",\"contentUrl\":\"https:\\\/\\\/afgassurancesmadagascar.com\\\/wp-content\\\/uploads\\\/2022\\\/08\\\/AFJ.png\",\"width\":482,\"height\":117,\"caption\":\"AFG Assur Madagascar\"},\"image\":{\"@id\":\"https:\\\/\\\/afgassurancesmadagascar.com\\\/#\\\/schema\\\/logo\\\/image\\\/\"}}]}<\/script>\n<!-- \/ Yoast SEO plugin. -->","yoast_head_json":{"title":"Assurance Sant\u00e9 Entreprise - AFG Assur Madagascar","robots":{"index":"index","follow":"follow","max-snippet":"max-snippet:-1","max-image-preview":"max-image-preview:large","max-video-preview":"max-video-preview:-1"},"canonical":"https:\/\/afgassurancesmadagascar.com\/assurance-sante-entreprise\/","og_locale":"en_US","og_type":"article","og_title":"Assurance Sant\u00e9 Entreprise - AFG Assur Madagascar","og_description":"ASSURANCE SANTE ENTREPRISE Parce que le bien \u00eatre de vos salari\u00e9s compte L&#8217;assurance sant\u00e9 de AFG Assurances Madagascar est une couverture mutuelle sant\u00e9 sur mesure pour les entreprises. Elle assure \u00e0 vos collaborateurs adh\u00e9rents le remboursement d\u2019une part du montant cons\u00e9cutif \u00e0 leurs frais de sant\u00e9 ainsi que ceux de leurs familles.\u00a0\u00a0 \u00c0 qui est [&hellip;]","og_url":"https:\/\/afgassurancesmadagascar.com\/assurance-sante-entreprise\/","og_site_name":"AFG Assur Madagascar","article_modified_time":"2026-04-13T11:11:31+00:00","og_image":[{"url":"https:\/\/afgassurancesmadagascar.com\/wp-content\/uploads\/elementor\/thumbs\/afgassur-employees-healthcare-quu881p2dizudc1sa960810lr4aadvwpwwglsvxmik.jpg","type":"","width":"","height":""}],"twitter_card":"summary_large_image","twitter_misc":{"Est. reading time":"2 minutes"},"schema":{"@context":"https:\/\/schema.org","@graph":[{"@type":"WebPage","@id":"https:\/\/afgassurancesmadagascar.com\/assurance-sante-entreprise\/","url":"https:\/\/afgassurancesmadagascar.com\/assurance-sante-entreprise\/","name":"Assurance Sant\u00e9 Entreprise - AFG Assur Madagascar","isPartOf":{"@id":"https:\/\/afgassurancesmadagascar.com\/#website"},"primaryImageOfPage":{"@id":"https:\/\/afgassurancesmadagascar.com\/assurance-sante-entreprise\/#primaryimage"},"image":{"@id":"https:\/\/afgassurancesmadagascar.com\/assurance-sante-entreprise\/#primaryimage"},"thumbnailUrl":"https:\/\/afgassurancesmadagascar.com\/wp-content\/uploads\/elementor\/thumbs\/afgassur-employees-healthcare-quu881p2dizudc1sa960810lr4aadvwpwwglsvxmik.jpg","datePublished":"2022-09-02T21:37:35+00:00","dateModified":"2026-04-13T11:11:31+00:00","breadcrumb":{"@id":"https:\/\/afgassurancesmadagascar.com\/assurance-sante-entreprise\/#breadcrumb"},"inLanguage":"en-US","potentialAction":[{"@type":"ReadAction","target":["https:\/\/afgassurancesmadagascar.com\/assurance-sante-entreprise\/"]}]},{"@type":"ImageObject","inLanguage":"en-US","@id":"https:\/\/afgassurancesmadagascar.com\/assurance-sante-entreprise\/#primaryimage","url":"https:\/\/afgassurancesmadagascar.com\/wp-content\/uploads\/elementor\/thumbs\/afgassur-employees-healthcare-quu881p2dizudc1sa960810lr4aadvwpwwglsvxmik.jpg","contentUrl":"https:\/\/afgassurancesmadagascar.com\/wp-content\/uploads\/elementor\/thumbs\/afgassur-employees-healthcare-quu881p2dizudc1sa960810lr4aadvwpwwglsvxmik.jpg"},{"@type":"BreadcrumbList","@id":"https:\/\/afgassurancesmadagascar.com\/assurance-sante-entreprise\/#breadcrumb","itemListElement":[{"@type":"ListItem","position":1,"name":"Accueil","item":"https:\/\/afgassurancesmadagascar.com\/"},{"@type":"ListItem","position":2,"name":"Assurance Sant\u00e9 Entreprise"}]},{"@type":"WebSite","@id":"https:\/\/afgassurancesmadagascar.com\/#website","url":"https:\/\/afgassurancesmadagascar.com\/","name":"AFG Assur Madagascar","description":"...Et tout devient possible","publisher":{"@id":"https:\/\/afgassurancesmadagascar.com\/#organization"},"potentialAction":[{"@type":"SearchAction","target":{"@type":"EntryPoint","urlTemplate":"https:\/\/afgassurancesmadagascar.com\/?s={search_term_string}"},"query-input":{"@type":"PropertyValueSpecification","valueRequired":true,"valueName":"search_term_string"}}],"inLanguage":"en-US"},{"@type":"Organization","@id":"https:\/\/afgassurancesmadagascar.com\/#organization","name":"AFG Assur Madagascar","url":"https:\/\/afgassurancesmadagascar.com\/","logo":{"@type":"ImageObject","inLanguage":"en-US","@id":"https:\/\/afgassurancesmadagascar.com\/#\/schema\/logo\/image\/","url":"https:\/\/afgassurancesmadagascar.com\/wp-content\/uploads\/2022\/08\/AFJ.png","contentUrl":"https:\/\/afgassurancesmadagascar.com\/wp-content\/uploads\/2022\/08\/AFJ.png","width":482,"height":117,"caption":"AFG Assur Madagascar"},"image":{"@id":"https:\/\/afgassurancesmadagascar.com\/#\/schema\/logo\/image\/"}}]}},"_links":{"self":[{"href":"https:\/\/afgassurancesmadagascar.com\/en\/wp-json\/wp\/v2\/pages\/30484","targetHints":{"allow":["GET"]}}],"collection":[{"href":"https:\/\/afgassurancesmadagascar.com\/en\/wp-json\/wp\/v2\/pages"}],"about":[{"href":"https:\/\/afgassurancesmadagascar.com\/en\/wp-json\/wp\/v2\/types\/page"}],"author":[{"embeddable":true,"href":"https:\/\/afgassurancesmadagascar.com\/en\/wp-json\/wp\/v2\/users\/1"}],"replies":[{"embeddable":true,"href":"https:\/\/afgassurancesmadagascar.com\/en\/wp-json\/wp\/v2\/comments?post=30484"}],"version-history":[{"count":19,"href":"https:\/\/afgassurancesmadagascar.com\/en\/wp-json\/wp\/v2\/pages\/30484\/revisions"}],"predecessor-version":[{"id":67123,"href":"https:\/\/afgassurancesmadagascar.com\/en\/wp-json\/wp\/v2\/pages\/30484\/revisions\/67123"}],"wp:attachment":[{"href":"https:\/\/afgassurancesmadagascar.com\/en\/wp-json\/wp\/v2\/media?parent=30484"}],"curies":[{"name":"wp","href":"https:\/\/api.w.org\/{rel}","templated":true}]}}