{"id":30486,"date":"2022-09-02T23:48:06","date_gmt":"2022-09-02T21:48:06","guid":{"rendered":"https:\/\/afgassurancesmadagascar.com\/?page_id=30486"},"modified":"2025-02-03T14:40:31","modified_gmt":"2025-02-03T11:40:31","slug":"indemnites-fin-carriere","status":"publish","type":"page","link":"https:\/\/afgassurancesmadagascar.com\/en\/indemnites-fin-carriere\/","title":{"rendered":"Indemnit\u00e9s de Fin de Carri\u00e8re"},"content":{"rendered":"\t\t<div data-elementor-type=\"wp-page\" data-elementor-id=\"30486\" class=\"elementor elementor-30486\" data-elementor-post-type=\"page\">\n\t\t\t\t\t\t<section class=\"elementor-section elementor-top-section elementor-element elementor-element-1d0847f elementor-section-height-min-height elementor-section-boxed elementor-section-height-default elementor-section-items-middle\" data-id=\"1d0847f\" data-element_type=\"section\" data-e-type=\"section\" data-settings=\"{&quot;background_background&quot;:&quot;classic&quot;}\">\n\t\t\t\t\t\t\t<div class=\"elementor-background-overlay\"><\/div>\n\t\t\t\t\t\t\t<div class=\"elementor-container elementor-column-gap-default\">\n\t\t\t\t\t<div class=\"elementor-column elementor-col-100 elementor-top-column elementor-element elementor-element-5f81047\" data-id=\"5f81047\" data-element_type=\"column\" data-e-type=\"column\">\n\t\t\t<div class=\"elementor-widget-wrap elementor-element-populated\">\n\t\t\t\t\t\t<div class=\"elementor-element elementor-element-9511e5f elementor-widget elementor-widget-heading\" data-id=\"9511e5f\" data-element_type=\"widget\" data-e-type=\"widget\" data-widget_type=\"heading.default\">\n\t\t\t\t<div class=\"elementor-widget-container\">\n\t\t\t\t\t<h1 class=\"elementor-heading-title elementor-size-xxl\">INDEMNITES DE FIN DE CARRIERE<\/h1>\t\t\t\t<\/div>\n\t\t\t\t<\/div>\n\t\t\t\t\t<\/div>\n\t\t<\/div>\n\t\t\t\t\t<\/div>\n\t\t<\/section>\n\t\t\t\t<section class=\"elementor-section elementor-top-section elementor-element elementor-element-9936c97 elementor-section-boxed elementor-section-height-default elementor-section-height-default\" data-id=\"9936c97\" data-element_type=\"section\" data-e-type=\"section\">\n\t\t\t\t\t\t<div class=\"elementor-container elementor-column-gap-default\">\n\t\t\t\t\t<div class=\"elementor-column elementor-col-100 elementor-top-column elementor-element elementor-element-970c1d3\" data-id=\"970c1d3\" data-element_type=\"column\" data-e-type=\"column\">\n\t\t\t<div class=\"elementor-widget-wrap elementor-element-populated\">\n\t\t\t\t\t\t<div class=\"elementor-element elementor-element-2a9b944 elementor-widget elementor-widget-spacer\" data-id=\"2a9b944\" data-element_type=\"widget\" data-e-type=\"widget\" data-widget_type=\"spacer.default\">\n\t\t\t\t<div class=\"elementor-widget-container\">\n\t\t\t\t\t\t\t<div class=\"elementor-spacer\">\n\t\t\t<div class=\"elementor-spacer-inner\"><\/div>\n\t\t<\/div>\n\t\t\t\t\t\t<\/div>\n\t\t\t\t<\/div>\n\t\t\t\t<div class=\"elementor-element elementor-element-21141f3 elementor-widget elementor-widget-heading\" data-id=\"21141f3\" data-element_type=\"widget\" data-e-type=\"widget\" data-widget_type=\"heading.default\">\n\t\t\t\t<div class=\"elementor-widget-container\">\n\t\t\t\t\t<h2 class=\"elementor-heading-title elementor-size-default\">Constituez une r\u00e9serve d\u00e8s aujourd\u2019hui<\/h2>\t\t\t\t<\/div>\n\t\t\t\t<\/div>\n\t\t\t\t<div class=\"elementor-element elementor-element-83d6ed1 elementor-widget elementor-widget-text-editor\" data-id=\"83d6ed1\" data-element_type=\"widget\" data-e-type=\"widget\" data-widget_type=\"text-editor.default\">\n\t\t\t\t<div class=\"elementor-widget-container\">\n\t\t\t\t\t\t\t\t\t<div class=\"text\"><div class=\"l-grid__column-medium-10 offset-medium-1\"><div class=\"c-copy u-text-hyphen-manual \"><div>Les IFC constituent un engagement, appel\u00e9 passif social, que vous devez inscrire en annexe de votre bilan. En cas de d\u00e9parts simultan\u00e9s, son versement peut entra\u00eener des variations de tr\u00e9sorerie. Le meilleur moyen pour anticiper le versement des IFC est de vous constituer d\u00e8s aujourd\u2019hui une r\u00e9serve financi\u00e8re d\u00e9di\u00e9e.<br \/>Le principe : vous alimentez \u00e0 votre rythme un contrat d\u2019assurance vie collectif, ce qui vous permet de lisser les provisions sur plusieurs ann\u00e9es.<\/div><\/div><\/div><\/div><div class=\"spacer parbase\">\u00a0<\/div>\t\t\t\t\t\t\t\t<\/div>\n\t\t\t\t<\/div>\n\t\t\t\t\t<\/div>\n\t\t<\/div>\n\t\t\t\t\t<\/div>\n\t\t<\/section>\n\t\t\t\t<section class=\"elementor-section elementor-top-section elementor-element elementor-element-ffb7590 elementor-section-boxed elementor-section-height-default elementor-section-height-default\" data-id=\"ffb7590\" data-element_type=\"section\" data-e-type=\"section\">\n\t\t\t\t\t\t<div class=\"elementor-container elementor-column-gap-default\">\n\t\t\t\t\t<div class=\"elementor-column elementor-col-33 elementor-top-column elementor-element elementor-element-04bd8d4\" data-id=\"04bd8d4\" data-element_type=\"column\" data-e-type=\"column\">\n\t\t\t<div class=\"elementor-widget-wrap elementor-element-populated\">\n\t\t\t\t\t\t<div class=\"elementor-element elementor-element-07a6c5d elementor-widget elementor-widget-image\" data-id=\"07a6c5d\" data-element_type=\"widget\" data-e-type=\"widget\" data-widget_type=\"image.default\">\n\t\t\t\t<div class=\"elementor-widget-container\">\n\t\t\t\t\t\t\t\t\t\t\t\t\t\t\t<img fetchpriority=\"high\" decoding=\"async\" width=\"1024\" height=\"683\" src=\"https:\/\/afgassurancesmadagascar.com\/wp-content\/uploads\/2022\/11\/afgassur-end-of-career-benefits-1024x683.jpg\" class=\"attachment-large size-large wp-image-31111\" alt=\"\" srcset=\"https:\/\/afgassurancesmadagascar.com\/wp-content\/uploads\/2022\/11\/afgassur-end-of-career-benefits-1024x683.jpg 1024w, https:\/\/afgassurancesmadagascar.com\/wp-content\/uploads\/2022\/11\/afgassur-end-of-career-benefits-300x200.jpg 300w, https:\/\/afgassurancesmadagascar.com\/wp-content\/uploads\/2022\/11\/afgassur-end-of-career-benefits-768x512.jpg 768w, https:\/\/afgassurancesmadagascar.com\/wp-content\/uploads\/2022\/11\/afgassur-end-of-career-benefits-1536x1024.jpg 1536w, https:\/\/afgassurancesmadagascar.com\/wp-content\/uploads\/2022\/11\/afgassur-end-of-career-benefits-2048x1365.jpg 2048w\" sizes=\"(max-width: 1024px) 100vw, 1024px\" \/>\t\t\t\t\t\t\t\t\t\t\t\t\t\t\t<\/div>\n\t\t\t\t<\/div>\n\t\t\t\t\t<\/div>\n\t\t<\/div>\n\t\t\t\t<div class=\"elementor-column elementor-col-66 elementor-top-column elementor-element elementor-element-4415b5b\" data-id=\"4415b5b\" data-element_type=\"column\" data-e-type=\"column\">\n\t\t\t<div class=\"elementor-widget-wrap elementor-element-populated\">\n\t\t\t\t\t\t<div class=\"elementor-element elementor-element-4c90012 elementor-widget elementor-widget-text-editor\" data-id=\"4c90012\" data-element_type=\"widget\" data-e-type=\"widget\" data-widget_type=\"text-editor.default\">\n\t\t\t\t<div class=\"elementor-widget-container\">\n\t\t\t\t\t\t\t\t\t<h4><span style=\"color: #225a90;\"><strong>\u00c0 qui est destin\u00e9e cette offre d\u2019assurance ?<\/strong><\/span><\/h4><p class=\"p2\">Une assurance adapt\u00e9e \u00e0 toutes les entreprises, quelle que soit sa taille ou son secteur d\u2019activit\u00e9.<\/p><h4><strong><span style=\"color: #225a90;\">Quels sont les \u00e9v\u00e9nements couverts par cette offre d\u2019assurance ?<\/span><\/strong><\/h4><ul><li class=\"c-list__item\">L\u2019entreprise informe <span style=\"color: #225a90;\"><strong>AFG Assur Madagascar<\/strong><\/span> et lui communique le montant effectif des IFC \u00e0 verser \u00e0 l\u2019employ\u00e9.<\/li><li class=\"c-list__item\"><span style=\"color: #225a90;\"><strong>AFG Assur\u00a0Madagascar <\/strong><\/span>d\u00e9duit cette somme du fonds collectif et adresse le r\u00e8glement \u00e0 l\u2019entreprise.<\/li><\/ul>\t\t\t\t\t\t\t\t<\/div>\n\t\t\t\t<\/div>\n\t\t\t\t\t<\/div>\n\t\t<\/div>\n\t\t\t\t\t<\/div>\n\t\t<\/section>\n\t\t\t\t<section class=\"elementor-section elementor-top-section elementor-element elementor-element-83cb7b0 elementor-section-boxed elementor-section-height-default elementor-section-height-default\" data-id=\"83cb7b0\" data-element_type=\"section\" data-e-type=\"section\">\n\t\t\t\t\t\t<div class=\"elementor-container elementor-column-gap-default\">\n\t\t\t\t\t<div class=\"elementor-column elementor-col-100 elementor-top-column elementor-element elementor-element-395b0c3\" data-id=\"395b0c3\" data-element_type=\"column\" data-e-type=\"column\">\n\t\t\t<div class=\"elementor-widget-wrap elementor-element-populated\">\n\t\t\t\t\t\t<div class=\"elementor-element elementor-element-a237343 elementor-widget elementor-widget-spacer\" data-id=\"a237343\" data-element_type=\"widget\" data-e-type=\"widget\" data-widget_type=\"spacer.default\">\n\t\t\t\t<div class=\"elementor-widget-container\">\n\t\t\t\t\t\t\t<div class=\"elementor-spacer\">\n\t\t\t<div class=\"elementor-spacer-inner\"><\/div>\n\t\t<\/div>\n\t\t\t\t\t\t<\/div>\n\t\t\t\t<\/div>\n\t\t\t\t\t<\/div>\n\t\t<\/div>\n\t\t\t\t\t<\/div>\n\t\t<\/section>\n\t\t\t\t<\/div>\n\t\t","protected":false},"excerpt":{"rendered":"<p>INDEMNITES DE FIN DE CARRIERE Constituez une r\u00e9serve d\u00e8s aujourd\u2019hui Les IFC constituent un engagement, appel\u00e9 passif social, que vous devez inscrire en annexe de votre bilan. En cas de d\u00e9parts simultan\u00e9s, son versement peut entra\u00eener des variations de tr\u00e9sorerie. Le meilleur moyen pour anticiper le versement des IFC est de vous constituer d\u00e8s aujourd\u2019hui [&hellip;]<\/p>\n","protected":false},"author":1,"featured_media":0,"parent":0,"menu_order":0,"comment_status":"closed","ping_status":"closed","template":"elementor_header_footer","meta":{"_acf_changed":false,"footnotes":""},"class_list":["post-30486","page","type-page","status-publish","hentry"],"acf":[],"yoast_head":"<!-- This site is optimized with the Yoast SEO plugin v27.4 - https:\/\/yoast.com\/product\/yoast-seo-wordpress\/ -->\n<title>Indemnit\u00e9s de Fin de Carri\u00e8re - AFG Assur Madagascar<\/title>\n<meta name=\"robots\" content=\"index, follow, max-snippet:-1, max-image-preview:large, max-video-preview:-1\" \/>\n<link rel=\"canonical\" href=\"https:\/\/afgassurancesmadagascar.com\/indemnites-fin-carriere\/\" \/>\n<meta property=\"og:locale\" content=\"en_US\" \/>\n<meta property=\"og:type\" content=\"article\" \/>\n<meta property=\"og:title\" content=\"Indemnit\u00e9s de Fin de Carri\u00e8re - AFG Assur Madagascar\" \/>\n<meta property=\"og:description\" content=\"INDEMNITES DE FIN DE CARRIERE Constituez une r\u00e9serve d\u00e8s aujourd\u2019hui Les IFC constituent un engagement, appel\u00e9 passif social, que vous devez inscrire en annexe de votre bilan. En cas de d\u00e9parts simultan\u00e9s, son versement peut entra\u00eener des variations de tr\u00e9sorerie. Le meilleur moyen pour anticiper le versement des IFC est de vous constituer d\u00e8s aujourd\u2019hui [&hellip;]\" \/>\n<meta property=\"og:url\" content=\"https:\/\/afgassurancesmadagascar.com\/indemnites-fin-carriere\/\" \/>\n<meta property=\"og:site_name\" content=\"AFG Assur Madagascar\" \/>\n<meta property=\"article:modified_time\" content=\"2025-02-03T11:40:31+00:00\" \/>\n<meta property=\"og:image\" content=\"https:\/\/afgassurancesmadagascar.com\/wp-content\/uploads\/2022\/11\/afgassur-end-of-career-benefits.jpg\" \/>\n\t<meta property=\"og:image:width\" content=\"2400\" \/>\n\t<meta property=\"og:image:height\" content=\"1600\" \/>\n\t<meta property=\"og:image:type\" content=\"image\/jpeg\" \/>\n<meta name=\"twitter:card\" content=\"summary_large_image\" \/>\n<meta name=\"twitter:label1\" content=\"Est. reading time\" \/>\n\t<meta name=\"twitter:data1\" content=\"1 minute\" \/>\n<script type=\"application\/ld+json\" class=\"yoast-schema-graph\">{\"@context\":\"https:\\\/\\\/schema.org\",\"@graph\":[{\"@type\":\"WebPage\",\"@id\":\"https:\\\/\\\/afgassurancesmadagascar.com\\\/indemnites-fin-carriere\\\/\",\"url\":\"https:\\\/\\\/afgassurancesmadagascar.com\\\/indemnites-fin-carriere\\\/\",\"name\":\"Indemnit\u00e9s de Fin de Carri\u00e8re - AFG Assur Madagascar\",\"isPartOf\":{\"@id\":\"https:\\\/\\\/afgassurancesmadagascar.com\\\/#website\"},\"primaryImageOfPage\":{\"@id\":\"https:\\\/\\\/afgassurancesmadagascar.com\\\/indemnites-fin-carriere\\\/#primaryimage\"},\"image\":{\"@id\":\"https:\\\/\\\/afgassurancesmadagascar.com\\\/indemnites-fin-carriere\\\/#primaryimage\"},\"thumbnailUrl\":\"https:\\\/\\\/afgassurancesmadagascar.com\\\/wp-content\\\/uploads\\\/2022\\\/11\\\/afgassur-end-of-career-benefits-1024x683.jpg\",\"datePublished\":\"2022-09-02T21:48:06+00:00\",\"dateModified\":\"2025-02-03T11:40:31+00:00\",\"breadcrumb\":{\"@id\":\"https:\\\/\\\/afgassurancesmadagascar.com\\\/indemnites-fin-carriere\\\/#breadcrumb\"},\"inLanguage\":\"en-US\",\"potentialAction\":[{\"@type\":\"ReadAction\",\"target\":[\"https:\\\/\\\/afgassurancesmadagascar.com\\\/indemnites-fin-carriere\\\/\"]}]},{\"@type\":\"ImageObject\",\"inLanguage\":\"en-US\",\"@id\":\"https:\\\/\\\/afgassurancesmadagascar.com\\\/indemnites-fin-carriere\\\/#primaryimage\",\"url\":\"https:\\\/\\\/afgassurancesmadagascar.com\\\/wp-content\\\/uploads\\\/2022\\\/11\\\/afgassur-end-of-career-benefits-1024x683.jpg\",\"contentUrl\":\"https:\\\/\\\/afgassurancesmadagascar.com\\\/wp-content\\\/uploads\\\/2022\\\/11\\\/afgassur-end-of-career-benefits-1024x683.jpg\"},{\"@type\":\"BreadcrumbList\",\"@id\":\"https:\\\/\\\/afgassurancesmadagascar.com\\\/indemnites-fin-carriere\\\/#breadcrumb\",\"itemListElement\":[{\"@type\":\"ListItem\",\"position\":1,\"name\":\"Accueil\",\"item\":\"https:\\\/\\\/afgassurancesmadagascar.com\\\/\"},{\"@type\":\"ListItem\",\"position\":2,\"name\":\"Indemnit\u00e9s de Fin de Carri\u00e8re\"}]},{\"@type\":\"WebSite\",\"@id\":\"https:\\\/\\\/afgassurancesmadagascar.com\\\/#website\",\"url\":\"https:\\\/\\\/afgassurancesmadagascar.com\\\/\",\"name\":\"AFG Assur Madagascar\",\"description\":\"...Et tout devient possible\",\"publisher\":{\"@id\":\"https:\\\/\\\/afgassurancesmadagascar.com\\\/#organization\"},\"potentialAction\":[{\"@type\":\"SearchAction\",\"target\":{\"@type\":\"EntryPoint\",\"urlTemplate\":\"https:\\\/\\\/afgassurancesmadagascar.com\\\/?s={search_term_string}\"},\"query-input\":{\"@type\":\"PropertyValueSpecification\",\"valueRequired\":true,\"valueName\":\"search_term_string\"}}],\"inLanguage\":\"en-US\"},{\"@type\":\"Organization\",\"@id\":\"https:\\\/\\\/afgassurancesmadagascar.com\\\/#organization\",\"name\":\"AFG Assur Madagascar\",\"url\":\"https:\\\/\\\/afgassurancesmadagascar.com\\\/\",\"logo\":{\"@type\":\"ImageObject\",\"inLanguage\":\"en-US\",\"@id\":\"https:\\\/\\\/afgassurancesmadagascar.com\\\/#\\\/schema\\\/logo\\\/image\\\/\",\"url\":\"https:\\\/\\\/afgassurancesmadagascar.com\\\/wp-content\\\/uploads\\\/2022\\\/08\\\/AFJ.png\",\"contentUrl\":\"https:\\\/\\\/afgassurancesmadagascar.com\\\/wp-content\\\/uploads\\\/2022\\\/08\\\/AFJ.png\",\"width\":482,\"height\":117,\"caption\":\"AFG Assur Madagascar\"},\"image\":{\"@id\":\"https:\\\/\\\/afgassurancesmadagascar.com\\\/#\\\/schema\\\/logo\\\/image\\\/\"}}]}<\/script>\n<!-- \/ Yoast SEO plugin. -->","yoast_head_json":{"title":"Indemnit\u00e9s de Fin de Carri\u00e8re - AFG Assur Madagascar","robots":{"index":"index","follow":"follow","max-snippet":"max-snippet:-1","max-image-preview":"max-image-preview:large","max-video-preview":"max-video-preview:-1"},"canonical":"https:\/\/afgassurancesmadagascar.com\/indemnites-fin-carriere\/","og_locale":"en_US","og_type":"article","og_title":"Indemnit\u00e9s de Fin de Carri\u00e8re - AFG Assur Madagascar","og_description":"INDEMNITES DE FIN DE CARRIERE Constituez une r\u00e9serve d\u00e8s aujourd\u2019hui Les IFC constituent un engagement, appel\u00e9 passif social, que vous devez inscrire en annexe de votre bilan. En cas de d\u00e9parts simultan\u00e9s, son versement peut entra\u00eener des variations de tr\u00e9sorerie. Le meilleur moyen pour anticiper le versement des IFC est de vous constituer d\u00e8s aujourd\u2019hui [&hellip;]","og_url":"https:\/\/afgassurancesmadagascar.com\/indemnites-fin-carriere\/","og_site_name":"AFG Assur Madagascar","article_modified_time":"2025-02-03T11:40:31+00:00","og_image":[{"width":2400,"height":1600,"url":"https:\/\/afgassurancesmadagascar.com\/wp-content\/uploads\/2022\/11\/afgassur-end-of-career-benefits.jpg","type":"image\/jpeg"}],"twitter_card":"summary_large_image","twitter_misc":{"Est. reading time":"1 minute"},"schema":{"@context":"https:\/\/schema.org","@graph":[{"@type":"WebPage","@id":"https:\/\/afgassurancesmadagascar.com\/indemnites-fin-carriere\/","url":"https:\/\/afgassurancesmadagascar.com\/indemnites-fin-carriere\/","name":"Indemnit\u00e9s de Fin de Carri\u00e8re - AFG Assur Madagascar","isPartOf":{"@id":"https:\/\/afgassurancesmadagascar.com\/#website"},"primaryImageOfPage":{"@id":"https:\/\/afgassurancesmadagascar.com\/indemnites-fin-carriere\/#primaryimage"},"image":{"@id":"https:\/\/afgassurancesmadagascar.com\/indemnites-fin-carriere\/#primaryimage"},"thumbnailUrl":"https:\/\/afgassurancesmadagascar.com\/wp-content\/uploads\/2022\/11\/afgassur-end-of-career-benefits-1024x683.jpg","datePublished":"2022-09-02T21:48:06+00:00","dateModified":"2025-02-03T11:40:31+00:00","breadcrumb":{"@id":"https:\/\/afgassurancesmadagascar.com\/indemnites-fin-carriere\/#breadcrumb"},"inLanguage":"en-US","potentialAction":[{"@type":"ReadAction","target":["https:\/\/afgassurancesmadagascar.com\/indemnites-fin-carriere\/"]}]},{"@type":"ImageObject","inLanguage":"en-US","@id":"https:\/\/afgassurancesmadagascar.com\/indemnites-fin-carriere\/#primaryimage","url":"https:\/\/afgassurancesmadagascar.com\/wp-content\/uploads\/2022\/11\/afgassur-end-of-career-benefits-1024x683.jpg","contentUrl":"https:\/\/afgassurancesmadagascar.com\/wp-content\/uploads\/2022\/11\/afgassur-end-of-career-benefits-1024x683.jpg"},{"@type":"BreadcrumbList","@id":"https:\/\/afgassurancesmadagascar.com\/indemnites-fin-carriere\/#breadcrumb","itemListElement":[{"@type":"ListItem","position":1,"name":"Accueil","item":"https:\/\/afgassurancesmadagascar.com\/"},{"@type":"ListItem","position":2,"name":"Indemnit\u00e9s de Fin de Carri\u00e8re"}]},{"@type":"WebSite","@id":"https:\/\/afgassurancesmadagascar.com\/#website","url":"https:\/\/afgassurancesmadagascar.com\/","name":"AFG Assur Madagascar","description":"...Et tout devient possible","publisher":{"@id":"https:\/\/afgassurancesmadagascar.com\/#organization"},"potentialAction":[{"@type":"SearchAction","target":{"@type":"EntryPoint","urlTemplate":"https:\/\/afgassurancesmadagascar.com\/?s={search_term_string}"},"query-input":{"@type":"PropertyValueSpecification","valueRequired":true,"valueName":"search_term_string"}}],"inLanguage":"en-US"},{"@type":"Organization","@id":"https:\/\/afgassurancesmadagascar.com\/#organization","name":"AFG Assur Madagascar","url":"https:\/\/afgassurancesmadagascar.com\/","logo":{"@type":"ImageObject","inLanguage":"en-US","@id":"https:\/\/afgassurancesmadagascar.com\/#\/schema\/logo\/image\/","url":"https:\/\/afgassurancesmadagascar.com\/wp-content\/uploads\/2022\/08\/AFJ.png","contentUrl":"https:\/\/afgassurancesmadagascar.com\/wp-content\/uploads\/2022\/08\/AFJ.png","width":482,"height":117,"caption":"AFG Assur Madagascar"},"image":{"@id":"https:\/\/afgassurancesmadagascar.com\/#\/schema\/logo\/image\/"}}]}},"_links":{"self":[{"href":"https:\/\/afgassurancesmadagascar.com\/en\/wp-json\/wp\/v2\/pages\/30486","targetHints":{"allow":["GET"]}}],"collection":[{"href":"https:\/\/afgassurancesmadagascar.com\/en\/wp-json\/wp\/v2\/pages"}],"about":[{"href":"https:\/\/afgassurancesmadagascar.com\/en\/wp-json\/wp\/v2\/types\/page"}],"author":[{"embeddable":true,"href":"https:\/\/afgassurancesmadagascar.com\/en\/wp-json\/wp\/v2\/users\/1"}],"replies":[{"embeddable":true,"href":"https:\/\/afgassurancesmadagascar.com\/en\/wp-json\/wp\/v2\/comments?post=30486"}],"version-history":[{"count":27,"href":"https:\/\/afgassurancesmadagascar.com\/en\/wp-json\/wp\/v2\/pages\/30486\/revisions"}],"predecessor-version":[{"id":66971,"href":"https:\/\/afgassurancesmadagascar.com\/en\/wp-json\/wp\/v2\/pages\/30486\/revisions\/66971"}],"wp:attachment":[{"href":"https:\/\/afgassurancesmadagascar.com\/en\/wp-json\/wp\/v2\/media?parent=30486"}],"curies":[{"name":"wp","href":"https:\/\/api.w.org\/{rel}","templated":true}]}}