{"id":30513,"date":"2022-09-03T00:18:04","date_gmt":"2022-09-02T22:18:04","guid":{"rendered":"https:\/\/afgassurancesmadagascar.com\/?page_id=30513"},"modified":"2025-02-12T07:48:05","modified_gmt":"2025-02-12T04:48:05","slug":"responsabilite-civile-professionnelle","status":"publish","type":"page","link":"https:\/\/afgassurancesmadagascar.com\/en\/responsabilite-civile-professionnelle\/","title":{"rendered":"Responsabilit\u00e9 civile professionnelle"},"content":{"rendered":"\t\t<div data-elementor-type=\"wp-page\" data-elementor-id=\"30513\" class=\"elementor elementor-30513\" data-elementor-post-type=\"page\">\n\t\t\t\t\t\t<section class=\"elementor-section elementor-top-section elementor-element elementor-element-1d0847f elementor-section-height-min-height elementor-section-boxed elementor-section-height-default elementor-section-items-middle\" data-id=\"1d0847f\" data-element_type=\"section\" data-e-type=\"section\" data-settings=\"{&quot;background_background&quot;:&quot;classic&quot;}\">\n\t\t\t\t\t\t\t<div class=\"elementor-background-overlay\"><\/div>\n\t\t\t\t\t\t\t<div class=\"elementor-container elementor-column-gap-default\">\n\t\t\t\t\t<div class=\"elementor-column elementor-col-100 elementor-top-column elementor-element elementor-element-5f81047\" data-id=\"5f81047\" data-element_type=\"column\" data-e-type=\"column\">\n\t\t\t<div class=\"elementor-widget-wrap elementor-element-populated\">\n\t\t\t\t\t\t<div class=\"elementor-element elementor-element-9511e5f elementor-widget elementor-widget-heading\" data-id=\"9511e5f\" data-element_type=\"widget\" data-e-type=\"widget\" data-widget_type=\"heading.default\">\n\t\t\t\t<div class=\"elementor-widget-container\">\n\t\t\t\t\t<h1 class=\"elementor-heading-title elementor-size-xxl\">RESPONSABILIT\u00c9 CIVILE PROFESSIONNELLE\n<\/h1>\t\t\t\t<\/div>\n\t\t\t\t<\/div>\n\t\t\t\t\t<\/div>\n\t\t<\/div>\n\t\t\t\t\t<\/div>\n\t\t<\/section>\n\t\t\t\t<section class=\"elementor-section elementor-top-section elementor-element elementor-element-9936c97 elementor-section-boxed elementor-section-height-default elementor-section-height-default\" data-id=\"9936c97\" data-element_type=\"section\" data-e-type=\"section\">\n\t\t\t\t\t\t<div class=\"elementor-container elementor-column-gap-default\">\n\t\t\t\t\t<div class=\"elementor-column elementor-col-100 elementor-top-column elementor-element elementor-element-970c1d3\" data-id=\"970c1d3\" data-element_type=\"column\" data-e-type=\"column\">\n\t\t\t<div class=\"elementor-widget-wrap elementor-element-populated\">\n\t\t\t\t\t\t<div class=\"elementor-element elementor-element-2a9b944 elementor-widget elementor-widget-spacer\" data-id=\"2a9b944\" data-element_type=\"widget\" data-e-type=\"widget\" data-widget_type=\"spacer.default\">\n\t\t\t\t<div class=\"elementor-widget-container\">\n\t\t\t\t\t\t\t<div class=\"elementor-spacer\">\n\t\t\t<div class=\"elementor-spacer-inner\"><\/div>\n\t\t<\/div>\n\t\t\t\t\t\t<\/div>\n\t\t\t\t<\/div>\n\t\t\t\t<div class=\"elementor-element elementor-element-21141f3 elementor-widget elementor-widget-heading\" data-id=\"21141f3\" data-element_type=\"widget\" data-e-type=\"widget\" data-widget_type=\"heading.default\">\n\t\t\t\t<div class=\"elementor-widget-container\">\n\t\t\t\t\t<h2 class=\"elementor-heading-title elementor-size-default\">Responsabilit\u00e9 civile professionnelle<\/h2>\t\t\t\t<\/div>\n\t\t\t\t<\/div>\n\t\t\t\t<div class=\"elementor-element elementor-element-83d6ed1 elementor-widget elementor-widget-text-editor\" data-id=\"83d6ed1\" data-element_type=\"widget\" data-e-type=\"widget\" data-widget_type=\"text-editor.default\">\n\t\t\t\t<div class=\"elementor-widget-container\">\n\t\t\t\t\t\t\t\t\t<div class=\"text\"><div class=\"l-grid__column-medium-10 offset-medium-1\"><div class=\"c-copy u-text-hyphen-manual \" style=\"text-align: justify;\">L&#8217;assurance de responsabilit\u00e9 civile professionnelle est un pilier essentiel pour toute entreprise, quelle que soit sa taille ou son secteur d&#8217;activit\u00e9. Elle constitue une protection indispensable face aux cons\u00e9quences financi\u00e8res et juridiques des dommages caus\u00e9s \u00e0 des tiers dans le cadre de l&#8217;activit\u00e9 professionnelle.<\/div><\/div><\/div>\t\t\t\t\t\t\t\t<\/div>\n\t\t\t\t<\/div>\n\t\t\t\t\t<\/div>\n\t\t<\/div>\n\t\t\t\t\t<\/div>\n\t\t<\/section>\n\t\t\t\t<section class=\"elementor-section elementor-top-section elementor-element elementor-element-ffb7590 elementor-section-boxed elementor-section-height-default elementor-section-height-default\" data-id=\"ffb7590\" data-element_type=\"section\" data-e-type=\"section\">\n\t\t\t\t\t\t<div class=\"elementor-container elementor-column-gap-default\">\n\t\t\t\t\t<div class=\"elementor-column elementor-col-33 elementor-top-column elementor-element elementor-element-04bd8d4\" data-id=\"04bd8d4\" data-element_type=\"column\" data-e-type=\"column\">\n\t\t\t<div class=\"elementor-widget-wrap elementor-element-populated\">\n\t\t\t\t\t\t<div class=\"elementor-element elementor-element-07a6c5d elementor-widget elementor-widget-image\" data-id=\"07a6c5d\" data-element_type=\"widget\" data-e-type=\"widget\" data-widget_type=\"image.default\">\n\t\t\t\t<div class=\"elementor-widget-container\">\n\t\t\t\t\t\t\t\t\t\t\t\t\t\t\t<img decoding=\"async\" src=\"https:\/\/afgassurancesmadagascar.com\/wp-content\/uploads\/elementor\/thumbs\/afgassur-assets-protection-quu8629by4a1uyxjveacyj1klu2e4w14b2vpbuvjng.jpg\" title=\"afgassur-assets-protection\" alt=\"afgassur-assets-protection\" loading=\"lazy\" \/>\t\t\t\t\t\t\t\t\t\t\t\t\t\t\t<\/div>\n\t\t\t\t<\/div>\n\t\t\t\t\t<\/div>\n\t\t<\/div>\n\t\t\t\t<div class=\"elementor-column elementor-col-66 elementor-top-column elementor-element elementor-element-4415b5b\" data-id=\"4415b5b\" data-element_type=\"column\" data-e-type=\"column\">\n\t\t\t<div class=\"elementor-widget-wrap elementor-element-populated\">\n\t\t\t\t\t\t<div class=\"elementor-element elementor-element-4c90012 elementor-widget elementor-widget-text-editor\" data-id=\"4c90012\" data-element_type=\"widget\" data-e-type=\"widget\" data-widget_type=\"text-editor.default\">\n\t\t\t\t<div class=\"elementor-widget-container\">\n\t\t\t\t\t\t\t\t\t<h4><span style=\"color: #225a90;\"><strong>\u00c0 qui est destin\u00e9e cette offre d\u2019assurance ?<\/strong><\/span><\/h4><p>L\u2019assurance responsabilit\u00e9\u00a0civile professionnelle s\u2019adresse \u00e0 toutes les entreprises et les entrepreneurs dans le cadre de leurs activit\u00e9s d\u00e9clar\u00e9es. Elle offre une protection lorsque la responsabilit\u00e9 de l\u2019entreprise est engag\u00e9e.<\/p><h4><strong><span style=\"color: #225a90;\">Quels sont les \u00e9v\u00e9nements couverts par cette offre d\u2019assurance ?<\/span><\/strong><\/h4><div class=\"l-grid__column-medium-4\"><div class=\"c-text-column-flex c-text-col-ie\" align=\"center\"><div><div class=\"c-copy     u-text-hyphen-manual\"><ul><li style=\"text-align: left;\">Le dommage corporel caus\u00e9 au tiers, au client ou \u00e0 l\u2019employ\u00e9 dans le cadre professionnel<\/li><li style=\"text-align: left;\">Le dommage mat\u00e9riel caus\u00e9 aux biens d\u2019un tiers, d\u2019un client ou d\u2019un employ\u00e9 dans le cadre professionnel<\/li><li style=\"text-align: left;\">Le dommage immat\u00e9riel et pr\u00e9judice caus\u00e9 au tiers, au client ou \u00e0 l\u2019employ\u00e9 dans le cadre professionnel<\/li><li style=\"text-align: left;\">Le manquement contractuel et ses cons\u00e9quences financi\u00e8res<\/li><li style=\"text-align: left;\">La diffamation ou l\u2019atteinte \u00e0 la vie priv\u00e9e<\/li><li style=\"text-align: left;\">La faute professionnelle par erreur ou omission<\/li><li style=\"text-align: left;\">La fourniture de produits d\u00e9fectueux ou non-conformes<\/li><li style=\"text-align: left;\">La violation des droits de propri\u00e9t\u00e9 intellectuelle<\/li><li style=\"text-align: left;\">La divulgation d\u2019informations confidentielles de tiers<\/li><li style=\"text-align: left;\">Le d\u00e9faut de performance ou de fonctionnement<\/li><li style=\"text-align: left;\">La faute intentionnelle<\/li><li style=\"text-align: left;\">La perte ou destruction de donn\u00e9es clients<\/li><\/ul><\/div><\/div><\/div><\/div><div class=\"l-grid__column-medium-4\"><div class=\"c-text-column-flex c-text-col-ie\" align=\"center\"><div class=\"c-copy     u-text-hyphen-manual\">\u00a0<\/div><\/div><\/div>\t\t\t\t\t\t\t\t<\/div>\n\t\t\t\t<\/div>\n\t\t\t\t\t<\/div>\n\t\t<\/div>\n\t\t\t\t\t<\/div>\n\t\t<\/section>\n\t\t\t\t<section class=\"elementor-section elementor-top-section elementor-element elementor-element-83cb7b0 elementor-section-boxed elementor-section-height-default elementor-section-height-default\" data-id=\"83cb7b0\" data-element_type=\"section\" data-e-type=\"section\">\n\t\t\t\t\t\t<div class=\"elementor-container elementor-column-gap-default\">\n\t\t\t\t\t<div class=\"elementor-column elementor-col-100 elementor-top-column elementor-element elementor-element-395b0c3\" data-id=\"395b0c3\" data-element_type=\"column\" data-e-type=\"column\">\n\t\t\t<div class=\"elementor-widget-wrap elementor-element-populated\">\n\t\t\t\t\t\t<div class=\"elementor-element elementor-element-a237343 elementor-widget elementor-widget-spacer\" data-id=\"a237343\" data-element_type=\"widget\" data-e-type=\"widget\" data-widget_type=\"spacer.default\">\n\t\t\t\t<div class=\"elementor-widget-container\">\n\t\t\t\t\t\t\t<div class=\"elementor-spacer\">\n\t\t\t<div class=\"elementor-spacer-inner\"><\/div>\n\t\t<\/div>\n\t\t\t\t\t\t<\/div>\n\t\t\t\t<\/div>\n\t\t\t\t\t<\/div>\n\t\t<\/div>\n\t\t\t\t\t<\/div>\n\t\t<\/section>\n\t\t\t\t<\/div>\n\t\t","protected":false},"excerpt":{"rendered":"<p>RESPONSABILIT\u00c9 CIVILE PROFESSIONNELLE Responsabilit\u00e9 civile professionnelle L&#8217;assurance de responsabilit\u00e9 civile professionnelle est un pilier essentiel pour toute entreprise, quelle que soit sa taille ou son secteur d&#8217;activit\u00e9. Elle constitue une protection indispensable face aux cons\u00e9quences financi\u00e8res et juridiques des dommages caus\u00e9s \u00e0 des tiers dans le cadre de l&#8217;activit\u00e9 professionnelle. \u00c0 qui est destin\u00e9e cette [&hellip;]<\/p>\n","protected":false},"author":1,"featured_media":0,"parent":0,"menu_order":0,"comment_status":"closed","ping_status":"closed","template":"elementor_header_footer","meta":{"_acf_changed":false,"footnotes":""},"class_list":["post-30513","page","type-page","status-publish","hentry"],"acf":[],"yoast_head":"<!-- This site is optimized with the Yoast SEO plugin v27.3 - https:\/\/yoast.com\/product\/yoast-seo-wordpress\/ -->\n<title>Responsabilit\u00e9 civile professionnelle - AFG Assur Madagascar<\/title>\n<meta name=\"robots\" content=\"index, follow, max-snippet:-1, max-image-preview:large, max-video-preview:-1\" \/>\n<link rel=\"canonical\" href=\"https:\/\/afgassurancesmadagascar.com\/responsabilite-civile-professionnelle\/\" \/>\n<meta property=\"og:locale\" content=\"en_US\" \/>\n<meta property=\"og:type\" content=\"article\" \/>\n<meta property=\"og:title\" content=\"Responsabilit\u00e9 civile professionnelle - AFG Assur Madagascar\" \/>\n<meta property=\"og:description\" content=\"RESPONSABILIT\u00c9 CIVILE PROFESSIONNELLE Responsabilit\u00e9 civile professionnelle L&#8217;assurance de responsabilit\u00e9 civile professionnelle est un pilier essentiel pour toute entreprise, quelle que soit sa taille ou son secteur d&#8217;activit\u00e9. Elle constitue une protection indispensable face aux cons\u00e9quences financi\u00e8res et juridiques des dommages caus\u00e9s \u00e0 des tiers dans le cadre de l&#8217;activit\u00e9 professionnelle. \u00c0 qui est destin\u00e9e cette [&hellip;]\" \/>\n<meta property=\"og:url\" content=\"https:\/\/afgassurancesmadagascar.com\/responsabilite-civile-professionnelle\/\" \/>\n<meta property=\"og:site_name\" content=\"AFG Assur Madagascar\" \/>\n<meta property=\"article:modified_time\" content=\"2025-02-12T04:48:05+00:00\" \/>\n<meta property=\"og:image\" content=\"https:\/\/afgassurancesmadagascar.com\/wp-content\/uploads\/elementor\/thumbs\/afgassur-assets-protection-quu8629by4a1uyxjveacyj1klu2e4w14b2vpbuvjng.jpg\" \/>\n<meta name=\"twitter:card\" content=\"summary_large_image\" \/>\n<meta name=\"twitter:label1\" content=\"Est. reading time\" \/>\n\t<meta name=\"twitter:data1\" content=\"1 minute\" \/>\n<script type=\"application\/ld+json\" class=\"yoast-schema-graph\">{\"@context\":\"https:\\\/\\\/schema.org\",\"@graph\":[{\"@type\":\"WebPage\",\"@id\":\"https:\\\/\\\/afgassurancesmadagascar.com\\\/responsabilite-civile-professionnelle\\\/\",\"url\":\"https:\\\/\\\/afgassurancesmadagascar.com\\\/responsabilite-civile-professionnelle\\\/\",\"name\":\"Responsabilit\u00e9 civile professionnelle - AFG Assur Madagascar\",\"isPartOf\":{\"@id\":\"https:\\\/\\\/afgassurancesmadagascar.com\\\/#website\"},\"primaryImageOfPage\":{\"@id\":\"https:\\\/\\\/afgassurancesmadagascar.com\\\/responsabilite-civile-professionnelle\\\/#primaryimage\"},\"image\":{\"@id\":\"https:\\\/\\\/afgassurancesmadagascar.com\\\/responsabilite-civile-professionnelle\\\/#primaryimage\"},\"thumbnailUrl\":\"https:\\\/\\\/afgassurancesmadagascar.com\\\/wp-content\\\/uploads\\\/elementor\\\/thumbs\\\/afgassur-assets-protection-quu8629by4a1uyxjveacyj1klu2e4w14b2vpbuvjng.jpg\",\"datePublished\":\"2022-09-02T22:18:04+00:00\",\"dateModified\":\"2025-02-12T04:48:05+00:00\",\"breadcrumb\":{\"@id\":\"https:\\\/\\\/afgassurancesmadagascar.com\\\/responsabilite-civile-professionnelle\\\/#breadcrumb\"},\"inLanguage\":\"en-US\",\"potentialAction\":[{\"@type\":\"ReadAction\",\"target\":[\"https:\\\/\\\/afgassurancesmadagascar.com\\\/responsabilite-civile-professionnelle\\\/\"]}]},{\"@type\":\"ImageObject\",\"inLanguage\":\"en-US\",\"@id\":\"https:\\\/\\\/afgassurancesmadagascar.com\\\/responsabilite-civile-professionnelle\\\/#primaryimage\",\"url\":\"https:\\\/\\\/afgassurancesmadagascar.com\\\/wp-content\\\/uploads\\\/elementor\\\/thumbs\\\/afgassur-assets-protection-quu8629by4a1uyxjveacyj1klu2e4w14b2vpbuvjng.jpg\",\"contentUrl\":\"https:\\\/\\\/afgassurancesmadagascar.com\\\/wp-content\\\/uploads\\\/elementor\\\/thumbs\\\/afgassur-assets-protection-quu8629by4a1uyxjveacyj1klu2e4w14b2vpbuvjng.jpg\"},{\"@type\":\"BreadcrumbList\",\"@id\":\"https:\\\/\\\/afgassurancesmadagascar.com\\\/responsabilite-civile-professionnelle\\\/#breadcrumb\",\"itemListElement\":[{\"@type\":\"ListItem\",\"position\":1,\"name\":\"Accueil\",\"item\":\"https:\\\/\\\/afgassurancesmadagascar.com\\\/\"},{\"@type\":\"ListItem\",\"position\":2,\"name\":\"Responsabilit\u00e9 civile professionnelle\"}]},{\"@type\":\"WebSite\",\"@id\":\"https:\\\/\\\/afgassurancesmadagascar.com\\\/#website\",\"url\":\"https:\\\/\\\/afgassurancesmadagascar.com\\\/\",\"name\":\"AFG Assur Madagascar\",\"description\":\"...Et tout devient possible\",\"publisher\":{\"@id\":\"https:\\\/\\\/afgassurancesmadagascar.com\\\/#organization\"},\"potentialAction\":[{\"@type\":\"SearchAction\",\"target\":{\"@type\":\"EntryPoint\",\"urlTemplate\":\"https:\\\/\\\/afgassurancesmadagascar.com\\\/?s={search_term_string}\"},\"query-input\":{\"@type\":\"PropertyValueSpecification\",\"valueRequired\":true,\"valueName\":\"search_term_string\"}}],\"inLanguage\":\"en-US\"},{\"@type\":\"Organization\",\"@id\":\"https:\\\/\\\/afgassurancesmadagascar.com\\\/#organization\",\"name\":\"AFG Assur Madagascar\",\"url\":\"https:\\\/\\\/afgassurancesmadagascar.com\\\/\",\"logo\":{\"@type\":\"ImageObject\",\"inLanguage\":\"en-US\",\"@id\":\"https:\\\/\\\/afgassurancesmadagascar.com\\\/#\\\/schema\\\/logo\\\/image\\\/\",\"url\":\"https:\\\/\\\/afgassurancesmadagascar.com\\\/wp-content\\\/uploads\\\/2022\\\/08\\\/AFJ.png\",\"contentUrl\":\"https:\\\/\\\/afgassurancesmadagascar.com\\\/wp-content\\\/uploads\\\/2022\\\/08\\\/AFJ.png\",\"width\":482,\"height\":117,\"caption\":\"AFG Assur Madagascar\"},\"image\":{\"@id\":\"https:\\\/\\\/afgassurancesmadagascar.com\\\/#\\\/schema\\\/logo\\\/image\\\/\"}}]}<\/script>\n<!-- \/ Yoast SEO plugin. -->","yoast_head_json":{"title":"Responsabilit\u00e9 civile professionnelle - AFG Assur Madagascar","robots":{"index":"index","follow":"follow","max-snippet":"max-snippet:-1","max-image-preview":"max-image-preview:large","max-video-preview":"max-video-preview:-1"},"canonical":"https:\/\/afgassurancesmadagascar.com\/responsabilite-civile-professionnelle\/","og_locale":"en_US","og_type":"article","og_title":"Responsabilit\u00e9 civile professionnelle - AFG Assur Madagascar","og_description":"RESPONSABILIT\u00c9 CIVILE PROFESSIONNELLE Responsabilit\u00e9 civile professionnelle L&#8217;assurance de responsabilit\u00e9 civile professionnelle est un pilier essentiel pour toute entreprise, quelle que soit sa taille ou son secteur d&#8217;activit\u00e9. Elle constitue une protection indispensable face aux cons\u00e9quences financi\u00e8res et juridiques des dommages caus\u00e9s \u00e0 des tiers dans le cadre de l&#8217;activit\u00e9 professionnelle. \u00c0 qui est destin\u00e9e cette [&hellip;]","og_url":"https:\/\/afgassurancesmadagascar.com\/responsabilite-civile-professionnelle\/","og_site_name":"AFG Assur Madagascar","article_modified_time":"2025-02-12T04:48:05+00:00","og_image":[{"url":"https:\/\/afgassurancesmadagascar.com\/wp-content\/uploads\/elementor\/thumbs\/afgassur-assets-protection-quu8629by4a1uyxjveacyj1klu2e4w14b2vpbuvjng.jpg","type":"","width":"","height":""}],"twitter_card":"summary_large_image","twitter_misc":{"Est. reading time":"1 minute"},"schema":{"@context":"https:\/\/schema.org","@graph":[{"@type":"WebPage","@id":"https:\/\/afgassurancesmadagascar.com\/responsabilite-civile-professionnelle\/","url":"https:\/\/afgassurancesmadagascar.com\/responsabilite-civile-professionnelle\/","name":"Responsabilit\u00e9 civile professionnelle - AFG Assur Madagascar","isPartOf":{"@id":"https:\/\/afgassurancesmadagascar.com\/#website"},"primaryImageOfPage":{"@id":"https:\/\/afgassurancesmadagascar.com\/responsabilite-civile-professionnelle\/#primaryimage"},"image":{"@id":"https:\/\/afgassurancesmadagascar.com\/responsabilite-civile-professionnelle\/#primaryimage"},"thumbnailUrl":"https:\/\/afgassurancesmadagascar.com\/wp-content\/uploads\/elementor\/thumbs\/afgassur-assets-protection-quu8629by4a1uyxjveacyj1klu2e4w14b2vpbuvjng.jpg","datePublished":"2022-09-02T22:18:04+00:00","dateModified":"2025-02-12T04:48:05+00:00","breadcrumb":{"@id":"https:\/\/afgassurancesmadagascar.com\/responsabilite-civile-professionnelle\/#breadcrumb"},"inLanguage":"en-US","potentialAction":[{"@type":"ReadAction","target":["https:\/\/afgassurancesmadagascar.com\/responsabilite-civile-professionnelle\/"]}]},{"@type":"ImageObject","inLanguage":"en-US","@id":"https:\/\/afgassurancesmadagascar.com\/responsabilite-civile-professionnelle\/#primaryimage","url":"https:\/\/afgassurancesmadagascar.com\/wp-content\/uploads\/elementor\/thumbs\/afgassur-assets-protection-quu8629by4a1uyxjveacyj1klu2e4w14b2vpbuvjng.jpg","contentUrl":"https:\/\/afgassurancesmadagascar.com\/wp-content\/uploads\/elementor\/thumbs\/afgassur-assets-protection-quu8629by4a1uyxjveacyj1klu2e4w14b2vpbuvjng.jpg"},{"@type":"BreadcrumbList","@id":"https:\/\/afgassurancesmadagascar.com\/responsabilite-civile-professionnelle\/#breadcrumb","itemListElement":[{"@type":"ListItem","position":1,"name":"Accueil","item":"https:\/\/afgassurancesmadagascar.com\/"},{"@type":"ListItem","position":2,"name":"Responsabilit\u00e9 civile professionnelle"}]},{"@type":"WebSite","@id":"https:\/\/afgassurancesmadagascar.com\/#website","url":"https:\/\/afgassurancesmadagascar.com\/","name":"AFG Assur Madagascar","description":"...Et tout devient possible","publisher":{"@id":"https:\/\/afgassurancesmadagascar.com\/#organization"},"potentialAction":[{"@type":"SearchAction","target":{"@type":"EntryPoint","urlTemplate":"https:\/\/afgassurancesmadagascar.com\/?s={search_term_string}"},"query-input":{"@type":"PropertyValueSpecification","valueRequired":true,"valueName":"search_term_string"}}],"inLanguage":"en-US"},{"@type":"Organization","@id":"https:\/\/afgassurancesmadagascar.com\/#organization","name":"AFG Assur Madagascar","url":"https:\/\/afgassurancesmadagascar.com\/","logo":{"@type":"ImageObject","inLanguage":"en-US","@id":"https:\/\/afgassurancesmadagascar.com\/#\/schema\/logo\/image\/","url":"https:\/\/afgassurancesmadagascar.com\/wp-content\/uploads\/2022\/08\/AFJ.png","contentUrl":"https:\/\/afgassurancesmadagascar.com\/wp-content\/uploads\/2022\/08\/AFJ.png","width":482,"height":117,"caption":"AFG Assur Madagascar"},"image":{"@id":"https:\/\/afgassurancesmadagascar.com\/#\/schema\/logo\/image\/"}}]}},"_links":{"self":[{"href":"https:\/\/afgassurancesmadagascar.com\/en\/wp-json\/wp\/v2\/pages\/30513","targetHints":{"allow":["GET"]}}],"collection":[{"href":"https:\/\/afgassurancesmadagascar.com\/en\/wp-json\/wp\/v2\/pages"}],"about":[{"href":"https:\/\/afgassurancesmadagascar.com\/en\/wp-json\/wp\/v2\/types\/page"}],"author":[{"embeddable":true,"href":"https:\/\/afgassurancesmadagascar.com\/en\/wp-json\/wp\/v2\/users\/1"}],"replies":[{"embeddable":true,"href":"https:\/\/afgassurancesmadagascar.com\/en\/wp-json\/wp\/v2\/comments?post=30513"}],"version-history":[{"count":16,"href":"https:\/\/afgassurancesmadagascar.com\/en\/wp-json\/wp\/v2\/pages\/30513\/revisions"}],"predecessor-version":[{"id":66994,"href":"https:\/\/afgassurancesmadagascar.com\/en\/wp-json\/wp\/v2\/pages\/30513\/revisions\/66994"}],"wp:attachment":[{"href":"https:\/\/afgassurancesmadagascar.com\/en\/wp-json\/wp\/v2\/media?parent=30513"}],"curies":[{"name":"wp","href":"https:\/\/api.w.org\/{rel}","templated":true}]}}