{"id":31304,"date":"2022-12-01T09:50:11","date_gmt":"2022-12-01T06:50:11","guid":{"rendered":"https:\/\/afgassurancesmadagascar.com\/?page_id=31304"},"modified":"2026-04-14T13:44:45","modified_gmt":"2026-04-14T10:44:45","slug":"home-2-2","status":"publish","type":"page","link":"https:\/\/afgassurancesmadagascar.com\/en\/","title":{"rendered":"Home"},"content":{"rendered":"\t\t<div data-elementor-type=\"wp-page\" data-elementor-id=\"31304\" class=\"elementor elementor-31304\" data-elementor-post-type=\"page\">\n\t\t\t\t\t\t<section class=\"elementor-section elementor-top-section elementor-element elementor-element-65b0646 elementor-section-boxed elementor-section-height-default elementor-section-height-default\" data-id=\"65b0646\" data-element_type=\"section\" data-e-type=\"section\">\n\t\t\t\t\t\t<div class=\"elementor-container elementor-column-gap-no\">\n\t\t\t\t\t<div class=\"elementor-column elementor-col-50 elementor-top-column elementor-element elementor-element-77fb456\" data-id=\"77fb456\" data-element_type=\"column\" data-e-type=\"column\" data-settings=\"{&quot;background_background&quot;:&quot;slideshow&quot;,&quot;background_slideshow_gallery&quot;:[],&quot;background_slideshow_loop&quot;:&quot;yes&quot;,&quot;background_slideshow_slide_duration&quot;:5000,&quot;background_slideshow_slide_transition&quot;:&quot;fade&quot;,&quot;background_slideshow_transition_duration&quot;:500}\">\n\t\t\t<div class=\"elementor-widget-wrap elementor-element-populated\">\n\t\t\t\t\t\t<div class=\"elementor-element elementor-element-1506cdc elementor--h-position-left elementor-widget__width-initial elementor--v-position-bottom elementor-arrows-position-inside elementor-pagination-position-inside elementor-widget elementor-widget-slides\" data-id=\"1506cdc\" data-element_type=\"widget\" data-e-type=\"widget\" data-settings=\"{&quot;navigation&quot;:&quot;both&quot;,&quot;autoplay&quot;:&quot;yes&quot;,&quot;pause_on_hover&quot;:&quot;yes&quot;,&quot;pause_on_interaction&quot;:&quot;yes&quot;,&quot;autoplay_speed&quot;:5000,&quot;infinite&quot;:&quot;yes&quot;,&quot;transition&quot;:&quot;slide&quot;,&quot;transition_speed&quot;:500}\" data-widget_type=\"slides.default\">\n\t\t\t\t<div class=\"elementor-widget-container\">\n\t\t\t\t\t\t\t\t\t<div class=\"elementor-swiper\">\n\t\t\t\t\t<div class=\"elementor-slides-wrapper elementor-main-swiper swiper\" role=\"region\" aria-roledescription=\"carousel\" aria-label=\"Slides\" dir=\"ltr\" data-animation=\"fadeInUp\">\n\t\t\t\t<div class=\"swiper-wrapper elementor-slides\">\n\t\t\t\t\t\t\t\t\t\t<div class=\"elementor-repeater-item-d242a77 swiper-slide\" role=\"group\" aria-roledescription=\"slide\"><div class=\"swiper-slide-bg\" role=\"img\" aria-label=\"Slide 12\"><\/div><a class=\"swiper-slide-inner\" href=\"https:\/\/afgassurancesmadagascar.com\/qui-sommes-nous\/\"><div class=\"swiper-slide-contents\"><div class=\"elementor-slide-heading\">Bienvenue chez <br> AFG Assurances Madagascar<\/div><div  class=\"elementor-button elementor-slide-button elementor-size-xs\">Voir plus<\/div><\/div><\/a><\/div>\t\t\t\t<\/div>\n\t\t\t\t\t\t\t<\/div>\n\t\t\t\t<\/div>\n\t\t\t\t\t\t\t\t<\/div>\n\t\t\t\t<\/div>\n\t\t\t\t<div class=\"elementor-element elementor-element-13a3f60 elementor-widget elementor-widget-image\" data-id=\"13a3f60\" data-element_type=\"widget\" data-e-type=\"widget\" data-widget_type=\"image.default\">\n\t\t\t\t<div class=\"elementor-widget-container\">\n\t\t\t\t\t\t\t\t\t\t\t\t\t\t\t\t<a href=\"https:\/\/afgassurancesmadagascar.com\/particuliers\/\">\n\t\t\t\t\t\t\t<img fetchpriority=\"high\" decoding=\"async\" width=\"1024\" height=\"683\" src=\"https:\/\/afgassurancesmadagascar.com\/wp-content\/uploads\/2024\/10\/Qui-sommes-nous-1024x683.jpg\" class=\"attachment-large size-large wp-image-31868\" alt=\"\" srcset=\"https:\/\/afgassurancesmadagascar.com\/wp-content\/uploads\/2024\/10\/Qui-sommes-nous-1024x683.jpg 1024w, https:\/\/afgassurancesmadagascar.com\/wp-content\/uploads\/2024\/10\/Qui-sommes-nous-300x200.jpg 300w, https:\/\/afgassurancesmadagascar.com\/wp-content\/uploads\/2024\/10\/Qui-sommes-nous-768x512.jpg 768w, https:\/\/afgassurancesmadagascar.com\/wp-content\/uploads\/2024\/10\/Qui-sommes-nous-1536x1024.jpg 1536w, https:\/\/afgassurancesmadagascar.com\/wp-content\/uploads\/2024\/10\/Qui-sommes-nous-2048x1365.jpg 2048w\" sizes=\"(max-width: 1024px) 100vw, 1024px\" \/>\t\t\t\t\t\t\t\t<\/a>\n\t\t\t\t\t\t\t\t\t\t\t\t\t\t\t<\/div>\n\t\t\t\t<\/div>\n\t\t\t\t\t<\/div>\n\t\t<\/div>\n\t\t\t\t<div class=\"elementor-column elementor-col-50 elementor-top-column elementor-element elementor-element-9a4ace2\" data-id=\"9a4ace2\" data-element_type=\"column\" data-e-type=\"column\" data-settings=\"{&quot;background_background&quot;:&quot;classic&quot;}\">\n\t\t\t<div class=\"elementor-widget-wrap elementor-element-populated\">\n\t\t\t\t\t\t<div class=\"elementor-element elementor-element-492c369 elementor-widget elementor-widget-heading\" data-id=\"492c369\" data-element_type=\"widget\" data-e-type=\"widget\" data-widget_type=\"heading.default\">\n\t\t\t\t<div class=\"elementor-widget-container\">\n\t\t\t\t\t<h2 class=\"elementor-heading-title elementor-size-default\">Qui sommes-nous ?<\/h2>\t\t\t\t<\/div>\n\t\t\t\t<\/div>\n\t\t\t\t<div class=\"elementor-element elementor-element-83f456a elementor-widget elementor-widget-text-editor\" data-id=\"83f456a\" data-element_type=\"widget\" data-e-type=\"widget\" data-widget_type=\"text-editor.default\">\n\t\t\t\t<div class=\"elementor-widget-container\">\n\t\t\t\t\t\t\t\t\t<p>AFG Assurances Madagascar est une entreprise d&#8217;assurance qui propose une gamme vari\u00e9e de produits et de services pour r\u00e9pondre aux besoins des particuliers et des entreprises \u00e0 Madagascar.\u00a0<\/p><p>Avec un engagement fort envers la satisfaction de ses clients, AFG Assurances Madagascar se distingue par sa proximit\u00e9, son \u00e9coute et son expertise&#8230;<\/p>\t\t\t\t\t\t\t\t<\/div>\n\t\t\t\t<\/div>\n\t\t\t\t<div class=\"elementor-element elementor-element-85768a8 elementor-mobile-align-center elementor-widget elementor-widget-button\" data-id=\"85768a8\" data-element_type=\"widget\" data-e-type=\"widget\" data-widget_type=\"button.default\">\n\t\t\t\t<div class=\"elementor-widget-container\">\n\t\t\t\t\t\t\t\t\t<div class=\"elementor-button-wrapper\">\n\t\t\t\t\t<a class=\"elementor-button elementor-button-link elementor-size-sm\" href=\"https:\/\/afgassurancesmadagascar.com\/qui-sommes-nous\/\">\n\t\t\t\t\t\t<span class=\"elementor-button-content-wrapper\">\n\t\t\t\t\t\t\t\t\t<span class=\"elementor-button-text\">EN SAVOIR PLUS<\/span>\n\t\t\t\t\t<\/span>\n\t\t\t\t\t<\/a>\n\t\t\t\t<\/div>\n\t\t\t\t\t\t\t\t<\/div>\n\t\t\t\t<\/div>\n\t\t\t\t\t<\/div>\n\t\t<\/div>\n\t\t\t\t\t<\/div>\n\t\t<\/section>\n\t\t\t\t<section class=\"elementor-section elementor-top-section elementor-element elementor-element-6fafe98 elementor-section-full_width elementor-section-stretched elementor-reverse-tablet elementor-reverse-mobile elementor-section-height-default elementor-section-height-default\" data-id=\"6fafe98\" data-element_type=\"section\" data-e-type=\"section\" data-settings=\"{&quot;stretch_section&quot;:&quot;section-stretched&quot;}\">\n\t\t\t\t\t\t<div class=\"elementor-container elementor-column-gap-no\">\n\t\t\t\t\t<div class=\"elementor-column elementor-col-50 elementor-top-column elementor-element elementor-element-d7c5b7c\" data-id=\"d7c5b7c\" data-element_type=\"column\" data-e-type=\"column\">\n\t\t\t<div class=\"elementor-widget-wrap elementor-element-populated\">\n\t\t\t\t\t\t<div class=\"elementor-element elementor-element-1532d7d elementor-widget elementor-widget-heading\" data-id=\"1532d7d\" data-element_type=\"widget\" data-e-type=\"widget\" data-widget_type=\"heading.default\">\n\t\t\t\t<div class=\"elementor-widget-container\">\n\t\t\t\t\t<h2 class=\"elementor-heading-title elementor-size-default\">Particuliers<\/h2>\t\t\t\t<\/div>\n\t\t\t\t<\/div>\n\t\t\t\t<div class=\"elementor-element elementor-element-d435b01 elementor-widget__width-initial elementor-widget elementor-widget-text-editor\" data-id=\"d435b01\" data-element_type=\"widget\" data-e-type=\"widget\" data-widget_type=\"text-editor.default\">\n\t\t\t\t<div class=\"elementor-widget-container\">\n\t\t\t\t\t\t\t\t\t<p>AFG AssurancesMadagascar, votre partenaire de confiance, vous accompagne au quotidien en vous proposant des solutions d&#8217;assurances sur mesure, adapt\u00e9es a vos besoins sp\u00e9cifiques. Que ce soit pour :<\/p><ul><li>L&#8217;assurance de vos biens<\/li><li>La protection de vos proches et de vous-m\u00eame<\/li><li>L&#8217;\u00e9pargne et la retraite<\/li><\/ul>\t\t\t\t\t\t\t\t<\/div>\n\t\t\t\t<\/div>\n\t\t\t\t<div class=\"elementor-element elementor-element-25e6d0b elementor-mobile-align-center elementor-widget elementor-widget-button\" data-id=\"25e6d0b\" data-element_type=\"widget\" data-e-type=\"widget\" data-widget_type=\"button.default\">\n\t\t\t\t<div class=\"elementor-widget-container\">\n\t\t\t\t\t\t\t\t\t<div class=\"elementor-button-wrapper\">\n\t\t\t\t\t<a class=\"elementor-button elementor-button-link elementor-size-sm\" href=\"https:\/\/afgassurancesmadagascar.com\/particuliers\/\">\n\t\t\t\t\t\t<span class=\"elementor-button-content-wrapper\">\n\t\t\t\t\t\t\t\t\t<span class=\"elementor-button-text\">EN SAVOIR PLUS<\/span>\n\t\t\t\t\t<\/span>\n\t\t\t\t\t<\/a>\n\t\t\t\t<\/div>\n\t\t\t\t\t\t\t\t<\/div>\n\t\t\t\t<\/div>\n\t\t\t\t\t<\/div>\n\t\t<\/div>\n\t\t\t\t<div class=\"elementor-column elementor-col-50 elementor-top-column elementor-element elementor-element-c9bae04\" data-id=\"c9bae04\" data-element_type=\"column\" data-e-type=\"column\">\n\t\t\t<div class=\"elementor-widget-wrap elementor-element-populated\">\n\t\t\t\t\t\t<div class=\"elementor-element elementor-element-dc97dac elementor-widget elementor-widget-image\" data-id=\"dc97dac\" data-element_type=\"widget\" data-e-type=\"widget\" data-widget_type=\"image.default\">\n\t\t\t\t<div class=\"elementor-widget-container\">\n\t\t\t\t\t\t\t\t\t\t\t\t\t\t\t\t<a href=\"https:\/\/afgassurancesmadagascar.com\/particuliers\/\">\n\t\t\t\t\t\t\t<img decoding=\"async\" width=\"1024\" height=\"683\" src=\"https:\/\/afgassurancesmadagascar.com\/wp-content\/uploads\/2024\/10\/particuliers-1024x683.jpg\" class=\"attachment-large size-large wp-image-31882\" alt=\"\" srcset=\"https:\/\/afgassurancesmadagascar.com\/wp-content\/uploads\/2024\/10\/particuliers-1024x683.jpg 1024w, https:\/\/afgassurancesmadagascar.com\/wp-content\/uploads\/2024\/10\/particuliers-300x200.jpg 300w, https:\/\/afgassurancesmadagascar.com\/wp-content\/uploads\/2024\/10\/particuliers-768x512.jpg 768w, https:\/\/afgassurancesmadagascar.com\/wp-content\/uploads\/2024\/10\/particuliers-1536x1024.jpg 1536w, https:\/\/afgassurancesmadagascar.com\/wp-content\/uploads\/2024\/10\/particuliers-2048x1365.jpg 2048w\" sizes=\"(max-width: 1024px) 100vw, 1024px\" \/>\t\t\t\t\t\t\t\t<\/a>\n\t\t\t\t\t\t\t\t\t\t\t\t\t\t\t<\/div>\n\t\t\t\t<\/div>\n\t\t\t\t\t<\/div>\n\t\t<\/div>\n\t\t\t\t\t<\/div>\n\t\t<\/section>\n\t\t\t\t<section class=\"elementor-section elementor-top-section elementor-element elementor-element-495a805 elementor-section-full_width elementor-section-height-default elementor-section-height-default\" data-id=\"495a805\" data-element_type=\"section\" data-e-type=\"section\">\n\t\t\t\t\t\t<div class=\"elementor-container elementor-column-gap-no\">\n\t\t\t\t\t<div class=\"elementor-column elementor-col-50 elementor-top-column elementor-element elementor-element-d30a3fd\" data-id=\"d30a3fd\" data-element_type=\"column\" data-e-type=\"column\">\n\t\t\t<div class=\"elementor-widget-wrap elementor-element-populated\">\n\t\t\t\t\t\t<div class=\"elementor-element elementor-element-2c570e4 elementor-widget elementor-widget-image\" data-id=\"2c570e4\" data-element_type=\"widget\" data-e-type=\"widget\" data-widget_type=\"image.default\">\n\t\t\t\t<div class=\"elementor-widget-container\">\n\t\t\t\t\t\t\t\t\t\t\t\t\t\t\t\t<a href=\"https:\/\/afgassurancesmadagascar.com\/professionnels-enterprises\/\">\n\t\t\t\t\t\t\t<img decoding=\"async\" width=\"1024\" height=\"683\" src=\"https:\/\/afgassurancesmadagascar.com\/wp-content\/uploads\/2024\/10\/Bloc-2-2-1024x683.jpg\" class=\"attachment-large size-large wp-image-31893\" alt=\"\" srcset=\"https:\/\/afgassurancesmadagascar.com\/wp-content\/uploads\/2024\/10\/Bloc-2-2-1024x683.jpg 1024w, https:\/\/afgassurancesmadagascar.com\/wp-content\/uploads\/2024\/10\/Bloc-2-2-300x200.jpg 300w, https:\/\/afgassurancesmadagascar.com\/wp-content\/uploads\/2024\/10\/Bloc-2-2-768x512.jpg 768w, https:\/\/afgassurancesmadagascar.com\/wp-content\/uploads\/2024\/10\/Bloc-2-2-1536x1024.jpg 1536w, https:\/\/afgassurancesmadagascar.com\/wp-content\/uploads\/2024\/10\/Bloc-2-2-2048x1365.jpg 2048w\" sizes=\"(max-width: 1024px) 100vw, 1024px\" \/>\t\t\t\t\t\t\t\t<\/a>\n\t\t\t\t\t\t\t\t\t\t\t\t\t\t\t<\/div>\n\t\t\t\t<\/div>\n\t\t\t\t\t<\/div>\n\t\t<\/div>\n\t\t\t\t<div class=\"elementor-column elementor-col-50 elementor-top-column elementor-element elementor-element-1f622d2\" data-id=\"1f622d2\" data-element_type=\"column\" data-e-type=\"column\">\n\t\t\t<div class=\"elementor-widget-wrap elementor-element-populated\">\n\t\t\t\t\t\t<div class=\"elementor-element elementor-element-d0e5ec9 elementor-widget elementor-widget-heading\" data-id=\"d0e5ec9\" data-element_type=\"widget\" data-e-type=\"widget\" data-widget_type=\"heading.default\">\n\t\t\t\t<div class=\"elementor-widget-container\">\n\t\t\t\t\t<h2 class=\"elementor-heading-title elementor-size-default\">Professionnels &amp; Entreprises<\/h2>\t\t\t\t<\/div>\n\t\t\t\t<\/div>\n\t\t\t\t<div class=\"elementor-element elementor-element-b550876 elementor-widget elementor-widget-text-editor\" data-id=\"b550876\" data-element_type=\"widget\" data-e-type=\"widget\" data-widget_type=\"text-editor.default\">\n\t\t\t\t<div class=\"elementor-widget-container\">\n\t\t\t\t\t\t\t\t\t<p>Chez AFG Assurances Madagascar, nous comprenons les enjeux uniques auxquels font faces les professionnels et les entreprises. Nous proposons des solutions d&#8217;assurance adapt\u00e9es pour prot\u00e9ger :<\/p><ul><li>\u00a0Vos biens<\/li><li>\u00a0Vos collaborateurs<\/li><li>\u00a0Vos responsabilit\u00e9s<\/li><\/ul>\t\t\t\t\t\t\t\t<\/div>\n\t\t\t\t<\/div>\n\t\t\t\t<div class=\"elementor-element elementor-element-53a2e80 elementor-mobile-align-center elementor-widget elementor-widget-button\" data-id=\"53a2e80\" data-element_type=\"widget\" data-e-type=\"widget\" data-widget_type=\"button.default\">\n\t\t\t\t<div class=\"elementor-widget-container\">\n\t\t\t\t\t\t\t\t\t<div class=\"elementor-button-wrapper\">\n\t\t\t\t\t<a class=\"elementor-button elementor-button-link elementor-size-sm\" href=\"https:\/\/afgassurancesmadagascar.com\/professionnels-enterprises\/\">\n\t\t\t\t\t\t<span class=\"elementor-button-content-wrapper\">\n\t\t\t\t\t\t\t\t\t<span class=\"elementor-button-text\">EN SAVOIR PLUS<\/span>\n\t\t\t\t\t<\/span>\n\t\t\t\t\t<\/a>\n\t\t\t\t<\/div>\n\t\t\t\t\t\t\t\t<\/div>\n\t\t\t\t<\/div>\n\t\t\t\t\t<\/div>\n\t\t<\/div>\n\t\t\t\t\t<\/div>\n\t\t<\/section>\n\t\t\t\t<\/div>\n\t\t","protected":false},"excerpt":{"rendered":"<p>Bienvenue chez AFG Assurances MadagascarVoir plus Qui sommes-nous ? AFG Assurances Madagascar est une entreprise d&#8217;assurance qui propose une gamme vari\u00e9e de produits et de services pour r\u00e9pondre aux besoins des particuliers et des entreprises \u00e0 Madagascar.\u00a0 Avec un engagement fort envers la satisfaction de ses clients, AFG Assurances Madagascar se distingue par sa proximit\u00e9, [&hellip;]<\/p>\n","protected":false},"author":1,"featured_media":0,"parent":0,"menu_order":0,"comment_status":"closed","ping_status":"closed","template":"elementor_header_footer","meta":{"_acf_changed":false,"footnotes":""},"class_list":["post-31304","page","type-page","status-publish","hentry"],"acf":[],"yoast_head":"<!-- This site is optimized with the Yoast SEO plugin v27.4 - https:\/\/yoast.com\/product\/yoast-seo-wordpress\/ -->\n<title>Home - AFG Assur Madagascar<\/title>\n<meta name=\"robots\" content=\"index, follow, max-snippet:-1, max-image-preview:large, max-video-preview:-1\" \/>\n<link rel=\"canonical\" href=\"https:\/\/afgassurancesmadagascar.com\/\" \/>\n<meta property=\"og:locale\" content=\"en_US\" \/>\n<meta property=\"og:type\" content=\"article\" \/>\n<meta property=\"og:title\" content=\"Home - AFG Assur Madagascar\" \/>\n<meta property=\"og:description\" content=\"Bienvenue chez AFG Assurances MadagascarVoir plus Qui sommes-nous ? AFG Assurances Madagascar est une entreprise d&#8217;assurance qui propose une gamme vari\u00e9e de produits et de services pour r\u00e9pondre aux besoins des particuliers et des entreprises \u00e0 Madagascar.\u00a0 Avec un engagement fort envers la satisfaction de ses clients, AFG Assurances Madagascar se distingue par sa proximit\u00e9, [&hellip;]\" \/>\n<meta property=\"og:url\" content=\"https:\/\/afgassurancesmadagascar.com\/\" \/>\n<meta property=\"og:site_name\" content=\"AFG Assur Madagascar\" \/>\n<meta property=\"article:modified_time\" content=\"2026-04-14T10:44:45+00:00\" \/>\n<meta property=\"og:image\" content=\"https:\/\/afgassurancesmadagascar.com\/wp-content\/uploads\/2024\/10\/Qui-sommes-nous-scaled.jpg\" \/>\n\t<meta property=\"og:image:width\" content=\"2560\" \/>\n\t<meta property=\"og:image:height\" content=\"1707\" \/>\n\t<meta property=\"og:image:type\" content=\"image\/jpeg\" \/>\n<meta name=\"twitter:card\" content=\"summary_large_image\" \/>\n<meta name=\"twitter:label1\" content=\"Est. reading time\" \/>\n\t<meta name=\"twitter:data1\" content=\"2 minutes\" \/>\n<script type=\"application\/ld+json\" class=\"yoast-schema-graph\">{\"@context\":\"https:\\\/\\\/schema.org\",\"@graph\":[{\"@type\":\"WebPage\",\"@id\":\"https:\\\/\\\/afgassurancesmadagascar.com\\\/\",\"url\":\"https:\\\/\\\/afgassurancesmadagascar.com\\\/\",\"name\":\"Home - AFG Assur Madagascar\",\"isPartOf\":{\"@id\":\"https:\\\/\\\/afgassurancesmadagascar.com\\\/#website\"},\"primaryImageOfPage\":{\"@id\":\"https:\\\/\\\/afgassurancesmadagascar.com\\\/#primaryimage\"},\"image\":{\"@id\":\"https:\\\/\\\/afgassurancesmadagascar.com\\\/#primaryimage\"},\"thumbnailUrl\":\"https:\\\/\\\/afgassurancesmadagascar.com\\\/wp-content\\\/uploads\\\/2024\\\/10\\\/Qui-sommes-nous-1024x683.jpg\",\"datePublished\":\"2022-12-01T06:50:11+00:00\",\"dateModified\":\"2026-04-14T10:44:45+00:00\",\"breadcrumb\":{\"@id\":\"https:\\\/\\\/afgassurancesmadagascar.com\\\/#breadcrumb\"},\"inLanguage\":\"en-US\",\"potentialAction\":[{\"@type\":\"ReadAction\",\"target\":[\"https:\\\/\\\/afgassurancesmadagascar.com\\\/\"]}]},{\"@type\":\"ImageObject\",\"inLanguage\":\"en-US\",\"@id\":\"https:\\\/\\\/afgassurancesmadagascar.com\\\/#primaryimage\",\"url\":\"https:\\\/\\\/afgassurancesmadagascar.com\\\/wp-content\\\/uploads\\\/2024\\\/10\\\/Qui-sommes-nous-1024x683.jpg\",\"contentUrl\":\"https:\\\/\\\/afgassurancesmadagascar.com\\\/wp-content\\\/uploads\\\/2024\\\/10\\\/Qui-sommes-nous-1024x683.jpg\"},{\"@type\":\"BreadcrumbList\",\"@id\":\"https:\\\/\\\/afgassurancesmadagascar.com\\\/#breadcrumb\",\"itemListElement\":[{\"@type\":\"ListItem\",\"position\":1,\"name\":\"Accueil\",\"item\":\"https:\\\/\\\/afgassurancesmadagascar.com\\\/\"},{\"@type\":\"ListItem\",\"position\":2,\"name\":\"Home\"}]},{\"@type\":\"WebSite\",\"@id\":\"https:\\\/\\\/afgassurancesmadagascar.com\\\/#website\",\"url\":\"https:\\\/\\\/afgassurancesmadagascar.com\\\/\",\"name\":\"AFG Assur Madagascar\",\"description\":\"...Et tout devient possible\",\"publisher\":{\"@id\":\"https:\\\/\\\/afgassurancesmadagascar.com\\\/#organization\"},\"potentialAction\":[{\"@type\":\"SearchAction\",\"target\":{\"@type\":\"EntryPoint\",\"urlTemplate\":\"https:\\\/\\\/afgassurancesmadagascar.com\\\/?s={search_term_string}\"},\"query-input\":{\"@type\":\"PropertyValueSpecification\",\"valueRequired\":true,\"valueName\":\"search_term_string\"}}],\"inLanguage\":\"en-US\"},{\"@type\":\"Organization\",\"@id\":\"https:\\\/\\\/afgassurancesmadagascar.com\\\/#organization\",\"name\":\"AFG Assur Madagascar\",\"url\":\"https:\\\/\\\/afgassurancesmadagascar.com\\\/\",\"logo\":{\"@type\":\"ImageObject\",\"inLanguage\":\"en-US\",\"@id\":\"https:\\\/\\\/afgassurancesmadagascar.com\\\/#\\\/schema\\\/logo\\\/image\\\/\",\"url\":\"https:\\\/\\\/afgassurancesmadagascar.com\\\/wp-content\\\/uploads\\\/2022\\\/08\\\/AFJ.png\",\"contentUrl\":\"https:\\\/\\\/afgassurancesmadagascar.com\\\/wp-content\\\/uploads\\\/2022\\\/08\\\/AFJ.png\",\"width\":482,\"height\":117,\"caption\":\"AFG Assur Madagascar\"},\"image\":{\"@id\":\"https:\\\/\\\/afgassurancesmadagascar.com\\\/#\\\/schema\\\/logo\\\/image\\\/\"}}]}<\/script>\n<!-- \/ Yoast SEO plugin. -->","yoast_head_json":{"title":"Home - AFG Assur Madagascar","robots":{"index":"index","follow":"follow","max-snippet":"max-snippet:-1","max-image-preview":"max-image-preview:large","max-video-preview":"max-video-preview:-1"},"canonical":"https:\/\/afgassurancesmadagascar.com\/","og_locale":"en_US","og_type":"article","og_title":"Home - AFG Assur Madagascar","og_description":"Bienvenue chez AFG Assurances MadagascarVoir plus Qui sommes-nous ? AFG Assurances Madagascar est une entreprise d&#8217;assurance qui propose une gamme vari\u00e9e de produits et de services pour r\u00e9pondre aux besoins des particuliers et des entreprises \u00e0 Madagascar.\u00a0 Avec un engagement fort envers la satisfaction de ses clients, AFG Assurances Madagascar se distingue par sa proximit\u00e9, [&hellip;]","og_url":"https:\/\/afgassurancesmadagascar.com\/","og_site_name":"AFG Assur Madagascar","article_modified_time":"2026-04-14T10:44:45+00:00","og_image":[{"width":2560,"height":1707,"url":"https:\/\/afgassurancesmadagascar.com\/wp-content\/uploads\/2024\/10\/Qui-sommes-nous-scaled.jpg","type":"image\/jpeg"}],"twitter_card":"summary_large_image","twitter_misc":{"Est. reading time":"2 minutes"},"schema":{"@context":"https:\/\/schema.org","@graph":[{"@type":"WebPage","@id":"https:\/\/afgassurancesmadagascar.com\/","url":"https:\/\/afgassurancesmadagascar.com\/","name":"Home - AFG Assur Madagascar","isPartOf":{"@id":"https:\/\/afgassurancesmadagascar.com\/#website"},"primaryImageOfPage":{"@id":"https:\/\/afgassurancesmadagascar.com\/#primaryimage"},"image":{"@id":"https:\/\/afgassurancesmadagascar.com\/#primaryimage"},"thumbnailUrl":"https:\/\/afgassurancesmadagascar.com\/wp-content\/uploads\/2024\/10\/Qui-sommes-nous-1024x683.jpg","datePublished":"2022-12-01T06:50:11+00:00","dateModified":"2026-04-14T10:44:45+00:00","breadcrumb":{"@id":"https:\/\/afgassurancesmadagascar.com\/#breadcrumb"},"inLanguage":"en-US","potentialAction":[{"@type":"ReadAction","target":["https:\/\/afgassurancesmadagascar.com\/"]}]},{"@type":"ImageObject","inLanguage":"en-US","@id":"https:\/\/afgassurancesmadagascar.com\/#primaryimage","url":"https:\/\/afgassurancesmadagascar.com\/wp-content\/uploads\/2024\/10\/Qui-sommes-nous-1024x683.jpg","contentUrl":"https:\/\/afgassurancesmadagascar.com\/wp-content\/uploads\/2024\/10\/Qui-sommes-nous-1024x683.jpg"},{"@type":"BreadcrumbList","@id":"https:\/\/afgassurancesmadagascar.com\/#breadcrumb","itemListElement":[{"@type":"ListItem","position":1,"name":"Accueil","item":"https:\/\/afgassurancesmadagascar.com\/"},{"@type":"ListItem","position":2,"name":"Home"}]},{"@type":"WebSite","@id":"https:\/\/afgassurancesmadagascar.com\/#website","url":"https:\/\/afgassurancesmadagascar.com\/","name":"AFG Assur Madagascar","description":"...Et tout devient possible","publisher":{"@id":"https:\/\/afgassurancesmadagascar.com\/#organization"},"potentialAction":[{"@type":"SearchAction","target":{"@type":"EntryPoint","urlTemplate":"https:\/\/afgassurancesmadagascar.com\/?s={search_term_string}"},"query-input":{"@type":"PropertyValueSpecification","valueRequired":true,"valueName":"search_term_string"}}],"inLanguage":"en-US"},{"@type":"Organization","@id":"https:\/\/afgassurancesmadagascar.com\/#organization","name":"AFG Assur Madagascar","url":"https:\/\/afgassurancesmadagascar.com\/","logo":{"@type":"ImageObject","inLanguage":"en-US","@id":"https:\/\/afgassurancesmadagascar.com\/#\/schema\/logo\/image\/","url":"https:\/\/afgassurancesmadagascar.com\/wp-content\/uploads\/2022\/08\/AFJ.png","contentUrl":"https:\/\/afgassurancesmadagascar.com\/wp-content\/uploads\/2022\/08\/AFJ.png","width":482,"height":117,"caption":"AFG Assur Madagascar"},"image":{"@id":"https:\/\/afgassurancesmadagascar.com\/#\/schema\/logo\/image\/"}}]}},"_links":{"self":[{"href":"https:\/\/afgassurancesmadagascar.com\/en\/wp-json\/wp\/v2\/pages\/31304","targetHints":{"allow":["GET"]}}],"collection":[{"href":"https:\/\/afgassurancesmadagascar.com\/en\/wp-json\/wp\/v2\/pages"}],"about":[{"href":"https:\/\/afgassurancesmadagascar.com\/en\/wp-json\/wp\/v2\/types\/page"}],"author":[{"embeddable":true,"href":"https:\/\/afgassurancesmadagascar.com\/en\/wp-json\/wp\/v2\/users\/1"}],"replies":[{"embeddable":true,"href":"https:\/\/afgassurancesmadagascar.com\/en\/wp-json\/wp\/v2\/comments?post=31304"}],"version-history":[{"count":232,"href":"https:\/\/afgassurancesmadagascar.com\/en\/wp-json\/wp\/v2\/pages\/31304\/revisions"}],"predecessor-version":[{"id":67154,"href":"https:\/\/afgassurancesmadagascar.com\/en\/wp-json\/wp\/v2\/pages\/31304\/revisions\/67154"}],"wp:attachment":[{"href":"https:\/\/afgassurancesmadagascar.com\/en\/wp-json\/wp\/v2\/media?parent=31304"}],"curies":[{"name":"wp","href":"https:\/\/api.w.org\/{rel}","templated":true}]}}